{"id":58,"date":"2022-07-08T09:30:08","date_gmt":"2022-07-08T09:30:08","guid":{"rendered":"https:\/\/www.lesportscorses.com\/ajaccio\/?page_id=58"},"modified":"2022-12-09T16:21:11","modified_gmt":"2022-12-09T16:21:11","slug":"services-portuaires","status":"publish","type":"page","link":"https:\/\/www.lesportscorses.com\/ajaccio\/services-portuaires\/","title":{"rendered":"Services portuaires"},"content":{"rendered":"<p>[et_pb_section fb_built=&#8221;1&#8243; admin_label=&#8221;section&#8221; _builder_version=&#8221;4.17.4&#8243; _module_preset=&#8221;default&#8221; background_image=&#8221;https:\/\/www.lesportscorses.com\/ajaccio\/wp-content\/uploads\/2022\/11\/Capture-decran-2022-11-14-a-11.20.351.jpg&#8221; min_height=&#8221;400px&#8221; max_height=&#8221;1000px&#8221; custom_margin=&#8221;||-1px||false|false&#8221; locked=&#8221;off&#8221; global_colors_info=&#8221;{}&#8221;][\/et_pb_section][et_pb_section fb_built=&#8221;1&#8243; _builder_version=&#8221;4.17.4&#8243; _module_preset=&#8221;default&#8221; global_colors_info=&#8221;{}&#8221;][et_pb_row _builder_version=&#8221;4.17.6&#8243; _module_preset=&#8221;default&#8221; global_colors_info=&#8221;{}&#8221;][et_pb_column type=&#8221;4_4&#8243; _builder_version=&#8221;4.17.6&#8243; _module_preset=&#8221;default&#8221; global_colors_info=&#8221;{}&#8221;][et_pb_text _builder_version=&#8221;4.17.4&#8243; _module_preset=&#8221;default&#8221; text_font=&#8221;Poppins|700|||||||&#8221; text_text_color=&#8221;#22ad9d&#8221; text_font_size=&#8221;41px&#8221; custom_margin=&#8221;||37px||false|false&#8221; text_font_size_tablet=&#8221;41px&#8221; text_font_size_phone=&#8221;26px&#8221; text_font_size_last_edited=&#8221;on|phone&#8221; global_colors_info=&#8221;{}&#8221;]<\/p>\n<p>SERVICES PORTUAIRES<\/p>\n<p>[\/et_pb_text][et_pb_text _builder_version=&#8221;4.17.4&#8243; _module_preset=&#8221;default&#8221; text_font=&#8221;Poppins|300|||||||&#8221; text_text_color=&#8221;#464647&#8243; text_font_size=&#8221;18px&#8221; text_letter_spacing=&#8221;1px&#8221; text_line_height=&#8221;1em&#8221; text_orientation=&#8221;center&#8221; custom_margin=&#8221;10px||30px||false|false&#8221; animation_style=&#8221;slide&#8221; animation_direction=&#8221;left&#8221; animation_duration=&#8221;1150ms&#8221; animation_delay=&#8221;650ms&#8221; animation_intensity_slide=&#8221;33%&#8221; animation_starting_opacity=&#8221;5%&#8221; locked=&#8221;off&#8221; global_colors_info=&#8221;{}&#8221;]<\/p>\n<p style=\"text-align: left;\">Retrouvez les services portuaires \u00e0 votre disposition lors de votre s\u00e9jour<\/p>\n<p>[\/et_pb_text][et_pb_divider _builder_version=&#8221;4.17.6&#8243; _module_preset=&#8221;default&#8221; global_colors_info=&#8221;{}&#8221;][\/et_pb_divider][\/et_pb_column][\/et_pb_row][\/et_pb_section][et_pb_section fb_built=&#8221;1&#8243; _builder_version=&#8221;4.17.4&#8243; _module_preset=&#8221;default&#8221; background_color=&#8221;#ffffff&#8221; custom_margin=&#8221;-70px|||||&#8221; global_colors_info=&#8221;{}&#8221;][et_pb_row column_structure=&#8221;1_3,1_3,1_3&#8243; _builder_version=&#8221;4.17.4&#8243; _module_preset=&#8221;default&#8221; global_colors_info=&#8221;{}&#8221;][et_pb_column type=&#8221;1_3&#8243; _builder_version=&#8221;4.17.4&#8243; _module_preset=&#8221;default&#8221; use_background_color_gradient=&#8221;on&#8221; background_color_gradient_direction=&#8221;234deg&#8221; background_color_gradient_stops=&#8221;#f9f9f9 0%|#f9f9f9 100%&#8221; custom_padding=&#8221;29px|30px|29px|30px|true|true&#8221; border_radii=&#8221;on|20px|20px|20px|20px&#8221; box_shadow_style=&#8221;preset1&#8243; box_shadow_spread=&#8221;-7px&#8221; global_colors_info=&#8221;{}&#8221; box_shadow_spread__hover_enabled=&#8221;on|hover&#8221; box_shadow_spread__hover=&#8221;-4px&#8221; transform_styles__hover_enabled=&#8221;on|hover&#8221; transform_scale__hover_enabled=&#8221;on|hover&#8221; transform_translate__hover_enabled=&#8221;on|hover&#8221; transform_rotate__hover_enabled=&#8221;on|hover&#8221; transform_skew__hover_enabled=&#8221;on|hover&#8221; transform_origin__hover_enabled=&#8221;on|hover&#8221; transform_scale__hover=&#8221;102%|102%&#8221;][et_pb_image src=&#8221;https:\/\/www.lesportscorses.com\/ajaccio\/wp-content\/uploads\/2022\/07\/Picto-me\u0301te\u0301o-V2-e1655474143661.png&#8221; title_text=&#8221;Picto me\u0301te\u0301o V2&#8243; align=&#8221;center&#8221; _builder_version=&#8221;4.17.4&#8243; _module_preset=&#8221;default&#8221; width=&#8221;45%&#8221; global_colors_info=&#8221;{}&#8221;][\/et_pb_image][et_pb_text _builder_version=&#8221;4.17.4&#8243; _module_preset=&#8221;default&#8221; text_font=&#8221;Poppins|700|||||||&#8221; text_text_color=&#8221;#22AD9D&#8221; text_font_size=&#8221;18px&#8221; custom_margin=&#8221;0px||5px||false|false&#8221; global_colors_info=&#8221;{}&#8221;]<\/p>\n<p style=\"text-align: center;\">M\u00c9T\u00c9O<\/p>\n<p>[\/et_pb_text][et_pb_text _builder_version=&#8221;4.17.4&#8243; _module_preset=&#8221;default&#8221; text_font=&#8221;ABeeZee|300|||||||&#8221; custom_margin=&#8221;25px||25px||false|false&#8221; global_colors_info=&#8221;{}&#8221;]<\/p>\n<div class=\"wpb_text_column wpb_content_element \">\n<div class=\"wpb_wrapper\">\n<ul>\n<li>Le bulletin m\u00e9t\u00e9o est mis \u00e0 jour tous les jours \u00e0 partir de 7h30 en capitainerie et sur l&#8217;application mobile du port.<\/li>\n<li>Vous pouvez \u00e9galement consulter ce lien:<\/li>\n<\/ul>\n<\/div>\n<\/div>\n<p>[\/et_pb_text][et_pb_button button_url=&#8221;https:\/\/marine.meteoconsult.fr\/meteo-marine\/bulletin-detaille\/port-4718\/previsions-meteo-ajaccio-charles-ornano-aujourdhui&#8221; url_new_window=&#8221;on&#8221; button_text=&#8221;CONSULTER LA M\u00c9T\u00c9O&#8221; button_alignment=&#8221;center&#8221; _builder_version=&#8221;4.17.4&#8243; _module_preset=&#8221;default&#8221; custom_button=&#8221;on&#8221; button_text_size=&#8221;15px&#8221; button_text_color=&#8221;#ffffff&#8221; button_bg_color=&#8221;#22AD9D&#8221; button_border_color=&#8221;#22AD9D&#8221; button_border_radius=&#8221;15px&#8221; button_letter_spacing=&#8221;1px&#8221; button_font=&#8221;Montserrat|600|||||||&#8221; button_icon=&#8221;&#xf0c2;||fa||900&#8243; custom_margin=&#8221;38px||38px||true|false&#8221; global_colors_info=&#8221;{}&#8221;][\/et_pb_button][\/et_pb_column][et_pb_column type=&#8221;1_3&#8243; _builder_version=&#8221;4.17.4&#8243; _module_preset=&#8221;default&#8221; use_background_color_gradient=&#8221;on&#8221; background_color_gradient_direction=&#8221;234deg&#8221; background_color_gradient_stops=&#8221;#f9f9f9 0%|#f9f9f9 100%&#8221; custom_padding=&#8221;29px|30px|29px|30px|true|true&#8221; border_radii=&#8221;on|20px|20px|20px|20px&#8221; box_shadow_style=&#8221;preset1&#8243; box_shadow_spread=&#8221;-7px&#8221; global_colors_info=&#8221;{}&#8221; box_shadow_spread__hover_enabled=&#8221;on|hover&#8221; box_shadow_spread__hover=&#8221;-4px&#8221; transform_styles__hover_enabled=&#8221;on|hover&#8221; transform_scale__hover_enabled=&#8221;on|hover&#8221; transform_translate__hover_enabled=&#8221;on|hover&#8221; transform_rotate__hover_enabled=&#8221;on|hover&#8221; transform_skew__hover_enabled=&#8221;on|hover&#8221; transform_origin__hover_enabled=&#8221;on|hover&#8221; transform_scale__hover=&#8221;102%|102%&#8221;][et_pb_image src=&#8221;https:\/\/www.lesportscorses.com\/ajaccio\/wp-content\/uploads\/2022\/07\/Picto-eau-e\u0301lectricite\u0301-V2-1-e1655474313471.png&#8221; alt=&#8221;Picto eau e\u0301lectricite\u0301&#8221; title_text=&#8221;Picto eau e\u0301lectricite\u0301&#8221; align=&#8221;center&#8221; _builder_version=&#8221;4.17.4&#8243; _module_preset=&#8221;default&#8221; width=&#8221;45%&#8221; global_colors_info=&#8221;{}&#8221;][\/et_pb_image][et_pb_text _builder_version=&#8221;4.17.4&#8243; _module_preset=&#8221;default&#8221; text_font=&#8221;Poppins|700|||||||&#8221; text_text_color=&#8221;#22AD9D&#8221; text_font_size=&#8221;18px&#8221; custom_margin=&#8221;0px||5px||false|false&#8221; global_colors_info=&#8221;{}&#8221;]<\/p>\n<p style=\"text-align: center;\">EAU \/ \u00c9LECTRICIT\u00c9<\/p>\n<p>[\/et_pb_text][et_pb_text _builder_version=&#8221;4.17.4&#8243; _module_preset=&#8221;default&#8221; text_font=&#8221;ABeeZee|300|||||||&#8221; custom_margin=&#8221;24px||194px||false|false&#8221; global_colors_info=&#8221;{}&#8221;]<\/p>\n<ul>\n<li>Le port met \u00e0 disposition l\u2019eau courante ainsi que des bornes \u00e9lectriques jusqu\u2019\u00e0 32A.<\/li>\n<\/ul>\n<p>[\/et_pb_text][\/et_pb_column][et_pb_column type=&#8221;1_3&#8243; _builder_version=&#8221;4.17.4&#8243; _module_preset=&#8221;default&#8221; use_background_color_gradient=&#8221;on&#8221; background_color_gradient_direction=&#8221;234deg&#8221; background_color_gradient_stops=&#8221;#f9f9f9 0%|#f9f9f9 100%&#8221; custom_padding=&#8221;29px|30px|29px|30px|true|true&#8221; border_radii=&#8221;on|20px|20px|20px|20px&#8221; box_shadow_style=&#8221;preset1&#8243; box_shadow_spread=&#8221;-7px&#8221; global_colors_info=&#8221;{}&#8221; box_shadow_spread__hover_enabled=&#8221;on|hover&#8221; box_shadow_spread__hover=&#8221;-4px&#8221; transform_styles__hover_enabled=&#8221;on|hover&#8221; transform_scale__hover_enabled=&#8221;on|hover&#8221; transform_translate__hover_enabled=&#8221;on|hover&#8221; transform_rotate__hover_enabled=&#8221;on|hover&#8221; transform_skew__hover_enabled=&#8221;on|hover&#8221; transform_origin__hover_enabled=&#8221;on|hover&#8221; transform_scale__hover=&#8221;102%|102%&#8221;][et_pb_image src=&#8221;https:\/\/www.lesportscorses.com\/ajaccio\/wp-content\/uploads\/2022\/11\/picto-services-mecaniques-1.png&#8221; alt=&#8221;services portuaires port ajaccio&#8221; title_text=&#8221;picto-services-mecaniques&#8221; align=&#8221;center&#8221; _builder_version=&#8221;4.17.4&#8243; _module_preset=&#8221;default&#8221; width=&#8221;45%&#8221; global_colors_info=&#8221;{}&#8221;][\/et_pb_image][et_pb_text _builder_version=&#8221;4.17.4&#8243; _module_preset=&#8221;default&#8221; text_font=&#8221;Poppins|700||on|||||&#8221; text_text_color=&#8221;#22AD9D&#8221; text_font_size=&#8221;18px&#8221; text_line_height=&#8221;0.4em&#8221; text_orientation=&#8221;center&#8221; custom_margin=&#8221;21px||33px||false|false&#8221; global_colors_info=&#8221;{}&#8221;]<\/p>\n<p>Interventions<\/p>\n<p>m\u00e9caniques<\/p>\n<p>[\/et_pb_text][et_pb_text _builder_version=&#8221;4.17.4&#8243; _module_preset=&#8221;default&#8221; text_font=&#8221;ABeeZee|300|||||||&#8221; custom_margin=&#8221;-5px||180px||false|false&#8221; global_colors_info=&#8221;{}&#8221;]<\/p>\n<div class=\"elementor-element elementor-element-1901eb6 elementor-widget elementor-widget-text-editor\" data-id=\"1901eb6\" data-element_type=\"widget\" data-widget_type=\"text-editor.default\">\n<div class=\"elementor-widget-container\">\n<div class=\"elementor-text-editor elementor-clearfix\">\n<ul>\n<li style=\"text-align: left;\">Le port dispose d\u2019une zone de car\u00e9nage avec des grues de levage jusqu\u2019\u00e0 50T.<\/li>\n<\/ul>\n<\/div>\n<\/div>\n<\/div>\n<p>[\/et_pb_text][\/et_pb_column][\/et_pb_row][et_pb_row column_structure=&#8221;1_4,1_4,1_4,1_4&#8243; _builder_version=&#8221;4.17.4&#8243; _module_preset=&#8221;default&#8221; global_colors_info=&#8221;{}&#8221;][et_pb_column type=&#8221;1_4&#8243; _builder_version=&#8221;4.17.4&#8243; _module_preset=&#8221;default&#8221; use_background_color_gradient=&#8221;on&#8221; background_color_gradient_direction=&#8221;234deg&#8221; background_color_gradient_stops=&#8221;#f9f9f9 0%|#f9f9f9 100%&#8221; custom_padding=&#8221;29px|30px|29px|30px|true|true&#8221; border_radii=&#8221;on|20px|20px|20px|20px&#8221; box_shadow_style=&#8221;preset1&#8243; box_shadow_spread=&#8221;-7px&#8221; global_colors_info=&#8221;{}&#8221; box_shadow_spread__hover_enabled=&#8221;on|hover&#8221; box_shadow_spread__hover=&#8221;-4px&#8221; transform_styles__hover_enabled=&#8221;on|hover&#8221; transform_scale__hover_enabled=&#8221;on|hover&#8221; transform_translate__hover_enabled=&#8221;on|hover&#8221; transform_rotate__hover_enabled=&#8221;on|hover&#8221; transform_skew__hover_enabled=&#8221;on|hover&#8221; transform_origin__hover_enabled=&#8221;on|hover&#8221; transform_scale__hover=&#8221;102%|102%&#8221;][et_pb_image src=&#8221;https:\/\/www.lesportscorses.com\/ajaccio\/wp-content\/uploads\/2022\/07\/Wifi-picto-v2-e1655474358669.png&#8221; alt=&#8221;Wifi picto&#8221; title_text=&#8221;Wifi picto&#8221; align=&#8221;center&#8221; _builder_version=&#8221;4.17.4&#8243; _module_preset=&#8221;default&#8221; width=&#8221;45%&#8221; global_colors_info=&#8221;{}&#8221;][\/et_pb_image][et_pb_text _builder_version=&#8221;4.17.4&#8243; _module_preset=&#8221;default&#8221; text_font=&#8221;Poppins|700|||||||&#8221; text_text_color=&#8221;#22AD9D&#8221; text_font_size=&#8221;17px&#8221; custom_margin=&#8221;||2px||false|false&#8221; global_colors_info=&#8221;{}&#8221;]<\/p>\n<p style=\"text-align: center;\">WI-FI<\/p>\n<p>[\/et_pb_text][et_pb_text _builder_version=&#8221;4.17.4&#8243; _module_preset=&#8221;default&#8221; text_font=&#8221;ABeeZee|300|||||||&#8221; custom_margin=&#8221;38px||44px||false|false&#8221; custom_padding=&#8221;0px|||||&#8221; global_colors_info=&#8221;{}&#8221;]<\/p>\n<div class=\"wpb_text_column wpb_content_element \">\n<div class=\"wpb_wrapper\">\n<section class=\"elementor-section elementor-top-section elementor-element elementor-element-886e887 elementor-section-boxed elementor-section-height-default elementor-section-height-default\" data-id=\"886e887\" data-element_type=\"section\">\n<div class=\"elementor-container elementor-column-gap-default\">\n<div class=\"elementor-row\">\n<div class=\"elementor-column elementor-col-33 elementor-top-column elementor-element elementor-element-789dc81\" data-id=\"789dc81\" data-element_type=\"column\">\n<div class=\"elementor-column-wrap elementor-element-populated\">\n<div class=\"elementor-widget-wrap\">\n<div class=\"elementor-element elementor-element-69e08c1 elementor-widget elementor-widget-text-editor\" data-id=\"69e08c1\" data-element_type=\"widget\" data-widget_type=\"text-editor.default\">\n<div class=\"elementor-widget-container\">\n<div class=\"elementor-text-editor elementor-clearfix\">\n<p>&nbsp;<\/p>\n<ul>\n<li>La Communaut\u00e9 d\u2019Agglom\u00e9ration du Pays Ajaccien met \u00e0 disposition un Wifi gratuit disponible pour tous.<\/li>\n<\/ul>\n<\/div>\n<\/div>\n<\/div>\n<\/div>\n<\/div>\n<\/div>\n<\/div>\n<\/div>\n<\/section>\n<section class=\"elementor-section elementor-top-section elementor-element elementor-element-8c78d44 elementor-section-boxed elementor-section-height-default elementor-section-height-default\" data-id=\"8c78d44\" data-element_type=\"section\">\n<div class=\"elementor-container elementor-column-gap-default\">\n<div class=\"elementor-row\">\n<div class=\"elementor-column elementor-col-33 elementor-top-column elementor-element elementor-element-1f30e62\" data-id=\"1f30e62\" data-element_type=\"column\">\n<div class=\"elementor-column-wrap elementor-element-populated\">\n<div class=\"elementor-widget-wrap\">\n<div class=\"elementor-element elementor-element-eadac0f elementor-view-framed elementor-shape-circle elementor-widget elementor-widget-icon\" data-id=\"eadac0f\" data-element_type=\"widget\" data-widget_type=\"icon.default\">\n<div class=\"elementor-widget-container\"><\/div>\n<\/div>\n<\/div>\n<\/div>\n<\/div>\n<\/div>\n<\/div>\n<\/section>\n<\/div>\n<\/div>\n<p>[\/et_pb_text][\/et_pb_column][et_pb_column type=&#8221;1_4&#8243; _builder_version=&#8221;4.17.4&#8243; _module_preset=&#8221;default&#8221; use_background_color_gradient=&#8221;on&#8221; background_color_gradient_direction=&#8221;234deg&#8221; background_color_gradient_stops=&#8221;#f9f9f9 0%|#f9f9f9 100%&#8221; custom_padding=&#8221;29px|30px|29px|30px|true|true&#8221; border_radii=&#8221;on|20px|20px|20px|20px&#8221; box_shadow_style=&#8221;preset1&#8243; box_shadow_spread=&#8221;-7px&#8221; global_colors_info=&#8221;{}&#8221; box_shadow_spread__hover_enabled=&#8221;on|hover&#8221; box_shadow_spread__hover=&#8221;-4px&#8221; transform_styles__hover_enabled=&#8221;on|hover&#8221; transform_scale__hover_enabled=&#8221;on|hover&#8221; transform_translate__hover_enabled=&#8221;on|hover&#8221; transform_rotate__hover_enabled=&#8221;on|hover&#8221; transform_skew__hover_enabled=&#8221;on|hover&#8221; transform_origin__hover_enabled=&#8221;on|hover&#8221; transform_scale__hover=&#8221;102%|102%&#8221;][et_pb_image src=&#8221;https:\/\/www.lesportscorses.com\/ajaccio\/wp-content\/uploads\/2022\/07\/Douche-et-sanitaire-v2-e1655474374739.png&#8221; alt=&#8221;Douche et sanitaire&#8221; title_text=&#8221;Douche et sanitaire&#8221; align=&#8221;center&#8221; _builder_version=&#8221;4.17.4&#8243; _module_preset=&#8221;default&#8221; width=&#8221;45%&#8221; global_colors_info=&#8221;{}&#8221;][\/et_pb_image][et_pb_text _builder_version=&#8221;4.17.4&#8243; _module_preset=&#8221;default&#8221; text_font=&#8221;Poppins|700|||||||&#8221; text_text_color=&#8221;#22AD9D&#8221; text_font_size=&#8221;17px&#8221; custom_margin=&#8221;||2px||false|false&#8221; hover_enabled=&#8221;0&#8243; global_colors_info=&#8221;{}&#8221; sticky_enabled=&#8221;0&#8243;]<\/p>\n<p style=\"text-align: center;\">SANITAIRES<\/p>\n<p>[\/et_pb_text][et_pb_text _builder_version=&#8221;4.17.4&#8243; _module_preset=&#8221;default&#8221; text_font=&#8221;ABeeZee|300|||||||&#8221; custom_margin=&#8221;25px||25px||true|false&#8221; global_colors_info=&#8221;{}&#8221;]<\/p>\n<div class=\"wpb_text_column wpb_content_element \">\n<div class=\"wpb_wrapper\">\n<ul>\n<li>Les sanitaires sont accessibles aux personnes \u00e0 mobilit\u00e9 r\u00e9duite.<\/li>\n<li>La capitainerie vous propose 11WC et 14 Douches ainsi qu\u2019une laverie.<\/li>\n<\/ul>\n<\/div>\n<\/div>\n<p>[\/et_pb_text][\/et_pb_column][et_pb_column type=&#8221;1_4&#8243; _builder_version=&#8221;4.17.4&#8243; _module_preset=&#8221;default&#8221; use_background_color_gradient=&#8221;on&#8221; background_color_gradient_direction=&#8221;234deg&#8221; background_color_gradient_stops=&#8221;#f9f9f9 0%|#f9f9f9 100%&#8221; custom_padding=&#8221;29px|30px|29px|30px|true|true&#8221; border_radii=&#8221;on|20px|20px|20px|20px&#8221; box_shadow_style=&#8221;preset1&#8243; box_shadow_spread=&#8221;-7px&#8221; global_colors_info=&#8221;{}&#8221; box_shadow_spread__hover_enabled=&#8221;on|hover&#8221; box_shadow_spread__hover=&#8221;-4px&#8221; transform_styles__hover_enabled=&#8221;on|hover&#8221; transform_scale__hover_enabled=&#8221;on|hover&#8221; transform_translate__hover_enabled=&#8221;on|hover&#8221; transform_rotate__hover_enabled=&#8221;on|hover&#8221; transform_skew__hover_enabled=&#8221;on|hover&#8221; transform_origin__hover_enabled=&#8221;on|hover&#8221; transform_scale__hover=&#8221;102%|102%&#8221;][et_pb_image src=&#8221;https:\/\/www.lesportscorses.com\/ajaccio\/wp-content\/uploads\/2022\/07\/Se\u0301curite\u0301-V2-e1655474383467.png&#8221; alt=&#8221;Se\u0301curite\u0301&#8221; title_text=&#8221;Se\u0301curite\u0301&#8221; align=&#8221;center&#8221; _builder_version=&#8221;4.17.4&#8243; _module_preset=&#8221;default&#8221; width=&#8221;45%&#8221; global_colors_info=&#8221;{}&#8221;][\/et_pb_image][et_pb_text _builder_version=&#8221;4.17.4&#8243; _module_preset=&#8221;default&#8221; text_font=&#8221;Poppins|700|||||||&#8221; text_text_color=&#8221;#22AD9D&#8221; text_font_size=&#8221;17px&#8221; custom_margin=&#8221;||2px||false|false&#8221; global_colors_info=&#8221;{}&#8221;]<\/p>\n<p style=\"text-align: center;\">S\u00c9CURIT\u00c9<\/p>\n<p>[\/et_pb_text][et_pb_text _builder_version=&#8221;4.17.4&#8243; _module_preset=&#8221;default&#8221; text_font=&#8221;ABeeZee|300|||||||&#8221; custom_margin=&#8221;39px||42px||false|false&#8221; global_colors_info=&#8221;{}&#8221;]<\/p>\n<div class=\"wpb_text_column wpb_content_element \">\n<div class=\"wpb_wrapper\">\n<div class=\"wpb_text_column wpb_content_element \">\n<div class=\"wpb_wrapper\">\n<ul>\n<li>\n<div class=\"elementor-element elementor-element-9323aaa elementor-widget elementor-widget-text-editor\" data-id=\"9323aaa\" data-element_type=\"widget\" data-widget_type=\"text-editor.default\">\n<div class=\"elementor-widget-container\">\n<div class=\"elementor-text-editor elementor-clearfix\">\n<p style=\"text-align: left;\">La s\u00e9curit\u00e9 du port est notre priorit\u00e9. Un vaste r\u00e9seau de cam\u00e9ra de surveillance est dispos\u00e9 afin de veiller \u00e0 la s\u00e9curit\u00e9 de tous.<\/p>\n<\/div>\n<\/div>\n<\/div>\n<\/li>\n<\/ul>\n<\/div>\n<\/div>\n<\/div>\n<\/div>\n<p>[\/et_pb_text][\/et_pb_column][et_pb_column type=&#8221;1_4&#8243; _builder_version=&#8221;4.17.4&#8243; _module_preset=&#8221;default&#8221; use_background_color_gradient=&#8221;on&#8221; background_color_gradient_direction=&#8221;234deg&#8221; background_color_gradient_stops=&#8221;#f9f9f9 0%|#f9f9f9 100%&#8221; custom_padding=&#8221;29px|30px|29px|30px|true|true&#8221; border_radii=&#8221;on|20px|20px|20px|20px&#8221; box_shadow_style=&#8221;preset1&#8243; box_shadow_spread=&#8221;-7px&#8221; global_colors_info=&#8221;{}&#8221; box_shadow_spread__hover_enabled=&#8221;on|hover&#8221; box_shadow_spread__hover=&#8221;-4px&#8221; transform_styles__hover_enabled=&#8221;on|hover&#8221; transform_scale__hover_enabled=&#8221;on|hover&#8221; transform_translate__hover_enabled=&#8221;on|hover&#8221; transform_rotate__hover_enabled=&#8221;on|hover&#8221; transform_skew__hover_enabled=&#8221;on|hover&#8221; transform_origin__hover_enabled=&#8221;on|hover&#8221; transform_scale__hover=&#8221;102%|102%&#8221;][et_pb_image src=&#8221;https:\/\/www.lesportscorses.com\/ajaccio\/wp-content\/uploads\/2022\/11\/picto-fuel.png&#8221; alt=&#8221;eaux use\u0301es&#8221; title_text=&#8221;picto-fuel&#8221; align=&#8221;center&#8221; _builder_version=&#8221;4.17.4&#8243; _module_preset=&#8221;default&#8221; width=&#8221;45%&#8221; global_colors_info=&#8221;{}&#8221;][\/et_pb_image][et_pb_text _builder_version=&#8221;4.17.4&#8243; _module_preset=&#8221;default&#8221; text_font=&#8221;Poppins|700|||||||&#8221; text_text_color=&#8221;#22AD9D&#8221; text_font_size=&#8221;17px&#8221; custom_margin=&#8221;18px||15px||false|false&#8221; global_colors_info=&#8221;{}&#8221;]<\/p>\n<p style=\"text-align: center;\">Carburant<\/p>\n<p>[\/et_pb_text][et_pb_text _builder_version=&#8221;4.17.4&#8243; _module_preset=&#8221;default&#8221; text_font=&#8221;ABeeZee|300|||||||&#8221; custom_margin=&#8221;9px||15px||false|false&#8221; global_colors_info=&#8221;{}&#8221;]<\/p>\n<ul>\n<li>Une station d\u2019avitaillement est disponible dans le port au niveau du ponton C. La station est ouverte 7j\/7 en saison et 24h\/24 en libre service par carte bleu.<\/li>\n<\/ul>\n<p>[\/et_pb_text][\/et_pb_column][\/et_pb_row][\/et_pb_section]<\/p>\n","protected":false},"excerpt":{"rendered":"<p>SERVICES PORTUAIRESRetrouvez les services portuaires \u00e0 votre disposition lors de votre s\u00e9jourM\u00c9T\u00c9O Le bulletin m\u00e9t\u00e9o est mis \u00e0 jour tous les jours \u00e0 partir de 7h30 en capitainerie et sur l&#8217;application mobile du port. Vous pouvez \u00e9galement consulter ce lien: EAU \/ \u00c9LECTRICIT\u00c9 Le port met \u00e0 disposition l\u2019eau courante ainsi que des bornes \u00e9lectriques [&hellip;]<\/p>\n","protected":false},"author":3,"featured_media":0,"parent":0,"menu_order":0,"comment_status":"closed","ping_status":"closed","template":"","meta":{"_et_pb_use_builder":"on","_et_pb_old_content":"","_et_gb_content_width":"","footnotes":""},"class_list":["post-58","page","type-page","status-publish","hentry"],"_links":{"self":[{"href":"https:\/\/www.lesportscorses.com\/ajaccio\/wp-json\/wp\/v2\/pages\/58","targetHints":{"allow":["GET"]}}],"collection":[{"href":"https:\/\/www.lesportscorses.com\/ajaccio\/wp-json\/wp\/v2\/pages"}],"about":[{"href":"https:\/\/www.lesportscorses.com\/ajaccio\/wp-json\/wp\/v2\/types\/page"}],"author":[{"embeddable":true,"href":"https:\/\/www.lesportscorses.com\/ajaccio\/wp-json\/wp\/v2\/users\/3"}],"replies":[{"embeddable":true,"href":"https:\/\/www.lesportscorses.com\/ajaccio\/wp-json\/wp\/v2\/comments?post=58"}],"version-history":[{"count":16,"href":"https:\/\/www.lesportscorses.com\/ajaccio\/wp-json\/wp\/v2\/pages\/58\/revisions"}],"predecessor-version":[{"id":1910,"href":"https:\/\/www.lesportscorses.com\/ajaccio\/wp-json\/wp\/v2\/pages\/58\/revisions\/1910"}],"wp:attachment":[{"href":"https:\/\/www.lesportscorses.com\/ajaccio\/wp-json\/wp\/v2\/media?parent=58"}],"curies":[{"name":"wp","href":"https:\/\/api.w.org\/{rel}","templated":true}]}}