{"id":765,"date":"2022-11-14T10:52:47","date_gmt":"2022-11-14T10:52:47","guid":{"rendered":"https:\/\/www.lesportscorses.com\/ajaccio\/?page_id=765"},"modified":"2022-11-24T08:00:23","modified_gmt":"2022-11-24T08:00:23","slug":"patrimoine","status":"publish","type":"page","link":"https:\/\/www.lesportscorses.com\/ajaccio\/patrimoine\/","title":{"rendered":"Patrimoine"},"content":{"rendered":"<p>[et_pb_section fb_built=&#8221;1&#8243; admin_label=&#8221;section&#8221; _builder_version=&#8221;4.17.4&#8243; _module_preset=&#8221;default&#8221; background_image=&#8221;https:\/\/www.lesportscorses.com\/ajaccio\/wp-content\/uploads\/2022\/07\/muse\u0301e-Fesh-1024&#215;766.jpg&#8221; background_position=&#8221;center_right&#8221; min_height=&#8221;400px&#8221; max_height=&#8221;1000px&#8221; custom_margin=&#8221;||-1px||false|false&#8221; hover_enabled=&#8221;0&#8243; locked=&#8221;off&#8221; global_colors_info=&#8221;{}&#8221; sticky_enabled=&#8221;0&#8243;][\/et_pb_section][et_pb_section fb_built=&#8221;1&#8243; _builder_version=&#8221;4.17.4&#8243; _module_preset=&#8221;default&#8221; custom_padding=&#8221;||0px|||&#8221; global_colors_info=&#8221;{}&#8221;][et_pb_row _builder_version=&#8221;4.17.6&#8243; _module_preset=&#8221;default&#8221; global_colors_info=&#8221;{}&#8221;][et_pb_column type=&#8221;4_4&#8243; _builder_version=&#8221;4.17.6&#8243; _module_preset=&#8221;default&#8221; global_colors_info=&#8221;{}&#8221;][et_pb_text _builder_version=&#8221;4.17.4&#8243; _module_preset=&#8221;default&#8221; text_font=&#8221;Poppins|700|||||||&#8221; text_text_color=&#8221;#22ad9d&#8221; text_font_size=&#8221;41px&#8221; custom_margin=&#8221;||37px||false|false&#8221; global_colors_info=&#8221;{}&#8221;]<\/p>\n<p>PATRIMOINE<\/p>\n<p>[\/et_pb_text][et_pb_text _builder_version=&#8221;4.17.4&#8243; _module_preset=&#8221;default&#8221; text_font=&#8221;Poppins|300|||||||&#8221; text_text_color=&#8221;#464647&#8243; text_font_size=&#8221;18px&#8221; text_letter_spacing=&#8221;1px&#8221; text_line_height=&#8221;1em&#8221; text_orientation=&#8221;center&#8221; custom_margin=&#8221;10px||30px||false|false&#8221; animation_style=&#8221;slide&#8221; animation_direction=&#8221;left&#8221; animation_duration=&#8221;1150ms&#8221; animation_delay=&#8221;650ms&#8221; animation_intensity_slide=&#8221;33%&#8221; animation_starting_opacity=&#8221;5%&#8221; locked=&#8221;off&#8221; global_colors_info=&#8221;{}&#8221;]<\/p>\n<p style=\"text-align: left;\">Retrouvez des lieux que nous vous proposons de visiter lors de votre s\u00e9jour dans notre port<\/p>\n<p>[\/et_pb_text][et_pb_divider _builder_version=&#8221;4.17.6&#8243; _module_preset=&#8221;default&#8221; global_colors_info=&#8221;{}&#8221;][\/et_pb_divider][\/et_pb_column][\/et_pb_row][\/et_pb_section][et_pb_section fb_built=&#8221;1&#8243; _builder_version=&#8221;4.17.4&#8243; _module_preset=&#8221;default&#8221; min_height=&#8221;1584.3px&#8221; global_colors_info=&#8221;{}&#8221;][et_pb_row _builder_version=&#8221;4.17.4&#8243; _module_preset=&#8221;default&#8221; global_colors_info=&#8221;{}&#8221;][et_pb_column type=&#8221;4_4&#8243; _builder_version=&#8221;4.17.4&#8243; _module_preset=&#8221;default&#8221; global_colors_info=&#8221;{}&#8221;][et_pb_team_member name=&#8221;Mus\u00e9e Fesch&#8221; image_url=&#8221;https:\/\/www.lesportscorses.com\/ajaccio\/wp-content\/uploads\/2022\/07\/muse\u0301e-Fesh.jpg&#8221; _builder_version=&#8221;4.17.4&#8243; _module_preset=&#8221;default&#8221; background_color=&#8221;#f9fafc&#8221; custom_padding=&#8221;10px|13px|10px|13px|true|true&#8221; box_shadow_style=&#8221;preset3&#8243; global_colors_info=&#8221;{}&#8221;]<\/p>\n<p style=\"text-align: justify;\">Saviez-vous que la plus grande collection de peintures italiennes en France, apr\u00e8s celle du Louvres, se trouvait \u00e0 Ajaccio ? Elle se trouve tr\u00e8s pr\u00e9cis\u00e9ment au Palais Fesch, du nom de Joseph Fesch, oncle maternel de Napol\u00e9on, qui a l\u00e9gu\u00e9 sa collection de peintures \u00e0 la ville.<br \/>Vous pourrez aussi d\u00e9couvrir la galerie d\u00e9di\u00e9e aux peintres corses, sans oublier la Chapelle Imp\u00e9riale.<\/p>\n<p style=\"text-align: justify;\"><strong>Emplacement:<\/strong> 50-52 rue Cardinal Fesch<br \/>20000 AJACCIO<\/p>\n<p style=\"text-align: justify;\">Pour plus d&#8217;informations, <a href=\"https:\/\/www.ajaccio-tourisme.com\/visites-loisirs\/palais-fesch-musee-des-beaux-arts\/\">cliquez ici<\/a><\/p>\n<p>[\/et_pb_team_member][et_pb_team_member name=&#8221;Maison Bonaparte&#8221; image_url=&#8221;https:\/\/www.lesportscorses.com\/ajaccio\/wp-content\/uploads\/2022\/07\/Maison-bonaparte-scaled.jpg&#8221; _builder_version=&#8221;4.17.4&#8243; _module_preset=&#8221;default&#8221; background_color=&#8221;#f9fafc&#8221; custom_padding=&#8221;10px|13px|10px|13px|true|true&#8221; box_shadow_style=&#8221;preset3&#8243; global_colors_info=&#8221;{}&#8221;]<\/p>\n<p style=\"text-align: justify;\">Ajaccio a vu na\u00eetre celui qui deviendra l\u2019empereur des Fran\u00e7ais : Napol\u00e9on Bonaparte. Sa maison natale, la Maison Bonaparte, est devenue un mus\u00e9e national. Nich\u00e9e au c\u0153ur de la vieille ville, cette b\u00e2tisse est d\u00e9di\u00e9e \u00e0 la famille Bonaparte (mobilier, peintures et d\u00e9corations d\u2019\u00e9poque).<br \/>Elle abrite r\u00e9guli\u00e8rement des expositions temporaires.<\/p>\n<p style=\"text-align: justify;\"><strong>Emplacement:<\/strong> Rue Saint Charles<br \/>20000 AJACCIO<\/p>\n<p style=\"text-align: justify;\">Pour plus d&#8217;informations: <a href=\"https:\/\/www.ajaccio-tourisme.com\/visites-loisirs\/musee-national-de-la-maison-bonaparte\/\">cliquez ici<\/a><\/p>\n<p>[\/et_pb_team_member][et_pb_team_member name=&#8221;La Citadelle&#8221; image_url=&#8221;https:\/\/www.lesportscorses.com\/ajaccio\/wp-content\/uploads\/2022\/07\/La-citadelle-Ajaccio.jpg&#8221; _builder_version=&#8221;4.17.4&#8243; _module_preset=&#8221;default&#8221; background_color=&#8221;#f9fafc&#8221; custom_padding=&#8221;10px|13px|10px|13px|true|true&#8221; box_shadow_style=&#8221;preset3&#8243; global_colors_info=&#8221;{}&#8221;]<\/p>\n<p style=\"text-align: justify;\">Situ\u00e9e en plein c\u0153ur d\u2019Ajaccio, la Citadelle Miollis, dont la premi\u00e8re pierre a \u00e9t\u00e9 pos\u00e9e en 1492 et qui n\u2019a cess\u00e9 de se transformer jusqu\u2019\u00e0 nos jours, a \u00e9t\u00e9 occup\u00e9e jusqu\u2019\u00e0 r\u00e9cemment par les services militaires de l\u2019\u00c9tat.<\/p>\n<p style=\"text-align: justify;\">Emplacement: <a href=\"https:\/\/www.google.com\/maps\/place\/Citadella+d'Aiacciu\/@41.9166682,8.7402527,15z\/data=!4m2!3m1!1s0x0:0x5ecb15668400b363?sa=X&amp;ved=2ahUKEwjf-5u3iqz2AhUKY8AKHaLTA5kQ_BJ6BAgyEAU\">Cliquez ici<\/a><\/p>\n<p style=\"text-align: justify;\">Pour plus d&#8217;informations, <a href=\"https:\/\/www.ajaccio-tourisme.com\/visites-loisirs\/la-citadelle-dajaccio\/\">cliquez ici<\/a><\/p>\n<p>[\/et_pb_team_member][et_pb_team_member name=&#8221;March\u00e9 des producteurs&#8221; image_url=&#8221;https:\/\/www.lesportscorses.com\/ajaccio\/wp-content\/uploads\/2022\/07\/marche\u0301-des-producteurs.jpg&#8221; _builder_version=&#8221;4.17.4&#8243; _module_preset=&#8221;default&#8221; background_color=&#8221;#f9fafc&#8221; custom_padding=&#8221;10px|13px|10px|13px|true|true&#8221; box_shadow_style=&#8221;preset3&#8243; global_colors_info=&#8221;{}&#8221;]<\/p>\n<p style=\"text-align: justify;\">Sur la place Campinchi se dresse la Halle Gourmande. D\u00e8s les premiers pas \u00e0 l\u2019int\u00e9rieur, tous vos sens sont en \u00e9veil\u2026 surtout la vue et l\u2019odorat !<br \/>Les producteurs et les artisans vous accueillent sur leurs \u00e9tals pour vous faire d\u00e9couvrir (et go\u00fbter) leur savoir-faire.<\/p>\n<p style=\"text-align: justify;\">Du mardi au dimanche de 7h \u00e0 13h<\/p>\n<p style=\"text-align: justify;\"><strong>Emplacement: <\/strong>41.92036764714211, 8.738976993867649<\/p>\n<p style=\"text-align: justify;\">Pour plus d&#8217;informations, <a href=\"https:\/\/www.ajaccio-tourisme.com\/marcatu-daiacciu-marche-dajaccio\/\">cliquez ici<\/a><\/p>\n<p>[\/et_pb_team_member][et_pb_team_member name=&#8221;Cath\u00e9drale Notre-Dame de l&#8217;Assomption&#8221; image_url=&#8221;https:\/\/www.lesportscorses.com\/ajaccio\/wp-content\/uploads\/2022\/07\/Notre-dame-de-lassomption-Ajaccio-1024&#215;682.jpg&#8221; _builder_version=&#8221;4.17.4&#8243; _module_preset=&#8221;default&#8221; background_color=&#8221;#f9fafc&#8221; custom_padding=&#8221;10px|13px|10px|13px|true|true&#8221; box_shadow_style=&#8221;preset3&#8243; global_colors_info=&#8221;{}&#8221;]<\/p>\n<p style=\"text-align: justify;\">Situ\u00e9e dans la vieille ville, la cath\u00e9drale fut achev\u00e9e en 1593. L\u2019\u00e9difice est typique de l\u2019architecture de la Contre-r\u00e9forme. \u00c9lev\u00e9e sur un plan en croix latine, sa crois\u00e9e de transept est \u00e9clair\u00e9e par une coupole.<br \/>A l\u2019int\u00e9rieur, la cath\u00e9drale est notamment remarquable par son maitre autel offert en 1811 par Elisa, s\u0153ur de Napol\u00e9on.<\/p>\n<p style=\"text-align: justify;\"><strong>Emplacement:<\/strong> 41.91740132851963, 8.737782213818162<\/p>\n<p style=\"text-align: justify;\">Pour plus d&#8217;informations, <a href=\"https:\/\/www.ajaccio-tourisme.com\/visites-loisirs\/cathedrale-notre-dame-de-lassomption\/\">cliquez ici<\/a><\/p>\n<p>[\/et_pb_team_member][\/et_pb_column][\/et_pb_row][\/et_pb_section]<\/p>\n","protected":false},"excerpt":{"rendered":"<p>PATRIMOINERetrouvez des lieux que nous vous proposons de visiter lors de votre s\u00e9jour dans notre portSaviez-vous que la plus grande collection de peintures italiennes en France, apr\u00e8s celle du Louvres, se trouvait \u00e0 Ajaccio ? Elle se trouve tr\u00e8s pr\u00e9cis\u00e9ment au Palais Fesch, du nom de Joseph Fesch, oncle maternel de Napol\u00e9on, qui a l\u00e9gu\u00e9 [&hellip;]<\/p>\n","protected":false},"author":3,"featured_media":0,"parent":0,"menu_order":0,"comment_status":"closed","ping_status":"closed","template":"","meta":{"_et_pb_use_builder":"on","_et_pb_old_content":"","_et_gb_content_width":"","footnotes":""},"class_list":["post-765","page","type-page","status-publish","hentry"],"_links":{"self":[{"href":"https:\/\/www.lesportscorses.com\/ajaccio\/wp-json\/wp\/v2\/pages\/765","targetHints":{"allow":["GET"]}}],"collection":[{"href":"https:\/\/www.lesportscorses.com\/ajaccio\/wp-json\/wp\/v2\/pages"}],"about":[{"href":"https:\/\/www.lesportscorses.com\/ajaccio\/wp-json\/wp\/v2\/types\/page"}],"author":[{"embeddable":true,"href":"https:\/\/www.lesportscorses.com\/ajaccio\/wp-json\/wp\/v2\/users\/3"}],"replies":[{"embeddable":true,"href":"https:\/\/www.lesportscorses.com\/ajaccio\/wp-json\/wp\/v2\/comments?post=765"}],"version-history":[{"count":12,"href":"https:\/\/www.lesportscorses.com\/ajaccio\/wp-json\/wp\/v2\/pages\/765\/revisions"}],"predecessor-version":[{"id":1659,"href":"https:\/\/www.lesportscorses.com\/ajaccio\/wp-json\/wp\/v2\/pages\/765\/revisions\/1659"}],"wp:attachment":[{"href":"https:\/\/www.lesportscorses.com\/ajaccio\/wp-json\/wp\/v2\/media?parent=765"}],"curies":[{"name":"wp","href":"https:\/\/api.w.org\/{rel}","templated":true}]}}