{"id":172,"date":"2023-07-06T15:27:23","date_gmt":"2023-07-06T15:27:23","guid":{"rendered":"https:\/\/www.lesportscorses.com\/bastia\/?page_id=172"},"modified":"2025-06-26T09:52:34","modified_gmt":"2025-06-26T09:52:34","slug":"mouillages","status":"publish","type":"page","link":"https:\/\/www.lesportscorses.com\/bastia\/mouillages\/","title":{"rendered":"Mouillages"},"content":{"rendered":"<p>[et_pb_section fb_built=&#8221;1&#8243; _builder_version=&#8221;4.17.6&#8243; _module_preset=&#8221;default&#8221; background_color=&#8221;rgba(255,255,255,0)&#8221; horizontal_offset=&#8221;2px&#8221; z_index=&#8221;481&#8243; module_alignment=&#8221;center&#8221; height=&#8221;86px&#8221; height_tablet=&#8221;101px&#8221; height_phone=&#8221;45px&#8221; height_last_edited=&#8221;on|phone&#8221; max_height_tablet=&#8221;&#8221; max_height_phone=&#8221;110px&#8221; max_height_last_edited=&#8221;on|phone&#8221; custom_margin=&#8221;0px||||false|false&#8221; custom_padding=&#8221;0vw||2vw||false|false&#8221; background_color_tablet=&#8221;#ffffff&#8221; background_last_edited=&#8221;on|desktop&#8221; background_enable_color_tablet=&#8221;on&#8221; global_module=&#8221;274&#8243; saved_tabs=&#8221;all&#8221; global_colors_info=&#8221;{}&#8221; background__sticky_enabled=&#8221;on|desktop&#8221; background_color__sticky=&#8221;#ffffff&#8221; background_enable_color__sticky=&#8221;on&#8221; height__sticky_enabled=&#8221;on|desktop&#8221; height__sticky=&#8221;85px&#8221;][et_pb_row column_structure=&#8221;1_4,1_2,1_4&#8243; use_custom_gutter=&#8221;on&#8221; gutter_width=&#8221;2&#8243; make_equal=&#8221;on&#8221; _builder_version=&#8221;4.17.6&#8243; _module_preset=&#8221;default&#8221; transform_scale=&#8221;92%|92%&#8221; z_index=&#8221;500&#8243; max_width=&#8221;80%&#8221; max_height=&#8221;183px&#8221; custom_margin=&#8221;20px||||false|false&#8221; custom_padding=&#8221;||0px||false|false&#8221; custom_css_main_element=&#8221;align-items: center;||||&#8221; global_colors_info=&#8221;{}&#8221;][et_pb_column type=&#8221;1_4&#8243; _builder_version=&#8221;4.17.4&#8243; _module_preset=&#8221;default&#8221; transform_scale_tablet=&#8221;52%|52%&#8221; transform_scale_phone=&#8221;52%|52%&#8221; transform_scale_last_edited=&#8221;on|tablet&#8221; transform_translate_tablet=&#8221;0px|-60px&#8221; transform_translate_phone=&#8221;0px|-60px&#8221; transform_translate_last_edited=&#8221;on|tablet&#8221; transform_translate_linked_tablet=&#8221;off&#8221; transform_rotate_tablet=&#8221;&#8221; transform_rotate_phone=&#8221;&#8221; transform_rotate_last_edited=&#8221;on|tablet&#8221; transform_skew_tablet=&#8221;&#8221; transform_skew_phone=&#8221;&#8221; transform_skew_last_edited=&#8221;on|tablet&#8221; transform_origin_tablet=&#8221;&#8221; transform_origin_phone=&#8221;&#8221; transform_origin_last_edited=&#8221;on|tablet&#8221; transform_styles_last_edited=&#8221;on|tablet&#8221; transform_styles_tablet=&#8221;&#8221; transform_styles_phone=&#8221;&#8221; global_colors_info=&#8221;{}&#8221;][et_pb_image src=&#8221;https:\/\/www.lesportscorses.com\/bastia\/wp-content\/uploads\/2024\/12\/LOGO-SITE-APPLI-FOND-BLANCx150.png&#8221; alt=&#8221;Les ports corses&#8221; title_text=&#8221;Les ports corses&#8221; url=&#8221;https:\/\/www.lesportscorses.com&#8221; url_new_window=&#8221;on&#8221; disabled_on=&#8221;on|on|off&#8221; _builder_version=&#8221;4.17.6&#8243; _module_preset=&#8221;default&#8221; transform_scale=&#8221;41%|41%&#8221; transform_translate=&#8221;0px|-181px&#8221; transform_translate_linked=&#8221;off&#8221; global_colors_info=&#8221;{}&#8221;][\/et_pb_image][\/et_pb_column][et_pb_column type=&#8221;1_2&#8243; _builder_version=&#8221;4.17.4&#8243; _module_preset=&#8221;default&#8221; custom_padding=&#8221;0px||||false|false&#8221; global_colors_info=&#8221;{}&#8221;][et_pb_menu menu_id=&#8221;6&#8243; menu_style=&#8221;centered&#8221; active_link_color=&#8221;#2596be&#8221; dropdown_menu_bg_color=&#8221;#ffffff&#8221; dropdown_menu_line_color=&#8221;#2596be&#8221; dropdown_menu_text_color=&#8221;#000000&#8243; dropdown_menu_active_link_color=&#8221;#2596be&#8221; mobile_menu_bg_color=&#8221;#ffffff&#8221; logo_height=&#8221;200px&#8221; cart_icon_color=&#8221;#2596be&#8221; search_icon_color=&#8221;#2596be&#8221; menu_icon_color=&#8221;#2596be&#8221; menu_icon_font_size=&#8221;40px&#8221; active_link_color_tablet=&#8221;#18223D&#8221; active_link_color_phone=&#8221;#2596be&#8221; active_link_color_last_edited=&#8221;on|desktop&#8221; dropdown_menu_line_color_last_edited=&#8221;off|desktop&#8221; _builder_version=&#8221;4.17.6&#8243; _module_preset=&#8221;default&#8221; menu_font=&#8221;Poppins|500|||||||&#8221; menu_text_color=&#8221;#1A0052&#8243; menu_font_size=&#8221;19px&#8221; background_color=&#8221;RGBA(255,255,255,0)&#8221; transform_translate=&#8221;0px|-43px&#8221; transform_translate_linked=&#8221;off&#8221; z_index=&#8221;2&#8243; custom_margin=&#8221;-41px||0px||false|false&#8221; custom_margin_tablet=&#8221;0px||0px||false|false&#8221; custom_margin_phone=&#8221;-20px||17px||false|false&#8221; custom_margin_last_edited=&#8221;on|phone&#8221; menu_text_color_tablet=&#8221;#fcfffe&#8221; menu_text_color_phone=&#8221;#18223D&#8221; menu_text_color_last_edited=&#8221;on|phone&#8221; menu_font_size_tablet=&#8221;17px&#8221; menu_font_size_phone=&#8221;15px&#8221; menu_font_size_last_edited=&#8221;on|desktop&#8221; menu_line_height_tablet=&#8221;&#8221; menu_line_height_phone=&#8221;0.6em&#8221; menu_line_height_last_edited=&#8221;on|desktop&#8221; global_colors_info=&#8221;{}&#8221; menu_text_color__sticky_enabled=&#8221;on|desktop&#8221; menu_text_color__sticky=&#8221;#18223D&#8221; active_link_color__sticky_enabled=&#8221;on|desktop&#8221; active_link_color__sticky=&#8221;#22AD9D&#8221; dropdown_menu_text_color__sticky_enabled=&#8221;off|desktop&#8221; transform_styles__sticky_enabled=&#8221;off|desktop&#8221; transform_scale__sticky_enabled=&#8221;off|desktop&#8221; transform_translate__sticky_enabled=&#8221;off|desktop&#8221; transform_rotate__sticky_enabled=&#8221;off|desktop&#8221; transform_skew__sticky_enabled=&#8221;off|desktop&#8221; transform_origin__sticky_enabled=&#8221;off|desktop&#8221;][\/et_pb_menu][\/et_pb_column][et_pb_column type=&#8221;1_4&#8243; _builder_version=&#8221;4.17.4&#8243; _module_preset=&#8221;default&#8221; custom_padding=&#8221;0px||||false|false&#8221; global_colors_info=&#8221;{}&#8221;][et_pb_image src=&#8221;https:\/\/www.lesportscorses.com\/bastia\/wp-content\/uploads\/2025\/06\/logo-bastia-v2.png&#8221; alt=&#8221;logo du port bonifacio marin les ports corses&#8221; title_text=&#8221;logo-bastia-v2&#8243; url=&#8221;https:\/\/www.lesportscorses.com&#8221; url_new_window=&#8221;on&#8221; disabled_on=&#8221;on|on|off&#8221; _builder_version=&#8221;4.27.4&#8243; _module_preset=&#8221;default&#8221; transform_scale=&#8221;41%|41%&#8221; transform_translate=&#8221;0px|-181px&#8221; transform_translate_linked=&#8221;off&#8221; global_colors_info=&#8221;{}&#8221;][\/et_pb_image][\/et_pb_column][\/et_pb_row][\/et_pb_section][et_pb_section fb_built=&#8221;1&#8243; admin_label=&#8221;section&#8221; _builder_version=&#8221;4.27.4&#8243; background_image=&#8221;https:\/\/www.lesportscorses.com\/bastia\/wp-content\/uploads\/2025\/06\/page-accueil.jpg&#8221; min_height=&#8221;400px&#8221; max_height=&#8221;1000px&#8221; custom_margin=&#8221;||-1px||false|false&#8221; locked=&#8221;off&#8221; global_colors_info=&#8221;{}&#8221;][\/et_pb_section][et_pb_section fb_built=&#8221;1&#8243; _builder_version=&#8221;4.17.6&#8243; _module_preset=&#8221;default&#8221; custom_padding=&#8221;||0px|||&#8221; global_colors_info=&#8221;{}&#8221;][et_pb_row _builder_version=&#8221;4.17.6&#8243; _module_preset=&#8221;default&#8221; global_colors_info=&#8221;{}&#8221;][et_pb_column type=&#8221;4_4&#8243; _builder_version=&#8221;4.17.6&#8243; _module_preset=&#8221;default&#8221; global_colors_info=&#8221;{}&#8221;][et_pb_text _builder_version=&#8221;4.17.6&#8243; _module_preset=&#8221;default&#8221; text_font=&#8221;Poppins|700|||||||&#8221; text_text_color=&#8221;#22ad9d&#8221; text_font_size=&#8221;41px&#8221; custom_margin=&#8221;||37px||false|false&#8221; global_colors_info=&#8221;{}&#8221;]<\/p>\n<p>LES MOUILLAGES<\/p>\n<p>[\/et_pb_text][et_pb_text _builder_version=&#8221;4.17.6&#8243; _module_preset=&#8221;default&#8221; text_font=&#8221;Poppins|300|||||||&#8221; text_text_color=&#8221;#464647&#8243; text_font_size=&#8221;18px&#8221; text_letter_spacing=&#8221;1px&#8221; text_line_height=&#8221;1em&#8221; text_orientation=&#8221;center&#8221; custom_margin=&#8221;10px||30px||false|false&#8221; animation_style=&#8221;slide&#8221; animation_direction=&#8221;left&#8221; animation_duration=&#8221;1150ms&#8221; animation_delay=&#8221;650ms&#8221; animation_intensity_slide=&#8221;33%&#8221; animation_starting_opacity=&#8221;5%&#8221; locked=&#8221;off&#8221; global_colors_info=&#8221;{}&#8221;]<\/p>\n<p style=\"text-align: left;\">Retrouvez quelques mouillages \u00e0 proximit\u00e9 de notre port<\/p>\n<p>[\/et_pb_text][et_pb_divider _builder_version=&#8221;4.17.6&#8243; _module_preset=&#8221;default&#8221; global_colors_info=&#8221;{}&#8221;][\/et_pb_divider][\/et_pb_column][\/et_pb_row][\/et_pb_section][et_pb_section fb_built=&#8221;1&#8243; _builder_version=&#8221;4.17.4&#8243; _module_preset=&#8221;default&#8221; global_colors_info=&#8221;{}&#8221; locked=&#8221;off&#8221;][et_pb_row _builder_version=&#8221;4.17.4&#8243; _module_preset=&#8221;default&#8221; global_colors_info=&#8221;{}&#8221;][et_pb_column type=&#8221;4_4&#8243; _builder_version=&#8221;4.17.4&#8243; _module_preset=&#8221;default&#8221; global_colors_info=&#8221;{}&#8221;][et_pb_team_member name=&#8221;Ficaghjola&#8221; image_url=&#8221;https:\/\/www.lesportscorses.com\/bastia\/wp-content\/uploads\/2025\/06\/Ficaghjola.png&#8221; _builder_version=&#8221;4.27.4&#8243; _module_preset=&#8221;default&#8221; background_color=&#8221;#f9fafc&#8221; custom_padding=&#8221;10px|13px|10px|13px|true|true&#8221; link_option_url_new_window=&#8221;on&#8221; hover_enabled=&#8221;0&#8243; box_shadow_style=&#8221;preset3&#8243; global_colors_info=&#8221;{}&#8221; sticky_enabled=&#8221;0&#8243; title_text=&#8221;Ficaghjola&#8221;]<\/p>\n<p><a href=\"https:\/\/www.navily.com\/fr\/mouillage\/anse-de-porto-vecchio\/14675\" target=\"_blank\" rel=\"noopener\">En savoir plus<\/a><\/p>\n<p>[\/et_pb_team_member][\/et_pb_column][\/et_pb_row][\/et_pb_section][et_pb_section fb_built=&#8221;1&#8243; _builder_version=&#8221;4.17.6&#8243; _module_preset=&#8221;default&#8221; background_color=&#8221;#e8eae8&#8243; min_height=&#8221;485.5px&#8221; custom_margin=&#8221;||5px||false|false&#8221; global_module=&#8221;95&#8243; saved_tabs=&#8221;all&#8221; global_colors_info=&#8221;{}&#8221;][et_pb_row column_structure=&#8221;1_4,1_4,1_4,1_4&#8243; _builder_version=&#8221;4.17.4&#8243; _module_preset=&#8221;default&#8221; global_colors_info=&#8221;{}&#8221;][et_pb_column type=&#8221;1_4&#8243; _builder_version=&#8221;4.17.4&#8243; _module_preset=&#8221;default&#8221; global_colors_info=&#8221;{}&#8221;][et_pb_text _builder_version=&#8221;4.27.4&#8243; _module_preset=&#8221;default&#8221; text_text_color=&#8221;#1D3079&#8243; header_font=&#8221;Poppins|600|||||||&#8221; header_text_color=&#8221;#1D3079&#8243; global_colors_info=&#8221;{}&#8221;]<\/p>\n<h1>Vieux port de Bastia<\/h1>\n<p><span>Quai de la Madunetta<\/span><br \/>\n<span> 20200 BASTIA<\/span>[\/et_pb_text][\/et_pb_column][et_pb_column type=&#8221;1_4&#8243; _builder_version=&#8221;4.17.4&#8243; _module_preset=&#8221;default&#8221; global_colors_info=&#8221;{}&#8221;][et_pb_text _builder_version=&#8221;4.27.4&#8243; _module_preset=&#8221;default&#8221; text_text_color=&#8221;#1D3079&#8243; text_font_size=&#8221;13px&#8221; header_font=&#8221;Poppins|600|||||||&#8221; header_text_color=&#8221;#1D3079&#8243; global_colors_info=&#8221;{}&#8221;]<\/p>\n<h1>Contact<\/h1>\n<p><strong>Mail :\u00a0<\/strong><a href=\"mailto:vieuxport@bastia.corsica\">vieuxport@bastia.corsica<\/a><\/p>\n<p><strong>T\u00e9l :<\/strong> 04.95.31.31.10<\/p>\n<p>[\/et_pb_text][\/et_pb_column][et_pb_column type=&#8221;1_4&#8243; _builder_version=&#8221;4.17.4&#8243; _module_preset=&#8221;default&#8221; global_colors_info=&#8221;{}&#8221;][et_pb_text _builder_version=&#8221;4.17.4&#8243; _module_preset=&#8221;default&#8221; text_text_color=&#8221;#1D3079&#8243; header_font=&#8221;Poppins|600|||||||&#8221; header_text_color=&#8221;#1D3079&#8243; global_colors_info=&#8221;{}&#8221;]<\/p>\n<h1>Liens utiles<\/h1>\n<p>[\/et_pb_text][et_pb_button button_url=&#8221;https:\/\/www.lesportscorses.com\/bastia\/plan-du-port\/&#8221; url_new_window=&#8221;on&#8221; button_text=&#8221;Plan&#8221; button_alignment=&#8221;left&#8221; _builder_version=&#8221;4.17.6&#8243; _module_preset=&#8221;default&#8221; custom_button=&#8221;on&#8221; button_text_size=&#8221;14px&#8221; button_text_color=&#8221;#1D3079&#8243; button_use_icon=&#8221;off&#8221; background_layout=&#8221;dark&#8221; custom_margin=&#8221;-20px|0px|10px|0px|false|true&#8221; custom_padding=&#8221;0px|56px|0px|56px|true|true&#8221; global_colors_info=&#8221;{}&#8221;][\/et_pb_button][et_pb_button button_url=&#8221;https:\/\/www.lesportscorses.com\/bastia\/services-portuaires\/&#8221; url_new_window=&#8221;on&#8221; button_text=&#8221;Services portuaires&#8221; button_alignment=&#8221;left&#8221; _builder_version=&#8221;4.17.6&#8243; _module_preset=&#8221;default&#8221; custom_button=&#8221;on&#8221; button_text_size=&#8221;14px&#8221; button_text_color=&#8221;#1D3079&#8243; button_use_icon=&#8221;off&#8221; background_layout=&#8221;dark&#8221; custom_margin=&#8221;0px|0px|0px|0px|true|true&#8221; custom_padding=&#8221;0px|8px|0px|8px|true|true&#8221; global_colors_info=&#8221;{}&#8221;][\/et_pb_button][et_pb_button button_url=&#8221;https:\/\/www.lesportscorses.com\/bastia\/infos-utiles-en-mer\/&#8221; url_new_window=&#8221;on&#8221; button_text=&#8221;Infos utiles en mer&#8221; button_alignment=&#8221;left&#8221; _builder_version=&#8221;4.17.6&#8243; _module_preset=&#8221;default&#8221; custom_button=&#8221;on&#8221; button_text_size=&#8221;14px&#8221; button_text_color=&#8221;#1D3079&#8243; button_use_icon=&#8221;off&#8221; background_layout=&#8221;dark&#8221; custom_margin=&#8221;10px|0px|10px|0px|true|true&#8221; custom_padding=&#8221;0px|10px|0px|9px|true|false&#8221; global_colors_info=&#8221;{}&#8221;][\/et_pb_button][\/et_pb_column][et_pb_column type=&#8221;1_4&#8243; _builder_version=&#8221;4.17.4&#8243; _module_preset=&#8221;default&#8221; global_colors_info=&#8221;{}&#8221;][\/et_pb_column][\/et_pb_row][et_pb_row _builder_version=&#8221;4.17.6&#8243; _module_preset=&#8221;default&#8221; global_colors_info=&#8221;{}&#8221;][et_pb_column type=&#8221;4_4&#8243; _builder_version=&#8221;4.17.6&#8243; _module_preset=&#8221;default&#8221; global_colors_info=&#8221;{}&#8221;][et_pb_text _builder_version=&#8221;4.17.6&#8243; _module_preset=&#8221;default&#8221; global_colors_info=&#8221;{}&#8221;]<\/p>\n<p style=\"text-align: center;\">Le port de Solenzara est membre du r\u00e9seau<a href=\"https:\/\/www.lesportscorses.com\" target=\"_blank\" rel=\"noopener\"> Les Ports Corses<\/a>. Le 1er r\u00e9seau portuaire de l&#8217;\u00eele de Corse, oeuvrant pour la dynamisation des activit\u00e9s \u00e9conomiques locales et la protection du patrimoine environnemental corse.<\/p>\n<p>[\/et_pb_text][\/et_pb_column][\/et_pb_row][\/et_pb_section]<\/p>\n","protected":false},"excerpt":{"rendered":"<p>LES MOUILLAGESRetrouvez quelques mouillages \u00e0 proximit\u00e9 de notre portEn savoir plusVieux port de Bastia Quai de la Madunetta 20200 BASTIAContact Mail :\u00a0vieuxport@bastia.corsica T\u00e9l : 04.95.31.31.10Liens utilesLe port de Solenzara est membre du r\u00e9seau Les Ports Corses. Le 1er r\u00e9seau portuaire de l&#8217;\u00eele de Corse, oeuvrant pour la dynamisation des activit\u00e9s \u00e9conomiques locales et la protection [&hellip;]<\/p>\n","protected":false},"author":1,"featured_media":0,"parent":0,"menu_order":0,"comment_status":"closed","ping_status":"closed","template":"page-template-blank.php","meta":{"_et_pb_use_builder":"on","_et_pb_old_content":"","_et_gb_content_width":"","footnotes":""},"class_list":["post-172","page","type-page","status-publish","hentry"],"_links":{"self":[{"href":"https:\/\/www.lesportscorses.com\/bastia\/wp-json\/wp\/v2\/pages\/172","targetHints":{"allow":["GET"]}}],"collection":[{"href":"https:\/\/www.lesportscorses.com\/bastia\/wp-json\/wp\/v2\/pages"}],"about":[{"href":"https:\/\/www.lesportscorses.com\/bastia\/wp-json\/wp\/v2\/types\/page"}],"author":[{"embeddable":true,"href":"https:\/\/www.lesportscorses.com\/bastia\/wp-json\/wp\/v2\/users\/1"}],"replies":[{"embeddable":true,"href":"https:\/\/www.lesportscorses.com\/bastia\/wp-json\/wp\/v2\/comments?post=172"}],"version-history":[{"count":8,"href":"https:\/\/www.lesportscorses.com\/bastia\/wp-json\/wp\/v2\/pages\/172\/revisions"}],"predecessor-version":[{"id":986,"href":"https:\/\/www.lesportscorses.com\/bastia\/wp-json\/wp\/v2\/pages\/172\/revisions\/986"}],"wp:attachment":[{"href":"https:\/\/www.lesportscorses.com\/bastia\/wp-json\/wp\/v2\/media?parent=172"}],"curies":[{"name":"wp","href":"https:\/\/api.w.org\/{rel}","templated":true}]}}