{"id":100,"date":"2023-05-12T09:08:13","date_gmt":"2023-05-12T09:08:13","guid":{"rendered":"https:\/\/www.lesportscorses.com\/calvi-marina\/?page_id=100"},"modified":"2023-07-27T12:35:01","modified_gmt":"2023-07-27T12:35:01","slug":"questions-frequentes","status":"publish","type":"page","link":"https:\/\/www.lesportscorses.com\/calvi-marina\/questions-frequentes\/","title":{"rendered":"Questions fr\u00e9quentes"},"content":{"rendered":"<p>[et_pb_section fb_built=\u00a0\u00bb1&Prime; _builder_version=\u00a0\u00bb4.17.6&Prime; _module_preset=\u00a0\u00bbdefault\u00a0\u00bb background_color=\u00a0\u00bbrgba(255,255,255,0)\u00a0\u00bb horizontal_offset=\u00a0\u00bb2px\u00a0\u00bb z_index=\u00a0\u00bb481&Prime; module_alignment=\u00a0\u00bbcenter\u00a0\u00bb height=\u00a0\u00bb101px\u00a0\u00bb height_tablet=\u00a0\u00bb101px\u00a0\u00bb height_phone=\u00a0\u00bb45px\u00a0\u00bb height_last_edited=\u00a0\u00bbon|phone\u00a0\u00bb max_height_tablet=\u00a0\u00bb\u00a0\u00bb max_height_phone=\u00a0\u00bb110px\u00a0\u00bb max_height_last_edited=\u00a0\u00bbon|phone\u00a0\u00bb custom_margin=\u00a0\u00bb0px||0px||false|false\u00a0\u00bb custom_padding=\u00a0\u00bb0vw||0vw||false|false\u00a0\u00bb background_color_tablet=\u00a0\u00bb#ffffff\u00a0\u00bb background_last_edited=\u00a0\u00bbon|desktop\u00a0\u00bb background_enable_color_tablet=\u00a0\u00bbon\u00a0\u00bb saved_tabs=\u00a0\u00bball\u00a0\u00bb global_colors_info=\u00a0\u00bb{}\u00a0\u00bb background__sticky_enabled=\u00a0\u00bbon|desktop\u00a0\u00bb background_color__sticky=\u00a0\u00bb#ffffff\u00a0\u00bb background_enable_color__sticky=\u00a0\u00bbon\u00a0\u00bb height__sticky_enabled=\u00a0\u00bbon|desktop\u00a0\u00bb height__sticky=\u00a0\u00bb85px\u00a0\u00bb global_module=\u00a0\u00bb177&Prime; theme_builder_area=\u00a0\u00bbpost_content\u00a0\u00bb][et_pb_row column_structure=\u00a0\u00bb1_4,1_2,1_4&Prime; use_custom_gutter=\u00a0\u00bbon\u00a0\u00bb gutter_width=\u00a0\u00bb2&Prime; make_equal=\u00a0\u00bbon\u00a0\u00bb _builder_version=\u00a0\u00bb4.21.0&Prime; _module_preset=\u00a0\u00bbdefault\u00a0\u00bb transform_scale=\u00a0\u00bb92%|92%\u00a0\u00bb z_index=\u00a0\u00bb500&Prime; max_width=\u00a0\u00bb80%\u00a0\u00bb max_height=\u00a0\u00bb183px\u00a0\u00bb custom_margin=\u00a0\u00bb8px||0px||false|false\u00a0\u00bb custom_padding=\u00a0\u00bb||1px||false|false\u00a0\u00bb custom_css_main_element=\u00a0\u00bbalign-items: center;||||\u00a0\u00bb global_colors_info=\u00a0\u00bb{}\u00a0\u00bb theme_builder_area=\u00a0\u00bbpost_content\u00a0\u00bb][et_pb_column type=\u00a0\u00bb1_4&Prime; _builder_version=\u00a0\u00bb4.17.4&Prime; _module_preset=\u00a0\u00bbdefault\u00a0\u00bb transform_scale_tablet=\u00a0\u00bb52%|52%\u00a0\u00bb transform_scale_phone=\u00a0\u00bb52%|52%\u00a0\u00bb transform_scale_last_edited=\u00a0\u00bbon|tablet\u00a0\u00bb transform_translate_tablet=\u00a0\u00bb0px|-60px\u00a0\u00bb transform_translate_phone=\u00a0\u00bb0px|-60px\u00a0\u00bb transform_translate_last_edited=\u00a0\u00bbon|tablet\u00a0\u00bb transform_translate_linked_tablet=\u00a0\u00bboff\u00a0\u00bb transform_rotate_tablet=\u00a0\u00bb\u00a0\u00bb transform_rotate_phone=\u00a0\u00bb\u00a0\u00bb transform_rotate_last_edited=\u00a0\u00bbon|tablet\u00a0\u00bb transform_skew_tablet=\u00a0\u00bb\u00a0\u00bb transform_skew_phone=\u00a0\u00bb\u00a0\u00bb transform_skew_last_edited=\u00a0\u00bbon|tablet\u00a0\u00bb transform_origin_tablet=\u00a0\u00bb\u00a0\u00bb transform_origin_phone=\u00a0\u00bb\u00a0\u00bb transform_origin_last_edited=\u00a0\u00bbon|tablet\u00a0\u00bb transform_styles_last_edited=\u00a0\u00bbon|tablet\u00a0\u00bb transform_styles_tablet=\u00a0\u00bb\u00a0\u00bb transform_styles_phone=\u00a0\u00bb\u00a0\u00bb global_colors_info=\u00a0\u00bb{}\u00a0\u00bb theme_builder_area=\u00a0\u00bbpost_content\u00a0\u00bb][et_pb_image src=\u00a0\u00bbhttps:\/\/www.lesportscorses.com\/calvi-marina\/wp-content\/uploads\/2023\/05\/les-ports-corses-logo.png\u00a0\u00bb title_text=\u00a0\u00bbles ports corses logo\u00a0\u00bb url=\u00a0\u00bbhttps:\/\/www.lesportscorses.com\u00a0\u00bb url_new_window=\u00a0\u00bbon\u00a0\u00bb disabled_on=\u00a0\u00bbon|on|off\u00a0\u00bb _builder_version=\u00a0\u00bb4.17.6&Prime; _module_preset=\u00a0\u00bbdefault\u00a0\u00bb transform_scale=\u00a0\u00bb41%|41%\u00a0\u00bb transform_translate=\u00a0\u00bb0px|-181px\u00a0\u00bb transform_translate_linked=\u00a0\u00bboff\u00a0\u00bb global_colors_info=\u00a0\u00bb{}\u00a0\u00bb theme_builder_area=\u00a0\u00bbpost_content\u00a0\u00bb][\/et_pb_image][\/et_pb_column][et_pb_column type=\u00a0\u00bb1_2&Prime; _builder_version=\u00a0\u00bb4.17.4&Prime; _module_preset=\u00a0\u00bbdefault\u00a0\u00bb custom_padding=\u00a0\u00bb0px||||false|false\u00a0\u00bb global_colors_info=\u00a0\u00bb{}\u00a0\u00bb theme_builder_area=\u00a0\u00bbpost_content\u00a0\u00bb][et_pb_menu menu_id=\u00a0\u00bb6&Prime; menu_style=\u00a0\u00bbcentered\u00a0\u00bb active_link_color=\u00a0\u00bb#18223D\u00a0\u00bb dropdown_menu_bg_color=\u00a0\u00bb#ffffff\u00a0\u00bb dropdown_menu_line_color=\u00a0\u00bb#0C71C3&Prime; dropdown_menu_text_color=\u00a0\u00bb#000000&Prime; dropdown_menu_active_link_color=\u00a0\u00bb#0C71C3&Prime; mobile_menu_bg_color=\u00a0\u00bb#ffffff\u00a0\u00bb logo_height=\u00a0\u00bb200px\u00a0\u00bb cart_icon_color=\u00a0\u00bb#0C71C3&Prime; search_icon_color=\u00a0\u00bb#0C71C3&Prime; menu_icon_color=\u00a0\u00bb#0C71C3&Prime; menu_icon_font_size=\u00a0\u00bb40px\u00a0\u00bb active_link_color_tablet=\u00a0\u00bb#18223D\u00a0\u00bb active_link_color_phone=\u00a0\u00bb#22AD9D\u00a0\u00bb active_link_color_last_edited=\u00a0\u00bbon|phone\u00a0\u00bb _builder_version=\u00a0\u00bb4.21.0&Prime; _module_preset=\u00a0\u00bbdefault\u00a0\u00bb menu_font=\u00a0\u00bbPoppins|500|||||||\u00a0\u00bb menu_text_color=\u00a0\u00bb#1A0052&Prime; menu_font_size=\u00a0\u00bb17px\u00a0\u00bb background_color=\u00a0\u00bbRGBA(255,255,255,0)\u00a0\u00bb transform_translate=\u00a0\u00bb0px|-43px\u00a0\u00bb transform_translate_linked=\u00a0\u00bboff\u00a0\u00bb z_index=\u00a0\u00bb2&Prime; custom_margin=\u00a0\u00bb-41px||0px||false|false\u00a0\u00bb custom_margin_tablet=\u00a0\u00bb0px||0px||false|false\u00a0\u00bb custom_margin_phone=\u00a0\u00bb-20px||17px||false|false\u00a0\u00bb custom_margin_last_edited=\u00a0\u00bbon|phone\u00a0\u00bb menu_text_color_tablet=\u00a0\u00bb#fcfffe\u00a0\u00bb menu_text_color_phone=\u00a0\u00bb#18223D\u00a0\u00bb menu_text_color_last_edited=\u00a0\u00bbon|phone\u00a0\u00bb menu_font_size_tablet=\u00a0\u00bb17px\u00a0\u00bb menu_font_size_phone=\u00a0\u00bb15px\u00a0\u00bb menu_font_size_last_edited=\u00a0\u00bbon|desktop\u00a0\u00bb menu_line_height_tablet=\u00a0\u00bb\u00a0\u00bb menu_line_height_phone=\u00a0\u00bb0.6em\u00a0\u00bb menu_line_height_last_edited=\u00a0\u00bbon|desktop\u00a0\u00bb global_colors_info=\u00a0\u00bb{}\u00a0\u00bb menu_text_color__sticky_enabled=\u00a0\u00bbon|desktop\u00a0\u00bb menu_text_color__sticky=\u00a0\u00bb#18223D\u00a0\u00bb active_link_color__sticky_enabled=\u00a0\u00bbon|desktop\u00a0\u00bb active_link_color__sticky=\u00a0\u00bb#22AD9D\u00a0\u00bb dropdown_menu_text_color__sticky_enabled=\u00a0\u00bboff|desktop\u00a0\u00bb transform_styles__sticky_enabled=\u00a0\u00bboff|desktop\u00a0\u00bb transform_scale__sticky_enabled=\u00a0\u00bboff|desktop\u00a0\u00bb transform_translate__sticky_enabled=\u00a0\u00bboff|desktop\u00a0\u00bb transform_rotate__sticky_enabled=\u00a0\u00bboff|desktop\u00a0\u00bb transform_skew__sticky_enabled=\u00a0\u00bboff|desktop\u00a0\u00bb transform_origin__sticky_enabled=\u00a0\u00bboff|desktop\u00a0\u00bb theme_builder_area=\u00a0\u00bbpost_content\u00a0\u00bb][\/et_pb_menu][\/et_pb_column][et_pb_column type=\u00a0\u00bb1_4&Prime; _builder_version=\u00a0\u00bb4.17.4&Prime; _module_preset=\u00a0\u00bbdefault\u00a0\u00bb custom_padding=\u00a0\u00bb0px||||false|false\u00a0\u00bb global_colors_info=\u00a0\u00bb{}\u00a0\u00bb theme_builder_area=\u00a0\u00bbpost_content\u00a0\u00bb][et_pb_image src=\u00a0\u00bbhttps:\/\/www.lesportscorses.com\/calvi-marina\/wp-content\/uploads\/2023\/05\/Logo_Capi_Transparent_260-1.png\u00a0\u00bb alt=\u00a0\u00bblogo du port bonifacio marin les ports corses\u00a0\u00bb title_text=\u00a0\u00bbLogo_Capi_Transparent_260&Prime; url=\u00a0\u00bbhttps:\/\/www.lesportscorses.com\u00a0\u00bb url_new_window=\u00a0\u00bbon\u00a0\u00bb disabled_on=\u00a0\u00bbon|on|off\u00a0\u00bb _builder_version=\u00a0\u00bb4.21.0&Prime; _module_preset=\u00a0\u00bbdefault\u00a0\u00bb transform_scale=\u00a0\u00bb67%|67%\u00a0\u00bb transform_translate=\u00a0\u00bb0px|-124px\u00a0\u00bb transform_translate_linked=\u00a0\u00bboff\u00a0\u00bb global_colors_info=\u00a0\u00bb{}\u00a0\u00bb theme_builder_area=\u00a0\u00bbpost_content\u00a0\u00bb][\/et_pb_image][\/et_pb_column][\/et_pb_row][\/et_pb_section][et_pb_section fb_built=\u00a0\u00bb1&Prime; admin_label=\u00a0\u00bbsection\u00a0\u00bb _builder_version=\u00a0\u00bb4.21.0&Prime; _module_preset=\u00a0\u00bbdefault\u00a0\u00bb background_image=\u00a0\u00bbhttps:\/\/www.lesportscorses.com\/calvi-marina\/wp-content\/uploads\/2023\/05\/img_1066-2-1024&#215;683.jpg\u00a0\u00bb background_position=\u00a0\u00bbbottom_center\u00a0\u00bb min_height=\u00a0\u00bb410px\u00a0\u00bb max_height=\u00a0\u00bb1000px\u00a0\u00bb custom_margin=\u00a0\u00bb-24px||-1px||false|false\u00a0\u00bb custom_padding=\u00a0\u00bb29px||82px|||\u00a0\u00bb hover_enabled=\u00a0\u00bb0&Prime; locked=\u00a0\u00bboff\u00a0\u00bb global_colors_info=\u00a0\u00bb{}\u00a0\u00bb sticky_enabled=\u00a0\u00bb0&Prime;][\/et_pb_section][et_pb_section fb_built=\u00a0\u00bb1&Prime; _builder_version=\u00a0\u00bb4.17.4&Prime; _module_preset=\u00a0\u00bbdefault\u00a0\u00bb custom_margin=\u00a0\u00bb26px|||||\u00a0\u00bb global_colors_info=\u00a0\u00bb{}\u00a0\u00bb][et_pb_row _builder_version=\u00a0\u00bb4.17.4&Prime; _module_preset=\u00a0\u00bbdefault\u00a0\u00bb global_colors_info=\u00a0\u00bb{}\u00a0\u00bb][et_pb_column type=\u00a0\u00bb4_4&Prime; _builder_version=\u00a0\u00bb4.17.4&Prime; _module_preset=\u00a0\u00bbdefault\u00a0\u00bb global_colors_info=\u00a0\u00bb{}\u00a0\u00bb][et_pb_text _builder_version=\u00a0\u00bb4.17.4&Prime; _module_preset=\u00a0\u00bbdefault\u00a0\u00bb text_font=\u00a0\u00bbPoppins||||||||\u00a0\u00bb text_text_color=\u00a0\u00bb#1D3079&Prime; text_font_size=\u00a0\u00bb36px\u00a0\u00bb text_text_color_tablet=\u00a0\u00bb#1D3079&Prime; text_text_color_phone=\u00a0\u00bb#1D3079&Prime; text_text_color_last_edited=\u00a0\u00bbon|phone\u00a0\u00bb global_colors_info=\u00a0\u00bb{}\u00a0\u00bb]<\/p>\n<p><strong>Une question ?<\/strong><\/p>\n<p>[\/et_pb_text][et_pb_text _builder_version=\u00a0\u00bb4.17.4&Prime; _module_preset=\u00a0\u00bbdefault\u00a0\u00bb text_font=\u00a0\u00bbPoppins|300|||||||\u00a0\u00bb text_text_color=\u00a0\u00bbrgba(24,34,61,0.73)\u00a0\u00bb text_font_size=\u00a0\u00bb17px\u00a0\u00bb custom_margin=\u00a0\u00bb60px||0px||false|false\u00a0\u00bb global_colors_info=\u00a0\u00bb{}\u00a0\u00bb]<\/p>\n<p>Pour vous aider, voici les\u00a0<strong>questions fr\u00e9quentes <\/strong>pos\u00e9es par\u00a0les plaisanciers et visiteurs du port.<\/p>\n<p>[\/et_pb_text][\/et_pb_column][\/et_pb_row][\/et_pb_section][et_pb_section fb_built=\u00a0\u00bb1&Prime; _builder_version=\u00a0\u00bb4.17.4&Prime; _module_preset=\u00a0\u00bbdefault\u00a0\u00bb background_color=\u00a0\u00bb#ffffff\u00a0\u00bb background_enable_image=\u00a0\u00bboff\u00a0\u00bb background_enable_pattern_style=\u00a0\u00bbon\u00a0\u00bb background_pattern_style=\u00a0\u00bbwaves\u00a0\u00bb background_pattern_color=\u00a0\u00bbrgba(29,48,121,0.13)\u00a0\u00bb background_pattern_size=\u00a0\u00bbcustom\u00a0\u00bb background_pattern_width=\u00a0\u00bb96px\u00a0\u00bb background_pattern_horizontal_offset=\u00a0\u00bb41%\u00a0\u00bb background_pattern_vertical_offset=\u00a0\u00bb25%\u00a0\u00bb top_divider_style=\u00a0\u00bbmountains\u00a0\u00bb top_divider_color=\u00a0\u00bb#1D3079&Prime; top_divider_height=\u00a0\u00bb23px\u00a0\u00bb global_colors_info=\u00a0\u00bb{}\u00a0\u00bb][et_pb_row column_structure=\u00a0\u00bb1_2,1_2&Prime; _builder_version=\u00a0\u00bb4.17.4&Prime; _module_preset=\u00a0\u00bbdefault\u00a0\u00bb global_colors_info=\u00a0\u00bb{}\u00a0\u00bb][et_pb_column type=\u00a0\u00bb1_2&Prime; _builder_version=\u00a0\u00bb4.17.4&Prime; _module_preset=\u00a0\u00bbdefault\u00a0\u00bb background_color=\u00a0\u00bbRGBA(255,255,255,0)\u00a0\u00bb global_colors_info=\u00a0\u00bb{}\u00a0\u00bb][et_pb_toggle title=\u00a0\u00bbEst il possible de r\u00e9server par t\u00e9l\u00e9phone ou par email ?\u00a0\u00bb _builder_version=\u00a0\u00bb4.21.0&Prime; _module_preset=\u00a0\u00bbbdc22b41-6c40-48a4-9d7c-d1c97f229862&Prime; inline_fonts=\u00a0\u00bbABeeZee\u00a0\u00bb global_colors_info=\u00a0\u00bb{}\u00a0\u00bb border_radii__hover_enabled=\u00a0\u00bboff|desktop\u00a0\u00bb border_radii__hover=\u00a0\u00bbon|38px|38px|38px|38px\u00a0\u00bb]<\/p>\n<p><span style=\"caret-color: #444444; color: #808080; font-family: Poppins; font-size: 14.6667px; font-style: normal; font-variant-caps: normal; font-weight: 400; letter-spacing: normal; text-align: left; text-indent: 0px; text-transform: none; white-space: pre-wrap; word-spacing: 0px; -moz-text-size-adjust: auto; -webkit-text-stroke-width: 0px; background-color: #ffffff; text-decoration: none; display: inline !important; float: none;\">Non, les r\u00e9servations se font uniquement via le site: https:\/\/calvi.smartwaters.com\/<\/span><\/p>\n<p>[\/et_pb_toggle][\/et_pb_column][et_pb_column type=\u00a0\u00bb1_2&Prime; _builder_version=\u00a0\u00bb4.17.4&Prime; _module_preset=\u00a0\u00bbdefault\u00a0\u00bb background_color=\u00a0\u00bbRGBA(255,255,255,0)\u00a0\u00bb global_colors_info=\u00a0\u00bb{}\u00a0\u00bb][et_pb_toggle title=\u00a0\u00bbEst il obligatoire de r\u00e9server une place au port de plaisance ?\u00a0\u00bb _builder_version=\u00a0\u00bb4.21.0&Prime; _module_preset=\u00a0\u00bbbdc22b41-6c40-48a4-9d7c-d1c97f229862&Prime; body_font=\u00a0\u00bbPoppins||||||||\u00a0\u00bb body_text_color=\u00a0\u00bb#848484&Prime; locked=\u00a0\u00bboff\u00a0\u00bb inline_fonts=\u00a0\u00bbABeeZee\u00a0\u00bb global_colors_info=\u00a0\u00bb{}\u00a0\u00bb border_radii__hover_enabled=\u00a0\u00bboff|desktop\u00a0\u00bb border_radii__hover=\u00a0\u00bbon|38px|38px|38px|38px\u00a0\u00bb]<\/p>\n<p>Le seul moyen d&rsquo;avoir la garantie de disposer d&rsquo;une place au port est de la r\u00e9server via notre site web<\/p>\n<p>[\/et_pb_toggle][\/et_pb_column][\/et_pb_row][et_pb_row column_structure=\u00a0\u00bb1_2,1_2&Prime; _builder_version=\u00a0\u00bb4.17.4&Prime; _module_preset=\u00a0\u00bbdefault\u00a0\u00bb global_colors_info=\u00a0\u00bb{}\u00a0\u00bb][et_pb_column type=\u00a0\u00bb1_2&Prime; _builder_version=\u00a0\u00bb4.17.4&Prime; _module_preset=\u00a0\u00bbdefault\u00a0\u00bb background_color=\u00a0\u00bbRGBA(255,255,255,0)\u00a0\u00bb global_colors_info=\u00a0\u00bb{}\u00a0\u00bb][et_pb_toggle title=\u00a0\u00bbLe tarif comprend-il l&rsquo;eau et l&rsquo;\u00e9lectricit\u00e9 ?\u00a0\u00bb _builder_version=\u00a0\u00bb4.17.4&Prime; _module_preset=\u00a0\u00bbbdc22b41-6c40-48a4-9d7c-d1c97f229862&Prime; inline_fonts=\u00a0\u00bbABeeZee\u00a0\u00bb global_colors_info=\u00a0\u00bb{}\u00a0\u00bb]<\/p>\n<p><span style=\"caret-color: #444444; color: #808080; font-family: Poppins; font-size: 14.6667px; font-style: normal; font-variant-caps: normal; font-weight: 400; letter-spacing: normal; text-align: left; text-indent: 0px; text-transform: none; white-space: pre-wrap; word-spacing: 0px; -moz-text-size-adjust: auto; -webkit-text-stroke-width: 0px; background-color: #ffffff; text-decoration: none; display: inline !important; float: none;\">Oui<\/span><\/p>\n<p>[\/et_pb_toggle][\/et_pb_column][et_pb_column type=\u00a0\u00bb1_2&Prime; _builder_version=\u00a0\u00bb4.17.4&Prime; _module_preset=\u00a0\u00bbdefault\u00a0\u00bb background_color=\u00a0\u00bbRGBA(255,255,255,0)\u00a0\u00bb global_colors_info=\u00a0\u00bb{}\u00a0\u00bb][et_pb_toggle title=\u00a0\u00bbAvez-vous un code wifi ?\u00a0\u00bb open_toggle_text_color=\u00a0\u00bb#1d3079&Prime; _builder_version=\u00a0\u00bb4.17.6&Prime; _module_preset=\u00a0\u00bbbdc22b41-6c40-48a4-9d7c-d1c97f229862&Prime; title_text_color=\u00a0\u00bb#1d3079&Prime; inline_fonts=\u00a0\u00bbABeeZee\u00a0\u00bb global_colors_info=\u00a0\u00bb{}\u00a0\u00bb border_radii__hover_enabled=\u00a0\u00bboff|desktop\u00a0\u00bb border_radii__hover=\u00a0\u00bbon|38px|38px|38px|38px\u00a0\u00bb]<\/p>\n<p><span style=\"caret-color: #444444; color: #808080; font-family: Poppins; font-size: 14.6667px; font-style: normal; font-variant-caps: normal; font-weight: 400; letter-spacing: normal; text-align: left; text-indent: 0px; text-transform: none; white-space: pre-wrap; word-spacing: 0px; -moz-text-size-adjust: auto; -webkit-text-stroke-width: 0px; background-color: #ffffff; text-decoration: none; display: inline !important; float: none;\">Oui<\/span><\/p>\n<p>[\/et_pb_toggle][\/et_pb_column][\/et_pb_row][et_pb_row column_structure=\u00a0\u00bb1_2,1_2&Prime; _builder_version=\u00a0\u00bb4.17.4&Prime; _module_preset=\u00a0\u00bbdefault\u00a0\u00bb global_colors_info=\u00a0\u00bb{}\u00a0\u00bb][et_pb_column type=\u00a0\u00bb1_2&Prime; _builder_version=\u00a0\u00bb4.17.4&Prime; _module_preset=\u00a0\u00bbdefault\u00a0\u00bb background_color=\u00a0\u00bbRGBA(255,255,255,0)\u00a0\u00bb global_colors_info=\u00a0\u00bb{}\u00a0\u00bb][et_pb_toggle title=\u00a0\u00bbLes sanitaires sont-ils ouverts 24h\/24 ?\u00a0\u00bb _builder_version=\u00a0\u00bb4.17.4&Prime; _module_preset=\u00a0\u00bbbdc22b41-6c40-48a4-9d7c-d1c97f229862&Prime; body_text_color=\u00a0\u00bb#1D3079&Prime; inline_fonts=\u00a0\u00bbABeeZee\u00a0\u00bb global_colors_info=\u00a0\u00bb{}\u00a0\u00bb border_radii__hover_enabled=\u00a0\u00bboff|desktop\u00a0\u00bb border_radii__hover=\u00a0\u00bbon|38px|38px|38px|38px\u00a0\u00bb]<\/p>\n<p><span style=\"caret-color: #444444; color: #808080; font-family: Poppins; font-size: 14.6667px; font-style: normal; font-variant-caps: normal; font-weight: 400; letter-spacing: normal; text-align: left; text-indent: 0px; text-transform: none; white-space: pre-wrap; word-spacing: 0px; -moz-text-size-adjust: auto; -webkit-text-stroke-width: 0px; background-color: #ffffff; text-decoration: none; display: inline !important; float: none;\">Oui<\/span><\/p>\n<p>[\/et_pb_toggle][\/et_pb_column][et_pb_column type=\u00a0\u00bb1_2&Prime; _builder_version=\u00a0\u00bb4.17.4&Prime; _module_preset=\u00a0\u00bbdefault\u00a0\u00bb background_color=\u00a0\u00bbRGBA(255,255,255,0)\u00a0\u00bb global_colors_info=\u00a0\u00bb{}\u00a0\u00bb][et_pb_toggle title=\u00a0\u00bbA quelle heure peut-on arriver au port ?\u00a0\u00bb _builder_version=\u00a0\u00bb4.17.4&Prime; _module_preset=\u00a0\u00bbbdc22b41-6c40-48a4-9d7c-d1c97f229862&Prime; inline_fonts=\u00a0\u00bbABeeZee\u00a0\u00bb global_colors_info=\u00a0\u00bb{}\u00a0\u00bb border_radii__hover_enabled=\u00a0\u00bboff|desktop\u00a0\u00bb border_radii__hover=\u00a0\u00bbon|38px|38px|38px|38px\u00a0\u00bb]<\/p>\n<p><span style=\"caret-color: #444444; color: #808080; font-family: Poppins; font-size: 14.6667px; font-style: normal; font-variant-caps: normal; font-weight: 400; letter-spacing: normal; text-align: left; text-indent: 0px; text-transform: none; white-space: pre-wrap; word-spacing: 0px; -moz-text-size-adjust: auto; -webkit-text-stroke-width: 0px; background-color: #ffffff; text-decoration: none; display: inline !important; float: none;\">Les places sont disponibles de 12h \u00e0 12h<\/span><\/p>\n<p>[\/et_pb_toggle][\/et_pb_column][\/et_pb_row][\/et_pb_section][et_pb_section fb_built=\u00a0\u00bb1&Prime; _builder_version=\u00a0\u00bb4.17.6&Prime; _module_preset=\u00a0\u00bbdefault\u00a0\u00bb background_color=\u00a0\u00bb#e8eae8&Prime; min_height=\u00a0\u00bb485.5px\u00a0\u00bb custom_margin=\u00a0\u00bb||5px||false|false\u00a0\u00bb global_module=\u00a0\u00bb147&Prime; global_colors_info=\u00a0\u00bb{}\u00a0\u00bb][et_pb_row column_structure=\u00a0\u00bb1_4,1_4,1_4,1_4&Prime; _builder_version=\u00a0\u00bb4.17.4&Prime; _module_preset=\u00a0\u00bbdefault\u00a0\u00bb custom_padding=\u00a0\u00bb||0px|||\u00a0\u00bb global_colors_info=\u00a0\u00bb{}\u00a0\u00bb][et_pb_column type=\u00a0\u00bb1_4&Prime; _builder_version=\u00a0\u00bb4.17.4&Prime; _module_preset=\u00a0\u00bbdefault\u00a0\u00bb global_colors_info=\u00a0\u00bb{}\u00a0\u00bb][et_pb_text _builder_version=\u00a0\u00bb4.21.0&Prime; _module_preset=\u00a0\u00bbdefault\u00a0\u00bb text_text_color=\u00a0\u00bb#1D3079&Prime; header_font=\u00a0\u00bbPoppins|600|||||||\u00a0\u00bb header_text_color=\u00a0\u00bb#1D3079&Prime; global_colors_info=\u00a0\u00bb{}\u00a0\u00bb]<\/p>\n<h1>Calvi Marina<\/h1>\n<p>PORT DE PLAISANCE<br \/>Xavier Colonna <br \/>20260 CALVI<\/p>\n<p>[\/et_pb_text][\/et_pb_column][et_pb_column type=\u00a0\u00bb1_4&Prime; _builder_version=\u00a0\u00bb4.17.4&Prime; _module_preset=\u00a0\u00bbdefault\u00a0\u00bb global_colors_info=\u00a0\u00bb{}\u00a0\u00bb][et_pb_text _builder_version=\u00a0\u00bb4.21.0&Prime; _module_preset=\u00a0\u00bbdefault\u00a0\u00bb text_text_color=\u00a0\u00bb#1D3079&Prime; header_font=\u00a0\u00bbPoppins|600|||||||\u00a0\u00bb header_text_color=\u00a0\u00bb#1D3079&Prime; global_colors_info=\u00a0\u00bb{}\u00a0\u00bb]<\/p>\n<h1>Contact<\/h1>\n<p>Mail : <a href=\"mailto:portplaisance@ville-calvi.fr\">portplaisance@ville-calvi.fr<\/a><\/p>\n<p>T\u00e9l : 04 95 65 10 60<\/p>\n<p>T\u00e9l astreinte: 07 84 81 83 74<\/p>\n<p>[\/et_pb_text][\/et_pb_column][et_pb_column type=\u00a0\u00bb1_4&Prime; _builder_version=\u00a0\u00bb4.17.4&Prime; _module_preset=\u00a0\u00bbdefault\u00a0\u00bb global_colors_info=\u00a0\u00bb{}\u00a0\u00bb][et_pb_text _builder_version=\u00a0\u00bb4.17.4&Prime; _module_preset=\u00a0\u00bbdefault\u00a0\u00bb text_text_color=\u00a0\u00bb#1D3079&Prime; header_font=\u00a0\u00bbPoppins|600|||||||\u00a0\u00bb header_text_color=\u00a0\u00bb#1D3079&Prime; global_colors_info=\u00a0\u00bb{}\u00a0\u00bb]<\/p>\n<h1>Liens utiles<\/h1>\n<p>[\/et_pb_text][et_pb_button button_url=\u00a0\u00bbhttps:\/\/www.lesportscorses.com\/calvi-marina\/calvi-marina-services-portuaires\/\u00a0\u00bb url_new_window=\u00a0\u00bbon\u00a0\u00bb button_text=\u00a0\u00bbServices portuaires\u00a0\u00bb button_alignment=\u00a0\u00bbleft\u00a0\u00bb _builder_version=\u00a0\u00bb4.21.0&Prime; _module_preset=\u00a0\u00bbdefault\u00a0\u00bb custom_button=\u00a0\u00bbon\u00a0\u00bb button_text_size=\u00a0\u00bb14px\u00a0\u00bb button_text_color=\u00a0\u00bb#1D3079&Prime; button_use_icon=\u00a0\u00bboff\u00a0\u00bb background_layout=\u00a0\u00bbdark\u00a0\u00bb custom_margin=\u00a0\u00bb0px|0px|0px|0px|true|true\u00a0\u00bb custom_padding=\u00a0\u00bb0px|8px|0px|8px|true|true\u00a0\u00bb global_colors_info=\u00a0\u00bb{}\u00a0\u00bb][\/et_pb_button][et_pb_button button_url=\u00a0\u00bbhttps:\/\/www.lesportscorses.com\/calvi-marina\/calvi-marina-infos-utiles-en-mer\/\u00a0\u00bb url_new_window=\u00a0\u00bbon\u00a0\u00bb button_text=\u00a0\u00bbInfos utiles en mer\u00a0\u00bb button_alignment=\u00a0\u00bbleft\u00a0\u00bb _builder_version=\u00a0\u00bb4.21.0&Prime; _module_preset=\u00a0\u00bbdefault\u00a0\u00bb custom_button=\u00a0\u00bbon\u00a0\u00bb button_text_size=\u00a0\u00bb14px\u00a0\u00bb button_text_color=\u00a0\u00bb#1D3079&Prime; button_use_icon=\u00a0\u00bboff\u00a0\u00bb background_layout=\u00a0\u00bbdark\u00a0\u00bb custom_margin=\u00a0\u00bb10px|0px|10px|0px|true|true\u00a0\u00bb custom_padding=\u00a0\u00bb0px|10px|0px|9px|true|false\u00a0\u00bb global_colors_info=\u00a0\u00bb{}\u00a0\u00bb][\/et_pb_button][\/et_pb_column][et_pb_column type=\u00a0\u00bb1_4&Prime; _builder_version=\u00a0\u00bb4.17.4&Prime; _module_preset=\u00a0\u00bbdefault\u00a0\u00bb global_colors_info=\u00a0\u00bb{}\u00a0\u00bb][et_pb_text _builder_version=\u00a0\u00bb4.21.0&Prime; _module_preset=\u00a0\u00bbdefault\u00a0\u00bb text_text_color=\u00a0\u00bb#1D3079&Prime; header_font=\u00a0\u00bbPoppins|600|||||||\u00a0\u00bb header_text_color=\u00a0\u00bb#1D3079&Prime; global_colors_info=\u00a0\u00bb{}\u00a0\u00bb]<\/p>\n<h1>Labels et Certifications<\/h1>\n<p>[\/et_pb_text][et_pb_image src=\u00a0\u00bbhttps:\/\/www.lesportscorses.com\/calvi-marina\/wp-content\/uploads\/2023\/05\/TA\u00a9lA\u00a9chargementLogoPB-2-removebg-preview.png\u00a0\u00bb alt=\u00a0\u00bbpavillon bleu attribu\u00e9 au port de calvi\u00a0\u00bb title_text=\u00a0\u00bbpavillon bleu\u00a0\u00bb _builder_version=\u00a0\u00bb4.21.0&Prime; _module_preset=\u00a0\u00bbdefault\u00a0\u00bb transform_scale=\u00a0\u00bb63%|63%\u00a0\u00bb transform_translate=\u00a0\u00bb-104px|-105px\u00a0\u00bb transform_translate_linked=\u00a0\u00bboff\u00a0\u00bb custom_padding=\u00a0\u00bb1px|||||\u00a0\u00bb global_colors_info=\u00a0\u00bb{}\u00a0\u00bb][\/et_pb_image][\/et_pb_column][\/et_pb_row][et_pb_row _builder_version=\u00a0\u00bb4.17.6&Prime; _module_preset=\u00a0\u00bbdefault\u00a0\u00bb global_colors_info=\u00a0\u00bb{}\u00a0\u00bb][et_pb_column type=\u00a0\u00bb4_4&Prime; _builder_version=\u00a0\u00bb4.17.6&Prime; _module_preset=\u00a0\u00bbdefault\u00a0\u00bb global_colors_info=\u00a0\u00bb{}\u00a0\u00bb][et_pb_text _builder_version=\u00a0\u00bb4.21.0&Prime; _module_preset=\u00a0\u00bbdefault\u00a0\u00bb global_colors_info=\u00a0\u00bb{}\u00a0\u00bb]<\/p>\n<p style=\"text-align: center;\">Calvi Marina est membre du r\u00e9seau<a href=\"https:\/\/www.lesportscorses.com\" target=\"_blank\" rel=\"noopener\"> Les Ports Corses<\/a>. Le 1er r\u00e9seau portuaire de l&rsquo;\u00eele de Corse, oeuvrant pour la dynamisation des activit\u00e9s \u00e9conomiques locales et la protection du patrimoine environnemental corse.<\/p>\n<p>[\/et_pb_text][\/et_pb_column][\/et_pb_row][\/et_pb_section]<\/p>\n","protected":false},"excerpt":{"rendered":"<p>Une question ?Pour vous aider, voici les\u00a0questions fr\u00e9quentes pos\u00e9es par\u00a0les plaisanciers et visiteurs du port.Non, les r\u00e9servations se font uniquement via le site: https:\/\/calvi.smartwaters.com\/Le seul moyen d&rsquo;avoir la garantie de disposer d&rsquo;une place au port est de la r\u00e9server via notre site webOuiOuiOuiLes places sont disponibles de 12h \u00e0 12hCalvi Marina PORT DE PLAISANCEXavier Colonna [&hellip;]<\/p>\n","protected":false},"author":2,"featured_media":0,"parent":0,"menu_order":0,"comment_status":"closed","ping_status":"closed","template":"page-template-blank.php","meta":{"_et_pb_use_builder":"on","_et_pb_old_content":"","_et_gb_content_width":"","footnotes":""},"class_list":["post-100","page","type-page","status-publish","hentry"],"_links":{"self":[{"href":"https:\/\/www.lesportscorses.com\/calvi-marina\/wp-json\/wp\/v2\/pages\/100","targetHints":{"allow":["GET"]}}],"collection":[{"href":"https:\/\/www.lesportscorses.com\/calvi-marina\/wp-json\/wp\/v2\/pages"}],"about":[{"href":"https:\/\/www.lesportscorses.com\/calvi-marina\/wp-json\/wp\/v2\/types\/page"}],"author":[{"embeddable":true,"href":"https:\/\/www.lesportscorses.com\/calvi-marina\/wp-json\/wp\/v2\/users\/2"}],"replies":[{"embeddable":true,"href":"https:\/\/www.lesportscorses.com\/calvi-marina\/wp-json\/wp\/v2\/comments?post=100"}],"version-history":[{"count":6,"href":"https:\/\/www.lesportscorses.com\/calvi-marina\/wp-json\/wp\/v2\/pages\/100\/revisions"}],"predecessor-version":[{"id":195,"href":"https:\/\/www.lesportscorses.com\/calvi-marina\/wp-json\/wp\/v2\/pages\/100\/revisions\/195"}],"wp:attachment":[{"href":"https:\/\/www.lesportscorses.com\/calvi-marina\/wp-json\/wp\/v2\/media?parent=100"}],"curies":[{"name":"wp","href":"https:\/\/api.w.org\/{rel}","templated":true}]}}