{"id":222,"date":"2026-04-21T20:36:25","date_gmt":"2026-04-21T20:36:25","guid":{"rendered":"https:\/\/www.lesportscorses.com\/carghese\/?page_id=222"},"modified":"2026-04-21T20:36:25","modified_gmt":"2026-04-21T20:36:25","slug":"patrimoine","status":"publish","type":"page","link":"https:\/\/www.lesportscorses.com\/carghese\/patrimoine\/","title":{"rendered":"Patrimoine"},"content":{"rendered":"<p>[et_pb_section fb_built=&#8221;1&#8243; admin_label=&#8221;section&#8221; _builder_version=&#8221;4.19.0&#8243; _module_preset=&#8221;default&#8221; background_image=&#8221;https:\/\/www.lesportscorses.com\/carghese\/wp-content\/uploads\/2022\/07\/Calanque-de-piana-scaled.jpg&#8221; min_height=&#8221;500px&#8221; max_height=&#8221;1000px&#8221; custom_margin=&#8221;-102px||-1px||false|false&#8221; locked=&#8221;off&#8221; global_colors_info=&#8221;{}&#8221;][\/et_pb_section][et_pb_section fb_built=&#8221;1&#8243; _builder_version=&#8221;4.19.0&#8243; _module_preset=&#8221;default&#8221; global_colors_info=&#8221;{}&#8221;][et_pb_row _builder_version=&#8221;4.17.6&#8243; _module_preset=&#8221;default&#8221; global_colors_info=&#8221;{}&#8221; custom_margin=&#8221;|auto|-57px|auto||&#8221;][et_pb_column type=&#8221;4_4&#8243; _builder_version=&#8221;4.17.6&#8243; _module_preset=&#8221;default&#8221; global_colors_info=&#8221;{}&#8221;][et_pb_text _builder_version=&#8221;4.19.0&#8243; _module_preset=&#8221;default&#8221; text_font=&#8221;Poppins|700|||||||&#8221; text_text_color=&#8221;#22ad9d&#8221; text_font_size=&#8221;41px&#8221; custom_margin=&#8221;||37px||false|false&#8221; global_colors_info=&#8221;{}&#8221;]<\/p>\n<p>PATRIMOINE<\/p>\n<p>[\/et_pb_text][et_pb_text _builder_version=&#8221;4.19.0&#8243; _module_preset=&#8221;default&#8221; text_font=&#8221;Poppins|300|||||||&#8221; text_text_color=&#8221;#464647&#8243; text_font_size=&#8221;18px&#8221; text_letter_spacing=&#8221;1px&#8221; text_line_height=&#8221;1em&#8221; text_orientation=&#8221;center&#8221; custom_margin=&#8221;10px||30px||false|false&#8221; animation_style=&#8221;slide&#8221; animation_direction=&#8221;left&#8221; animation_duration=&#8221;1150ms&#8221; animation_delay=&#8221;650ms&#8221; animation_intensity_slide=&#8221;33%&#8221; animation_starting_opacity=&#8221;5%&#8221; locked=&#8221;off&#8221; global_colors_info=&#8221;{}&#8221;]<\/p>\n<p style=\"text-align: left;\">Retrouvez tous les lieux que nous vous proposons de visiter lors de votre s\u00e9jour dans notre port.<\/p>\n<p>[\/et_pb_text][et_pb_divider _builder_version=&#8221;4.17.6&#8243; _module_preset=&#8221;default&#8221; global_colors_info=&#8221;{}&#8221;][\/et_pb_divider][\/et_pb_column][\/et_pb_row][\/et_pb_section][et_pb_section fb_built=&#8221;1&#8243; _builder_version=&#8221;4.17.4&#8243; _module_preset=&#8221;default&#8221; global_colors_info=&#8221;{}&#8221; custom_padding=&#8221;0px|||||&#8221;][et_pb_row _builder_version=&#8221;4.17.4&#8243; _module_preset=&#8221;default&#8221; global_colors_info=&#8221;{}&#8221;][et_pb_column type=&#8221;4_4&#8243; _builder_version=&#8221;4.17.4&#8243; _module_preset=&#8221;default&#8221; global_colors_info=&#8221;{}&#8221;][et_pb_team_member name=&#8221;\u00c9glise Saint-Spyridon&#8221; position=&#8221;Emplacement: Rue de Gr\u00e8ce &#8211; 20130 Carg\u00e8se&#8221; image_url=&#8221;https:\/\/www.lesportscorses.com\/carghese\/wp-content\/uploads\/2022\/07\/E\u0301glise-saint-spiridon.jpg&#8221; _builder_version=&#8221;4.19.0&#8243; _module_preset=&#8221;default&#8221; background_color=&#8221;#f9fafc&#8221; width=&#8221;100%&#8221; module_alignment=&#8221;center&#8221; custom_padding=&#8221;10px|13px|10px|13px|true|true&#8221; link_option_url=&#8221;www.nauticspot.com\/fr&#8221; link_option_url_new_window=&#8221;on&#8221; box_shadow_style=&#8221;preset3&#8243; global_colors_info=&#8221;{}&#8221;]<\/p>\n<p style=\"text-align: justify;\">\n<p style=\"text-align: justify;\">\n<p style=\"text-align: justify;\">Symbole vivant de la tradition, l&#8217;\u00e9glise dite grecque de Carg\u00e8se remplace l\u2019Eglise primitive trop \u00e9troite.<\/p>\n<p style=\"text-align: justify;\">\n<p style=\"text-align: left;\">Plus d&#8217;informations: <a href=\"https:\/\/www.ouestcorsica.com\/activites\/eglise-saint-spyridon\/#group-ancrage-localisation\">https:\/\/www.ouestcorsica.com\/activites\/eglise-saint-spyridon\/#group-ancrage-localisation<\/a><\/p>\n<p>[\/et_pb_team_member][et_pb_team_member name=&#8221;Tour d&#8217;Omigna&#8221; image_url=&#8221;https:\/\/www.lesportscorses.com\/carghese\/wp-content\/uploads\/2022\/07\/Tour_Omigna-scaled.jpg&#8221; _builder_version=&#8221;4.19.0&#8243; _module_preset=&#8221;default&#8221; background_color=&#8221;#f9fafc&#8221; width=&#8221;100%&#8221; module_alignment=&#8221;center&#8221; custom_padding=&#8221;10px|13px|10px|13px|true|true&#8221; link_option_url=&#8221;www.nauticspot.com\/fr&#8221; link_option_url_new_window=&#8221;on&#8221; box_shadow_style=&#8221;preset3&#8243; global_colors_info=&#8221;{}&#8221;]<\/p>\n<p style=\"text-align: justify;\">\n<p style=\"text-align: justify;\">\n<p style=\"text-align: justify;\">C&#8217;est une tour ronde de douze m\u00e8tres de haut, construite sur une assise rocheuse, restaur\u00e9e en 2009 les visiteurs peuvent monter sur la terrasse du toit pour admirer la vue. Un sentier panoramique et facile vous y conduit depuis la plage du Pero<\/p>\n<p style=\"text-align: justify;\">Emplacement: <a href=\"https:\/\/www.google.com\/maps\/place\/Tour+G%C3%A9noise+d'Omigna+-+Torra+Ghjenuvese+d'Omigna\/@42.1462775,8.5610762,17.04z\/data=!4m5!3m4!1s0x0:0xce2b882b39bff930!8m2!3d42.1464964!4d8.5600695\">Cliquez ici<\/a><\/p>\n<p style=\"text-align: left;\">Plus d&#8217;informations:<a href=\"https:\/\/www.ouestcorsica.com\/activites\/tour-domigna\/\"> https:\/\/www.ouestcorsica.com\/activites\/tour-domigna\/<\/a><\/p>\n<p>[\/et_pb_team_member][et_pb_team_member name=&#8221;Tour de Capo Rosso&#8221; image_url=&#8221;https:\/\/www.lesportscorses.com\/carghese\/wp-content\/uploads\/2022\/07\/Corse-04934-Capo_Rosso.jpg&#8221; _builder_version=&#8221;4.19.0&#8243; _module_preset=&#8221;default&#8221; background_color=&#8221;#f9fafc&#8221; width=&#8221;100%&#8221; module_alignment=&#8221;center&#8221; custom_padding=&#8221;10px|13px|10px|13px|true|true&#8221; link_option_url=&#8221;www.nauticspot.com\/fr&#8221; link_option_url_new_window=&#8221;on&#8221; box_shadow_style=&#8221;preset3&#8243; global_colors_info=&#8221;{}&#8221;]<\/p>\n<p style=\"text-align: justify;\">Promontoire fabuleux, Capo Rosso est l\u2019une des plus hautes falaises maritimes d\u2019Europe, offrant des vues inoubliables sur les paysages color\u00e9s depuis sa tour, nich\u00e9 \u00e0 plus de 300 m\u00e8tres d&#8217;altitude au dessus de la mer.<\/p>\n<p style=\"text-align: justify;\">Emplacement: <a href=\"https:\/\/www.google.com\/maps\/place\/Capo+Rosso\/@42.2357049,8.5500809,14.48z\/data=!4m12!1m6!3m5!1s0x0:0x7f850fd71056614e!2sTour+G%C3%A9noise+de+Turghju+-+Torra+Ghjenuvese+di+Turghju!8m2!3d42.2365476!4d8.5522453!3m4!1s0x0:0xf48625fb70e8ca0d!8m2!3d42.2361899!4d8.5419087\">Cliquez ici<\/a><\/p>\n<p style=\"text-align: left;\">Pour plus d&#8217;informations: <a href=\"https:\/\/www.ouestcorsica.com\/activites\/tour-de-capu-rossu-ou-turghiu\/\">https:\/\/www.ouestcorsica.com\/activites\/tour-de-capu-rossu-ou-turghiu\/<\/a><\/p>\n<p>[\/et_pb_team_member][et_pb_team_member name=&#8221;R\u00e9serve naturelle de Scandola&#8221; image_url=&#8221;https:\/\/www.lesportscorses.com\/carghese\/wp-content\/uploads\/2022\/07\/re\u0301serve-naturelle-de-scandola.jpg&#8221; _builder_version=&#8221;4.19.0&#8243; _module_preset=&#8221;default&#8221; background_color=&#8221;#f9fafc&#8221; width=&#8221;100%&#8221; module_alignment=&#8221;center&#8221; custom_padding=&#8221;10px|13px|10px|13px|true|true&#8221; link_option_url=&#8221;www.nauticspot.com\/fr&#8221; link_option_url_new_window=&#8221;on&#8221; box_shadow_style=&#8221;preset3&#8243; global_colors_info=&#8221;{}&#8221;]<\/p>\n<p style=\"text-align: justify;\">La r\u00e9serve naturelle de Scandola est le premier site de France d\u00e9di\u00e9 \u00e0 la pr\u00e9servation du patrimoine naturel \u00e0 la fois terrestre et marin. Cette double vocation en fait un lieu unique et farouchement pr\u00e9serv\u00e9.<\/p>\n<p style=\"text-align: justify;\">Emplacement: <a href=\"https:\/\/www.google.com\/maps\/place\/R%C3%A9serve+Naturelle+de+Scandola+-+Riserva+naturali+di+Scandola\/@42.3584697,8.5679334,15z\/data=!4m2!3m1!1s0x0:0xb63985fb313452be?sa=X&amp;ved=2ahUKEwiAtbjp26T2AhUygv0HHQx7BO0Q_BJ6BAgrEAU\">Cliquez ici<\/a><\/p>\n<p style=\"text-align: left;\">Pour plus d&#8217;informations: <a href=\"https:\/\/www.ouestcorsica.com\/decouvrir\/les-incontournables\/reserve-naturelle-de-scandola-unseco\/\">https:\/\/www.ouestcorsica.com\/decouvrir\/les-incontournables\/reserve-naturelle-de-scandola-unseco\/<\/a><\/p>\n<p>[\/et_pb_team_member][et_pb_team_member name=&#8221;Calanques de Piana&#8221; image_url=&#8221;https:\/\/www.lesportscorses.com\/carghese\/wp-content\/uploads\/2022\/07\/Calanque-de-piana-scaled.jpg&#8221; _builder_version=&#8221;4.19.0&#8243; _module_preset=&#8221;default&#8221; background_color=&#8221;#f9fafc&#8221; width=&#8221;100%&#8221; module_alignment=&#8221;center&#8221; custom_padding=&#8221;10px|13px|10px|13px|true|true&#8221; link_option_url=&#8221;www.nauticspot.com\/fr&#8221; link_option_url_new_window=&#8221;on&#8221; box_shadow_style=&#8221;preset3&#8243; global_colors_info=&#8221;{}&#8221;]<\/p>\n<p>Merveilles naturelles de Corse, site d\u2019int\u00e9r\u00eat \u00e9cologique et inscrit au Patrimoine mondial de l\u2019Unesco, les Calanques de Piana sont un petit paradis aux tr\u00e9sors presque cach\u00e9s.<\/p>\n<p>Emplacement: <a href=\"https:\/\/www.google.fr\/maps\/place\/Calanques+de+Piana+-+Calanche+di+Piana\/@42.2454527,8.6534769,15z\/data=!4m2!3m1!1s0x0:0xa182da8e4846870f?sa=X&amp;ved=2ahUKEwjw2MHE3KT2AhW2gs4BHYbWAR8Q_BJ6BAhCEAU\">Cliquez ici<\/a><\/p>\n<p>Pour plus d&#8217;informations: <a href=\"https:\/\/www.ouestcorsica.com\/decouvrir\/les-incontournables\/calanques-de-piana\/\">https:\/\/www.ouestcorsica.com\/decouvrir\/les-incontournables\/calanques-de-piana\/<\/a><\/p>\n<p>[\/et_pb_team_member][et_pb_team_member name=&#8221;Le Golfe de Girolata&#8221; image_url=&#8221;https:\/\/www.lesportscorses.com\/carghese\/wp-content\/uploads\/2022\/07\/golfe-de-girata.jpg&#8221; _builder_version=&#8221;4.19.0&#8243; _module_preset=&#8221;default&#8221; background_color=&#8221;#f9fafc&#8221; width=&#8221;100%&#8221; module_alignment=&#8221;center&#8221; custom_padding=&#8221;10px|13px|10px|13px|true|true&#8221; link_option_url=&#8221;www.nauticspot.com\/fr&#8221; link_option_url_new_window=&#8221;on&#8221; box_shadow_style=&#8221;preset3&#8243; global_colors_info=&#8221;{}&#8221;]<\/p>\n<p style=\"text-align: justify;\">V\u00e9ritable paysage de carte postale sur le littoral occidental corse, Girolata se d\u00e9couvre en bordure de la r\u00e9serve de Scandola en un petit golfe bien abrit\u00e9.<\/p>\n<p>Emplacement: <a href=\"https:\/\/www.google.fr\/maps\/place\/Golfe+de+Girolata\/@42.3357671,8.5774468,14z\/data=!3m1!4b1!4m5!3m4!1s0x12d08447ce10de3b:0x46c16d8c0a2b37a6!8m2!3d42.3311586!4d8.5995773\">Cliquez ici<\/a><\/p>\n<p>Pour plus d&#8217;informations: <a href=\"https:\/\/www.ouestcorsica.com\/decouvrir\/les-incontournables\/golfedegirolata\/\">https:\/\/www.ouestcorsica.com\/decouvrir\/les-incontournables\/golfedegirolata\/<\/a><\/p>\n<p>[\/et_pb_team_member][\/et_pb_column][\/et_pb_row][\/et_pb_section]<\/p>\n","protected":false},"excerpt":{"rendered":"<p>PATRIMOINERetrouvez tous les lieux que nous vous proposons de visiter lors de votre s\u00e9jour dans notre port. Symbole vivant de la tradition, l&#8217;\u00e9glise dite grecque de Carg\u00e8se remplace l\u2019Eglise primitive trop \u00e9troite. Plus d&#8217;informations: https:\/\/www.ouestcorsica.com\/activites\/eglise-saint-spyridon\/#group-ancrage-localisation C&#8217;est une tour ronde de douze m\u00e8tres de haut, construite sur une assise rocheuse, restaur\u00e9e en 2009 les visiteurs peuvent [&hellip;]<\/p>\n","protected":false},"author":1,"featured_media":0,"parent":0,"menu_order":0,"comment_status":"closed","ping_status":"closed","template":"","meta":{"_et_pb_use_builder":"on","_et_pb_old_content":"","_et_gb_content_width":"","footnotes":""},"class_list":["post-222","page","type-page","status-publish","hentry"],"_links":{"self":[{"href":"https:\/\/www.lesportscorses.com\/carghese\/wp-json\/wp\/v2\/pages\/222","targetHints":{"allow":["GET"]}}],"collection":[{"href":"https:\/\/www.lesportscorses.com\/carghese\/wp-json\/wp\/v2\/pages"}],"about":[{"href":"https:\/\/www.lesportscorses.com\/carghese\/wp-json\/wp\/v2\/types\/page"}],"author":[{"embeddable":true,"href":"https:\/\/www.lesportscorses.com\/carghese\/wp-json\/wp\/v2\/users\/1"}],"replies":[{"embeddable":true,"href":"https:\/\/www.lesportscorses.com\/carghese\/wp-json\/wp\/v2\/comments?post=222"}],"version-history":[{"count":1,"href":"https:\/\/www.lesportscorses.com\/carghese\/wp-json\/wp\/v2\/pages\/222\/revisions"}],"predecessor-version":[{"id":16847,"href":"https:\/\/www.lesportscorses.com\/carghese\/wp-json\/wp\/v2\/pages\/222\/revisions\/16847"}],"wp:attachment":[{"href":"https:\/\/www.lesportscorses.com\/carghese\/wp-json\/wp\/v2\/media?parent=222"}],"curies":[{"name":"wp","href":"https:\/\/api.w.org\/{rel}","templated":true}]}}