{"id":38,"date":"2023-07-21T17:34:36","date_gmt":"2023-07-21T17:34:36","guid":{"rendered":"https:\/\/www.lesportscorses.com\/ile-rousse\/?page_id=38"},"modified":"2023-07-23T18:12:13","modified_gmt":"2023-07-23T18:12:13","slug":"patrimoine","status":"publish","type":"page","link":"https:\/\/www.lesportscorses.com\/ile-rousse\/patrimoine\/","title":{"rendered":"Patrimoine"},"content":{"rendered":"<p>[et_pb_section fb_built=&#8221;1&#8243; _builder_version=&#8221;4.17.6&#8243; _module_preset=&#8221;default&#8221; background_color=&#8221;rgba(255,255,255,0)&#8221; horizontal_offset=&#8221;2px&#8221; z_index=&#8221;481&#8243; module_alignment=&#8221;center&#8221; height=&#8221;101px&#8221; height_tablet=&#8221;101px&#8221; height_phone=&#8221;45px&#8221; height_last_edited=&#8221;on|phone&#8221; max_height_tablet=&#8221;&#8221; max_height_phone=&#8221;110px&#8221; max_height_last_edited=&#8221;on|phone&#8221; custom_margin=&#8221;0px||0px||false|false&#8221; custom_padding=&#8221;0vw||0vw||false|false&#8221; background_color_tablet=&#8221;#ffffff&#8221; background_last_edited=&#8221;on|desktop&#8221; background_enable_color_tablet=&#8221;on&#8221; saved_tabs=&#8221;all&#8221; global_colors_info=&#8221;{}&#8221; background__sticky_enabled=&#8221;on|desktop&#8221; background_color__sticky=&#8221;#ffffff&#8221; background_enable_color__sticky=&#8221;on&#8221; height__sticky_enabled=&#8221;on|desktop&#8221; height__sticky=&#8221;85px&#8221; global_module=&#8221;227&#8243; theme_builder_area=&#8221;post_content&#8221;][et_pb_row column_structure=&#8221;1_4,1_2,1_4&#8243; use_custom_gutter=&#8221;on&#8221; gutter_width=&#8221;2&#8243; make_equal=&#8221;on&#8221; _builder_version=&#8221;4.17.6&#8243; _module_preset=&#8221;default&#8221; transform_scale=&#8221;92%|92%&#8221; z_index=&#8221;500&#8243; max_width=&#8221;80%&#8221; max_height=&#8221;183px&#8221; custom_margin=&#8221;||||false|false&#8221; custom_padding=&#8221;||1px||false|false&#8221; custom_css_main_element=&#8221;align-items: center;||||&#8221; global_colors_info=&#8221;{}&#8221; theme_builder_area=&#8221;post_content&#8221;][et_pb_column type=&#8221;1_4&#8243; _builder_version=&#8221;4.17.4&#8243; _module_preset=&#8221;default&#8221; transform_scale_tablet=&#8221;52%|52%&#8221; transform_scale_phone=&#8221;52%|52%&#8221; transform_scale_last_edited=&#8221;on|tablet&#8221; transform_translate_tablet=&#8221;0px|-60px&#8221; transform_translate_phone=&#8221;0px|-60px&#8221; transform_translate_last_edited=&#8221;on|tablet&#8221; transform_translate_linked_tablet=&#8221;off&#8221; transform_rotate_tablet=&#8221;&#8221; transform_rotate_phone=&#8221;&#8221; transform_rotate_last_edited=&#8221;on|tablet&#8221; transform_skew_tablet=&#8221;&#8221; transform_skew_phone=&#8221;&#8221; transform_skew_last_edited=&#8221;on|tablet&#8221; transform_origin_tablet=&#8221;&#8221; transform_origin_phone=&#8221;&#8221; transform_origin_last_edited=&#8221;on|tablet&#8221; transform_styles_last_edited=&#8221;on|tablet&#8221; transform_styles_tablet=&#8221;&#8221; transform_styles_phone=&#8221;&#8221; global_colors_info=&#8221;{}&#8221; theme_builder_area=&#8221;post_content&#8221;][et_pb_image src=&#8221;https:\/\/www.lesportscorses.com\/ile-rousse\/wp-content\/uploads\/2023\/07\/les-ports-corses-logo.png&#8221; title_text=&#8221;les ports corses logo&#8221; url=&#8221;https:\/\/www.lesportscorses.com&#8221; url_new_window=&#8221;on&#8221; disabled_on=&#8221;on|on|off&#8221; _builder_version=&#8221;4.17.6&#8243; _module_preset=&#8221;default&#8221; transform_scale=&#8221;41%|41%&#8221; transform_translate=&#8221;0px|-181px&#8221; transform_translate_linked=&#8221;off&#8221; global_colors_info=&#8221;{}&#8221; theme_builder_area=&#8221;post_content&#8221;][\/et_pb_image][\/et_pb_column][et_pb_column type=&#8221;1_2&#8243; _builder_version=&#8221;4.17.4&#8243; _module_preset=&#8221;default&#8221; custom_padding=&#8221;0px||||false|false&#8221; global_colors_info=&#8221;{}&#8221; theme_builder_area=&#8221;post_content&#8221;][et_pb_menu menu_id=&#8221;6&#8243; menu_style=&#8221;centered&#8221; active_link_color=&#8221;#18223D&#8221; dropdown_menu_bg_color=&#8221;#0C71C3&#8243; dropdown_menu_line_color=&#8221;#22AD9D&#8221; dropdown_menu_text_color=&#8221;#0C71C3&#8243; dropdown_menu_active_link_color=&#8221;#0c71c3&#8243; mobile_menu_bg_color=&#8221;#ffffff&#8221; logo_height=&#8221;200px&#8221; menu_icon_color=&#8221;#0c71c3&#8243; menu_icon_font_size=&#8221;40px&#8221; active_link_color_tablet=&#8221;#18223D&#8221; active_link_color_phone=&#8221;#22AD9D&#8221; active_link_color_last_edited=&#8221;on|phone&#8221; _builder_version=&#8221;4.17.6&#8243; _module_preset=&#8221;default&#8221; menu_font=&#8221;Poppins|500|||||||&#8221; menu_text_color=&#8221;#1A0052&#8243; menu_font_size=&#8221;17px&#8221; background_color=&#8221;RGBA(255,255,255,0)&#8221; transform_translate=&#8221;0px|-43px&#8221; transform_translate_linked=&#8221;off&#8221; z_index=&#8221;2&#8243; custom_margin=&#8221;-41px||0px||false|false&#8221; custom_margin_tablet=&#8221;0px||0px||false|false&#8221; custom_margin_phone=&#8221;-20px||17px||false|false&#8221; custom_margin_last_edited=&#8221;on|phone&#8221; menu_text_color_tablet=&#8221;#fcfffe&#8221; menu_text_color_phone=&#8221;#18223D&#8221; menu_text_color_last_edited=&#8221;on|phone&#8221; menu_font_size_tablet=&#8221;17px&#8221; menu_font_size_phone=&#8221;15px&#8221; menu_font_size_last_edited=&#8221;on|desktop&#8221; menu_line_height_tablet=&#8221;&#8221; menu_line_height_phone=&#8221;0.6em&#8221; menu_line_height_last_edited=&#8221;on|desktop&#8221; global_colors_info=&#8221;{}&#8221; menu_text_color__sticky_enabled=&#8221;on|desktop&#8221; menu_text_color__sticky=&#8221;#18223D&#8221; active_link_color__sticky_enabled=&#8221;on|desktop&#8221; active_link_color__sticky=&#8221;#22AD9D&#8221; dropdown_menu_text_color__sticky_enabled=&#8221;off|desktop&#8221; transform_styles__sticky_enabled=&#8221;off|desktop&#8221; transform_scale__sticky_enabled=&#8221;off|desktop&#8221; transform_translate__sticky_enabled=&#8221;off|desktop&#8221; transform_rotate__sticky_enabled=&#8221;off|desktop&#8221; transform_skew__sticky_enabled=&#8221;off|desktop&#8221; transform_origin__sticky_enabled=&#8221;off|desktop&#8221; theme_builder_area=&#8221;post_content&#8221;][\/et_pb_menu][\/et_pb_column][et_pb_column type=&#8221;1_4&#8243; _builder_version=&#8221;4.17.4&#8243; _module_preset=&#8221;default&#8221; custom_padding=&#8221;0px||||false|false&#8221; global_colors_info=&#8221;{}&#8221; theme_builder_area=&#8221;post_content&#8221;][et_pb_image src=&#8221;https:\/\/www.lesportscorses.com\/ile-rousse\/wp-content\/uploads\/2023\/07\/images-4-300&#215;113.png&#8221; alt=&#8221;logo du port bonifacio marin les ports corses&#8221; title_text=&#8221;images-4&#8243; url=&#8221;https:\/\/www.lesportscorses.com&#8221; url_new_window=&#8221;on&#8221; disabled_on=&#8221;on|on|off&#8221; _builder_version=&#8221;4.17.6&#8243; _module_preset=&#8221;default&#8221; transform_scale=&#8221;41%|41%&#8221; transform_translate=&#8221;0px|-181px&#8221; transform_translate_linked=&#8221;off&#8221; global_colors_info=&#8221;{}&#8221; theme_builder_area=&#8221;post_content&#8221;][\/et_pb_image][\/et_pb_column][\/et_pb_row][\/et_pb_section][et_pb_section fb_built=&#8221;1&#8243; admin_label=&#8221;section&#8221; _builder_version=&#8221;4.17.6&#8243; background_image=&#8221;https:\/\/www.lesportscorses.com\/ile-rousse\/wp-content\/uploads\/2023\/07\/ir10-1.jpg&#8221; min_height=&#8221;400px&#8221; max_height=&#8221;1000px&#8221; custom_margin=&#8221;||-1px||false|false&#8221; locked=&#8221;off&#8221; global_colors_info=&#8221;{}&#8221;][\/et_pb_section][et_pb_section fb_built=&#8221;1&#8243; _builder_version=&#8221;4.17.6&#8243; _module_preset=&#8221;default&#8221; custom_margin=&#8221;||-53px|||&#8221; custom_padding=&#8221;||3px|||&#8221; global_colors_info=&#8221;{}&#8221;][et_pb_row _builder_version=&#8221;4.17.6&#8243; _module_preset=&#8221;default&#8221; global_colors_info=&#8221;{}&#8221;][et_pb_column type=&#8221;4_4&#8243; _builder_version=&#8221;4.17.6&#8243; _module_preset=&#8221;default&#8221; global_colors_info=&#8221;{}&#8221;][et_pb_text _builder_version=&#8221;4.17.6&#8243; _module_preset=&#8221;default&#8221; text_font=&#8221;Poppins|700|||||||&#8221; text_text_color=&#8221;#22ad9d&#8221; text_font_size=&#8221;41px&#8221; custom_margin=&#8221;||37px||false|false&#8221; global_colors_info=&#8221;{}&#8221;]<\/p>\n<p>PATRIMOINE<\/p>\n<p>[\/et_pb_text][et_pb_text _builder_version=&#8221;4.17.6&#8243; _module_preset=&#8221;default&#8221; text_font=&#8221;Poppins|300|||||||&#8221; text_text_color=&#8221;#464647&#8243; text_font_size=&#8221;18px&#8221; text_letter_spacing=&#8221;1px&#8221; text_line_height=&#8221;1em&#8221; text_orientation=&#8221;center&#8221; custom_margin=&#8221;10px||30px||false|false&#8221; animation_style=&#8221;slide&#8221; animation_direction=&#8221;left&#8221; animation_duration=&#8221;1150ms&#8221; animation_delay=&#8221;650ms&#8221; animation_intensity_slide=&#8221;33%&#8221; animation_starting_opacity=&#8221;5%&#8221; locked=&#8221;off&#8221; global_colors_info=&#8221;{}&#8221;]<\/p>\n<p style=\"text-align: left;\">Retrouvez des lieux que nous vous proposons de visiter lors de votre s\u00e9jour dans notre port<\/p>\n<p>[\/et_pb_text][et_pb_divider _builder_version=&#8221;4.17.6&#8243; _module_preset=&#8221;default&#8221; global_colors_info=&#8221;{}&#8221;][\/et_pb_divider][\/et_pb_column][\/et_pb_row][\/et_pb_section][et_pb_section fb_built=&#8221;1&#8243; _builder_version=&#8221;4.17.4&#8243; _module_preset=&#8221;default&#8221; bottom_divider_color=&#8221;#E02B20&#8243; global_colors_info=&#8221;{}&#8221;][et_pb_row _builder_version=&#8221;4.17.6&#8243; _module_preset=&#8221;default&#8221; min_height=&#8221;1681.3px&#8221; custom_padding=&#8221;61px|||||&#8221; global_colors_info=&#8221;{}&#8221;][et_pb_column type=&#8221;4_4&#8243; _builder_version=&#8221;4.17.6&#8243; _module_preset=&#8221;default&#8221; global_colors_info=&#8221;{}&#8221;][et_pb_team_member name=&#8221;La Poudri\u00e8re &#8211; Tour du Scalu&#8221; image_url=&#8221;https:\/\/www.lesportscorses.com\/ile-rousse\/wp-content\/uploads\/2023\/07\/photo-poudriere-300&#215;150.webp&#8221; _builder_version=&#8221;4.17.6&#8243; _module_preset=&#8221;default&#8221; background_color=&#8221;#f9fafc&#8221; width=&#8221;100%&#8221; module_alignment=&#8221;center&#8221; custom_padding=&#8221;10px|13px|10px|13px|true|true&#8221; link_option_url_new_window=&#8221;on&#8221; box_shadow_style=&#8221;preset3&#8243; global_colors_info=&#8221;{}&#8221;]<\/p>\n<p>La poudri\u00e8re appel\u00e9e la Tour du Scalu se trouve sur l\u2019actuelle Place de la Mairie restaur\u00e9e en 2012, a \u00e9t\u00e9 construite au 17e si\u00e8cle, sous le nom de Tour des Fabiani. Elle fut entrep\u00f4t de sel, puis poudri\u00e8re pour fini comme prison.<\/p>\n<p>Ici on se trouve \u00e0 la limite sud et tranquille du d\u00e9sert des Agriates. La route N1197 apporte son flot de baigneurs sur la plage de l&#8217;Ostriconi en fond d&#8217;anse.<\/p>\n<p>Coordonn\u00e9es g\u00e9ographiques : 42.63477647064168, 8.938353825901743<\/p>\n<p><a href=\"https:\/\/balagne-corsica.com\/patrimoine-culturel\/la-poudriere-tour-du-scalu\/\" target=\"_blank\" rel=\"noopener\">D\u00e9tail sur l&#8217;emplacement<\/a><\/p>\n<p>[\/et_pb_team_member][et_pb_team_member name=&#8221;Eglise de la Mis\u00e9ricorde&#8221; image_url=&#8221;https:\/\/www.lesportscorses.com\/ile-rousse\/wp-content\/uploads\/2023\/07\/esaclier-royaragon-monument-patrimoine-bonifacio-corse.jpg.jpg&#8221; position_last_edited=&#8221;off|desktop&#8221; _builder_version=&#8221;4.17.6&#8243; _module_preset=&#8221;default&#8221; background_color=&#8221;#f9fafc&#8221; custom_padding=&#8221;10px|13px|10px|13px|true|true&#8221; link_option_url_new_window=&#8221;on&#8221; box_shadow_style=&#8221;preset3&#8243; global_colors_info=&#8221;{}&#8221;]<\/p>\n<p>Commun\u00e9ment appel\u00e9e \u00ab \u00e9glise des Moines \u00bb, elle a \u00e9t\u00e9 construite entre 1825 et 1850 par Tony Cardella, grand ma\u00eetre Corse du XIX\u00e8me si\u00e8cle. A l\u2019int\u00e9rieur, se trouvent des peintures du ma\u00eetre dont celle du \u00ab chemin de Croix \u00bb.<\/p>\n<p>\u00a0Coordonn\u00e9es g\u00e9ographiques : 41.3859087, 9.1566963<\/p>\n<p><a href=\"https:\/\/www.google.com\/maps\/place\/Escalier+du+Roy+d'Aragon\/@41.3863248,9.156567,15z\/data=!4m2!3m1!1s0x0:0xe637d2abeed577a1?sa=X&amp;ved=2ahUKEwjWpLTirJH2AhWFxYUKHTGPAckQ_BJ6BAggEAU\" target=\"_blank\" rel=\"noopener\">D\u00e9tail sur l&#8217;emplacement<\/a><\/p>\n<p>[\/et_pb_team_member][et_pb_team_member name=&#8221;Baie de Tour ronde de L&#8217;Isula Grande&#8221; image_url=&#8221;https:\/\/www.lesportscorses.com\/ile-rousse\/wp-content\/uploads\/2023\/07\/Giunchetu-1024&#215;680.jpg&#8221; _builder_version=&#8221;4.17.6&#8243; _module_preset=&#8221;default&#8221; background_color=&#8221;#f9fafc&#8221; custom_padding=&#8221;10px|13px|10px|13px|true|true&#8221; link_option_url_new_window=&#8221;on&#8221; box_shadow_style=&#8221;preset3&#8243; global_colors_info=&#8221;{}&#8221;]<\/p>\n<p>Construction militaire qui, au d\u00e9but du 16e si\u00e8cle, s\u2019est dot\u00e9e d\u2019une tour ronde charg\u00e9e de pr\u00e9venir les attaques des corsaires barbaresques. Elle a \u00e9t\u00e9 remise \u00e0 neuf au d\u00e9but des ann\u00e9es 1980.<\/p>\n<p style=\"text-align: justify;\">Coordonn\u00e9es g\u00e9ographiques : 42.64361944010404, 8.935148348573938<\/p>\n<p style=\"text-align: justify;\"><a href=\"https:\/\/www.sea-seek.com\/fr\/Baie-de-Giunchetu-and-Vignola\" target=\"_blank\" rel=\"noopener\">D\u00e9tail sur l&#8217;emplacement<\/a><\/p>\n<p>[\/et_pb_team_member][et_pb_team_member name=&#8221;Place Paoli&#8221; image_url=&#8221;https:\/\/www.lesportscorses.com\/ile-rousse\/wp-content\/uploads\/2023\/07\/1daf64342ab8d71c5c42744393f89e197f77314d5e0637b0f90c52edd7c68475-1024&#215;575.webp&#8221; _builder_version=&#8221;4.17.6&#8243; _module_preset=&#8221;default&#8221; background_color=&#8221;#f9fafc&#8221; custom_padding=&#8221;10px|13px|10px|13px|true|true&#8221; link_option_url_new_window=&#8221;on&#8221; box_shadow_style=&#8221;preset3&#8243; global_colors_info=&#8221;{}&#8221;]<\/p>\n<p>Cr\u00e9\u00e9e en 1834 et inaugur\u00e9 en 1852, cette place est le c\u0153ur de la cit\u00e9. Agr\u00e9able et accueillante, elle est entour\u00e9e de platanes centenaires, d\u2019une fontaine \u00abla pompe\u00bb agr\u00e9ment\u00e9e de statues dont celle du buste du cr\u00e9ateur de la cit\u00e9 : Pasquale de Paoli.<\/p>\n<p>Coordonn\u00e9es g\u00e9ographiques : 42.63430177349024, 8.937981211134087<\/p>\n<p><a href=\"https:\/\/balagne-corsica.com\/patrimoine-culturel\/place-paoli\/\" target=\"_blank\" rel=\"noopener\">D\u00e9tail sur l&#8217;emplacement<\/a><\/p>\n<p>[\/et_pb_team_member][\/et_pb_column][\/et_pb_row][\/et_pb_section]<\/p>\n","protected":false},"excerpt":{"rendered":"<p>PATRIMOINERetrouvez des lieux que nous vous proposons de visiter lors de votre s\u00e9jour dans notre portLa poudri\u00e8re appel\u00e9e la Tour du Scalu se trouve sur l\u2019actuelle Place de la Mairie restaur\u00e9e en 2012, a \u00e9t\u00e9 construite au 17e si\u00e8cle, sous le nom de Tour des Fabiani. Elle fut entrep\u00f4t de sel, puis poudri\u00e8re pour fini [&hellip;]<\/p>\n","protected":false},"author":2,"featured_media":0,"parent":0,"menu_order":0,"comment_status":"closed","ping_status":"closed","template":"page-template-blank.php","meta":{"_et_pb_use_builder":"on","_et_pb_old_content":"","_et_gb_content_width":"","footnotes":""},"class_list":["post-38","page","type-page","status-publish","hentry"],"_links":{"self":[{"href":"https:\/\/www.lesportscorses.com\/ile-rousse\/wp-json\/wp\/v2\/pages\/38","targetHints":{"allow":["GET"]}}],"collection":[{"href":"https:\/\/www.lesportscorses.com\/ile-rousse\/wp-json\/wp\/v2\/pages"}],"about":[{"href":"https:\/\/www.lesportscorses.com\/ile-rousse\/wp-json\/wp\/v2\/types\/page"}],"author":[{"embeddable":true,"href":"https:\/\/www.lesportscorses.com\/ile-rousse\/wp-json\/wp\/v2\/users\/2"}],"replies":[{"embeddable":true,"href":"https:\/\/www.lesportscorses.com\/ile-rousse\/wp-json\/wp\/v2\/comments?post=38"}],"version-history":[{"count":7,"href":"https:\/\/www.lesportscorses.com\/ile-rousse\/wp-json\/wp\/v2\/pages\/38\/revisions"}],"predecessor-version":[{"id":242,"href":"https:\/\/www.lesportscorses.com\/ile-rousse\/wp-json\/wp\/v2\/pages\/38\/revisions\/242"}],"wp:attachment":[{"href":"https:\/\/www.lesportscorses.com\/ile-rousse\/wp-json\/wp\/v2\/media?parent=38"}],"curies":[{"name":"wp","href":"https:\/\/api.w.org\/{rel}","templated":true}]}}