{"id":48,"date":"2022-07-07T15:03:35","date_gmt":"2022-07-07T15:03:35","guid":{"rendered":"https:\/\/www.lesportscorses.com\/macinaggio\/?page_id=48"},"modified":"2023-09-26T14:31:32","modified_gmt":"2023-09-26T14:31:32","slug":"questions-frequentes-2","status":"publish","type":"page","link":"https:\/\/www.lesportscorses.com\/macinaggio\/questions-frequentes-2\/","title":{"rendered":"Questions fr\u00e9quentes"},"content":{"rendered":"<p>[et_pb_section fb_built=&#8221;1&#8243; admin_label=&#8221;section&#8221; _builder_version=&#8221;4.17.4&#8243; _module_preset=&#8221;default&#8221; background_image=&#8221;https:\/\/www.lesportscorses.com\/macinaggio\/wp-content\/uploads\/2022\/11\/Maccinagio-1.png&#8221; min_height=&#8221;500px&#8221; max_height=&#8221;1000px&#8221; custom_margin=&#8221;||-1px||false|false&#8221; locked=&#8221;off&#8221; global_colors_info=&#8221;{}&#8221;][\/et_pb_section][et_pb_section fb_built=&#8221;1&#8243; _builder_version=&#8221;4.17.4&#8243; _module_preset=&#8221;default&#8221; global_colors_info=&#8221;{}&#8221;][et_pb_row _builder_version=&#8221;4.17.4&#8243; _module_preset=&#8221;default&#8221; global_colors_info=&#8221;{}&#8221;][et_pb_column type=&#8221;4_4&#8243; _builder_version=&#8221;4.17.4&#8243; _module_preset=&#8221;default&#8221; global_colors_info=&#8221;{}&#8221;][et_pb_text _builder_version=&#8221;4.17.4&#8243; _module_preset=&#8221;default&#8221; text_font=&#8221;Poppins||||||||&#8221; text_text_color=&#8221;#1D3079&#8243; text_font_size=&#8221;36px&#8221; text_text_color_tablet=&#8221;#1D3079&#8243; text_text_color_phone=&#8221;#1D3079&#8243; text_text_color_last_edited=&#8221;on|phone&#8221; global_colors_info=&#8221;{}&#8221;]<\/p>\n<p><strong>Une question ?<\/strong><\/p>\n<p>[\/et_pb_text][et_pb_text _builder_version=&#8221;4.17.4&#8243; _module_preset=&#8221;default&#8221; text_font=&#8221;Poppins|300|||||||&#8221; text_text_color=&#8221;rgba(24,34,61,0.73)&#8221; text_font_size=&#8221;17px&#8221; custom_margin=&#8221;60px||0px||false|false&#8221; global_colors_info=&#8221;{}&#8221;]<\/p>\n<p>Pour vous aider, voici les\u00a0<strong>questions fr\u00e9quentes <\/strong>pos\u00e9es par\u00a0les plaisanciers et visiteurs du port.<\/p>\n<p>[\/et_pb_text][\/et_pb_column][\/et_pb_row][\/et_pb_section][et_pb_section fb_built=&#8221;1&#8243; _builder_version=&#8221;4.17.4&#8243; _module_preset=&#8221;default&#8221; background_color=&#8221;#ffffff&#8221; background_enable_image=&#8221;off&#8221; background_enable_pattern_style=&#8221;on&#8221; background_pattern_style=&#8221;waves&#8221; background_pattern_color=&#8221;rgba(29,48,121,0.13)&#8221; background_pattern_size=&#8221;custom&#8221; background_pattern_width=&#8221;96px&#8221; background_pattern_horizontal_offset=&#8221;41%&#8221; background_pattern_vertical_offset=&#8221;25%&#8221; top_divider_style=&#8221;mountains&#8221; top_divider_color=&#8221;#1D3079&#8243; top_divider_height=&#8221;23px&#8221; global_colors_info=&#8221;{}&#8221;][et_pb_row column_structure=&#8221;1_2,1_2&#8243; _builder_version=&#8221;4.17.4&#8243; _module_preset=&#8221;default&#8221; global_colors_info=&#8221;{}&#8221;][et_pb_column type=&#8221;1_2&#8243; _builder_version=&#8221;4.17.4&#8243; _module_preset=&#8221;default&#8221; background_color=&#8221;RGBA(255,255,255,0)&#8221; global_colors_info=&#8221;{}&#8221;][et_pb_toggle title=&#8221;Est il possible de r\u00e9server par t\u00e9l\u00e9phone ou par email ?&#8221; _builder_version=&#8221;4.17.4&#8243; _module_preset=&#8221;88e8edfe-5a71-4793-9040-2a86e14ace8d&#8221; inline_fonts=&#8221;ABeeZee&#8221; global_colors_info=&#8221;{}&#8221; border_radii__hover_enabled=&#8221;off|desktop&#8221; border_radii__hover=&#8221;on|38px|38px|38px|38px&#8221;]<\/p>\n<blockquote>\n<p><span style=\"color: rgba(0, 0, 0, 0.54);\">Non, les r\u00e9servations peuvent se faire seulement via l\u2019application via \u00abR\u00e9server ma place avec Magelan\u00bb ou avec le lien<\/span> <a href=\"http:\/\/www.resaportcorse.com\">www.resaportcorse.com<\/a><\/p>\n<\/blockquote>\n<p>[\/et_pb_toggle][\/et_pb_column][et_pb_column type=&#8221;1_2&#8243; _builder_version=&#8221;4.17.4&#8243; _module_preset=&#8221;default&#8221; background_color=&#8221;RGBA(255,255,255,0)&#8221; global_colors_info=&#8221;{}&#8221;][et_pb_toggle title=&#8221;A quelle heure peut-on arriver au port ?&#8221; _builder_version=&#8221;4.17.4&#8243; _module_preset=&#8221;88e8edfe-5a71-4793-9040-2a86e14ace8d&#8221; inline_fonts=&#8221;ABeeZee&#8221; global_colors_info=&#8221;{}&#8221; border_radii__hover_enabled=&#8221;off|desktop&#8221; border_radii__hover=&#8221;on|38px|38px|38px|38px&#8221;]<\/p>\n<p style=\"text-align: justify;\"><span style=\"color: rgba(10, 10, 10, 0.48);\">24\/24h et 7\/7J \u2013 Mais pour avoir une assistance \u00e0 l\u2019amarrage, il est n\u00e9cessaire d\u2019arriver durant les horaires d\u2019ouverture de la capitainerie. Si votre arriv\u00e9e est programm\u00e9e en dehors de ces horaires, nous vous invitons \u00e0 nous pr\u00e9venir par t\u00e9l\u00e9phone au 04 95 35 42 57<\/span><\/p>\n<p>[\/et_pb_toggle][\/et_pb_column][\/et_pb_row][et_pb_row column_structure=&#8221;1_2,1_2&#8243; _builder_version=&#8221;4.22.2&#8243; _module_preset=&#8221;default&#8221; hover_enabled=&#8221;0&#8243; global_colors_info=&#8221;{}&#8221; sticky_enabled=&#8221;0&#8243;][et_pb_column type=&#8221;1_2&#8243; _builder_version=&#8221;4.17.4&#8243; _module_preset=&#8221;default&#8221; background_color=&#8221;RGBA(255,255,255,0)&#8221; global_colors_info=&#8221;{}&#8221;][et_pb_toggle title=&#8221;Le tarif comprend-il l&#8217;eau et l&#8217;\u00e9lectricit\u00e9 ?&#8221; _builder_version=&#8221;4.17.4&#8243; _module_preset=&#8221;88e8edfe-5a71-4793-9040-2a86e14ace8d&#8221; inline_fonts=&#8221;ABeeZee&#8221; global_colors_info=&#8221;{}&#8221;]<\/p>\n<p><span style=\"caret-color: #444444; color: #808080; font-family: Poppins; font-size: 14.6667px; font-style: normal; font-variant-caps: normal; font-weight: 400; letter-spacing: normal; text-align: left; text-indent: 0px; text-transform: none; white-space: pre-wrap; word-spacing: 0px; -moz-text-size-adjust: auto; -webkit-text-stroke-width: 0px; background-color: #ffffff; text-decoration: none; display: inline !important; float: none;\">Oui<\/span><\/p>\n<p>[\/et_pb_toggle][\/et_pb_column][et_pb_column type=&#8221;1_2&#8243; _builder_version=&#8221;4.17.4&#8243; _module_preset=&#8221;default&#8221; background_color=&#8221;RGBA(255,255,255,0)&#8221; global_colors_info=&#8221;{}&#8221;][et_pb_toggle title=&#8221;Avez-vous un code wifi ?&#8221; open_toggle_text_color=&#8221;#1d3079&#8243; _builder_version=&#8221;4.17.4&#8243; _module_preset=&#8221;88e8edfe-5a71-4793-9040-2a86e14ace8d&#8221; title_text_color=&#8221;#1d3079&#8243; inline_fonts=&#8221;ABeeZee&#8221; global_colors_info=&#8221;{}&#8221; border_radii__hover_enabled=&#8221;off|desktop&#8221; border_radii__hover=&#8221;on|38px|38px|38px|38px&#8221; custom_padding=&#8221;||21px|||&#8221;]<\/p>\n<p><span style=\"color: rgba(0, 0, 0, 0.53);\">Oui, un code WIFI GRATUIT est attribu\u00e9 \u00e0 chaque plaisancier \u00e0 son arriv\u00e9e et en fonction de la dur\u00e9e de son s\u00e9jour.<\/span><\/p>\n<p>[\/et_pb_toggle][\/et_pb_column][\/et_pb_row][et_pb_row column_structure=&#8221;1_2,1_2&#8243; _builder_version=&#8221;4.17.4&#8243; _module_preset=&#8221;default&#8221; global_colors_info=&#8221;{}&#8221;][et_pb_column type=&#8221;1_2&#8243; _builder_version=&#8221;4.17.4&#8243; _module_preset=&#8221;default&#8221; background_color=&#8221;RGBA(255,255,255,0)&#8221; global_colors_info=&#8221;{}&#8221;][et_pb_toggle title=&#8221;Les sanitaires sont-ils ouverts 24h\/24 ?&#8221; _builder_version=&#8221;4.17.4&#8243; _module_preset=&#8221;88e8edfe-5a71-4793-9040-2a86e14ace8d&#8221; body_text_color=&#8221;#1D3079&#8243; inline_fonts=&#8221;ABeeZee&#8221; global_colors_info=&#8221;{}&#8221; border_radii__hover_enabled=&#8221;off|desktop&#8221; border_radii__hover=&#8221;on|38px|38px|38px|38px&#8221;]<\/p>\n<p><span style=\"color: rgba(0, 0, 0, 0.47);\">Non mais ils sont accessibles de 6h \u00e0 minuit en saison (acc\u00e8s ext\u00e9rieur)<\/span><\/p>\n<p>[\/et_pb_toggle][\/et_pb_column][et_pb_column type=&#8221;1_2&#8243; _builder_version=&#8221;4.17.4&#8243; _module_preset=&#8221;default&#8221; background_color=&#8221;RGBA(255,255,255,0)&#8221; global_colors_info=&#8221;{}&#8221;][\/et_pb_column][\/et_pb_row][\/et_pb_section]<\/p>\n","protected":false},"excerpt":{"rendered":"<p>Une question ?Pour vous aider, voici les\u00a0questions fr\u00e9quentes pos\u00e9es par\u00a0les plaisanciers et visiteurs du port. Non, les r\u00e9servations peuvent se faire seulement via l\u2019application via \u00abR\u00e9server ma place avec Magelan\u00bb ou avec le lien www.resaportcorse.com 24\/24h et 7\/7J \u2013 Mais pour avoir une assistance \u00e0 l\u2019amarrage, il est n\u00e9cessaire d\u2019arriver durant les horaires d\u2019ouverture de [&hellip;]<\/p>\n","protected":false},"author":4,"featured_media":0,"parent":0,"menu_order":0,"comment_status":"closed","ping_status":"closed","template":"","meta":{"_et_pb_use_builder":"on","_et_pb_old_content":"","_et_gb_content_width":"","footnotes":""},"class_list":["post-48","page","type-page","status-publish","hentry"],"_links":{"self":[{"href":"https:\/\/www.lesportscorses.com\/macinaggio\/wp-json\/wp\/v2\/pages\/48","targetHints":{"allow":["GET"]}}],"collection":[{"href":"https:\/\/www.lesportscorses.com\/macinaggio\/wp-json\/wp\/v2\/pages"}],"about":[{"href":"https:\/\/www.lesportscorses.com\/macinaggio\/wp-json\/wp\/v2\/types\/page"}],"author":[{"embeddable":true,"href":"https:\/\/www.lesportscorses.com\/macinaggio\/wp-json\/wp\/v2\/users\/4"}],"replies":[{"embeddable":true,"href":"https:\/\/www.lesportscorses.com\/macinaggio\/wp-json\/wp\/v2\/comments?post=48"}],"version-history":[{"count":0,"href":"https:\/\/www.lesportscorses.com\/macinaggio\/wp-json\/wp\/v2\/pages\/48\/revisions"}],"wp:attachment":[{"href":"https:\/\/www.lesportscorses.com\/macinaggio\/wp-json\/wp\/v2\/media?parent=48"}],"curies":[{"name":"wp","href":"https:\/\/api.w.org\/{rel}","templated":true}]}}