{"id":66,"date":"2022-07-07T15:05:34","date_gmt":"2022-07-07T15:05:34","guid":{"rendered":"https:\/\/www.lesportscorses.com\/macinaggio\/?page_id=66"},"modified":"2022-12-09T15:54:15","modified_gmt":"2022-12-09T15:54:15","slug":"infos-utiles-en-mer","status":"publish","type":"page","link":"https:\/\/www.lesportscorses.com\/macinaggio\/infos-utiles-en-mer\/","title":{"rendered":"Infos utiles en mer"},"content":{"rendered":"<p>[et_pb_section fb_built=&#8221;1&#8243; admin_label=&#8221;section&#8221; _builder_version=&#8221;4.17.4&#8243; _module_preset=&#8221;default&#8221; background_image=&#8221;https:\/\/www.lesportscorses.com\/macinaggio\/wp-content\/uploads\/2022\/07\/image-ocean.jpg&#8221; min_height=&#8221;400px&#8221; max_height=&#8221;1000px&#8221; custom_margin=&#8221;100px||-1px||false|false&#8221; locked=&#8221;off&#8221; global_colors_info=&#8221;{}&#8221;][\/et_pb_section][et_pb_section fb_built=&#8221;1&#8243; _builder_version=&#8221;4.17.4&#8243; _module_preset=&#8221;default&#8221; custom_padding=&#8221;||0px|||&#8221; global_colors_info=&#8221;{}&#8221;][et_pb_row _builder_version=&#8221;4.17.6&#8243; _module_preset=&#8221;default&#8221; global_colors_info=&#8221;{}&#8221;][et_pb_column type=&#8221;4_4&#8243; _builder_version=&#8221;4.17.6&#8243; _module_preset=&#8221;default&#8221; global_colors_info=&#8221;{}&#8221;][et_pb_text _builder_version=&#8221;4.17.4&#8243; _module_preset=&#8221;default&#8221; text_font=&#8221;Poppins|700|||||||&#8221; text_text_color=&#8221;#22ad9d&#8221; text_font_size=&#8221;41px&#8221; custom_margin=&#8221;||37px||false|false&#8221; text_font_size_tablet=&#8221;41px&#8221; text_font_size_phone=&#8221;30px&#8221; text_font_size_last_edited=&#8221;on|phone&#8221; global_colors_info=&#8221;{}&#8221;]<\/p>\n<p>INFOS UTILES EN MER<\/p>\n<p>[\/et_pb_text][et_pb_text _builder_version=&#8221;4.17.6&#8243; _module_preset=&#8221;default&#8221; text_font=&#8221;Poppins|300|||||||&#8221; text_text_color=&#8221;#464647&#8243; text_font_size=&#8221;18px&#8221; text_letter_spacing=&#8221;1px&#8221; text_line_height=&#8221;1em&#8221; text_orientation=&#8221;center&#8221; custom_margin=&#8221;10px||30px||false|false&#8221; animation_style=&#8221;slide&#8221; animation_direction=&#8221;left&#8221; animation_duration=&#8221;1150ms&#8221; animation_delay=&#8221;650ms&#8221; animation_intensity_slide=&#8221;33%&#8221; animation_starting_opacity=&#8221;5%&#8221; locked=&#8221;off&#8221; global_colors_info=&#8221;{}&#8221;]<\/p>\n<p style=\"text-align: left;\">Retrouvez toutes les informations utiles afin de pr\u00e9parer votre arriv\u00e9e au port<\/p>\n<p>[\/et_pb_text][et_pb_divider _builder_version=&#8221;4.17.6&#8243; _module_preset=&#8221;default&#8221; global_colors_info=&#8221;{}&#8221;][\/et_pb_divider][\/et_pb_column][\/et_pb_row][\/et_pb_section][et_pb_section fb_built=&#8221;1&#8243; _builder_version=&#8221;4.17.4&#8243; _module_preset=&#8221;default&#8221; min_height=&#8221;782.9px&#8221; global_colors_info=&#8221;{}&#8221;][et_pb_row column_structure=&#8221;1_4,1_4,1_4,1_4&#8243; _builder_version=&#8221;4.17.4&#8243; _module_preset=&#8221;default&#8221; global_colors_info=&#8221;{}&#8221;][et_pb_column type=&#8221;1_4&#8243; _builder_version=&#8221;4.17.4&#8243; _module_preset=&#8221;default&#8221; use_background_color_gradient=&#8221;on&#8221; background_color_gradient_direction=&#8221;234deg&#8221; background_color_gradient_stops=&#8221;#f9f9f9 0%|#f9f9f9 100%&#8221; custom_padding=&#8221;29px|31px|29px|31px|true|true&#8221; border_radii=&#8221;on|20px|20px|20px|20px&#8221; box_shadow_style=&#8221;preset1&#8243; box_shadow_spread=&#8221;-7px&#8221; global_colors_info=&#8221;{}&#8221; box_shadow_spread__hover_enabled=&#8221;on|hover&#8221; box_shadow_spread__hover=&#8221;-4px&#8221; transform_styles__hover_enabled=&#8221;on|hover&#8221; transform_scale__hover_enabled=&#8221;on|hover&#8221; transform_translate__hover_enabled=&#8221;on|hover&#8221; transform_rotate__hover_enabled=&#8221;on|hover&#8221; transform_skew__hover_enabled=&#8221;on|hover&#8221; transform_origin__hover_enabled=&#8221;on|hover&#8221; transform_scale__hover=&#8221;102%|102%&#8221;][et_pb_image src=&#8221;https:\/\/www.lesportscorses.com\/macinaggio\/wp-content\/uploads\/2022\/07\/Picto-position-V2-e1655474323473.png&#8221; title_text=&#8221;Picto position V2&#8243; align=&#8221;center&#8221; _builder_version=&#8221;4.17.4&#8243; _module_preset=&#8221;default&#8221; width=&#8221;45%&#8221; global_colors_info=&#8221;{}&#8221;][\/et_pb_image][et_pb_text _builder_version=&#8221;4.17.4&#8243; _module_preset=&#8221;default&#8221; text_font=&#8221;Poppins|700|||||||&#8221; text_text_color=&#8221;#1D3079&#8243; text_font_size=&#8221;18px&#8221; custom_margin=&#8221;0px||5px||false|false&#8221; global_colors_info=&#8221;{}&#8221;]<\/p>\n<p style=\"text-align: center;\">ACC\u00c8S<\/p>\n<p>[\/et_pb_text][et_pb_text _builder_version=&#8221;4.17.4&#8243; _module_preset=&#8221;default&#8221; text_font=&#8221;ABeeZee|300|||||||&#8221; text_text_color=&#8221;#18223D&#8221; text_line_height=&#8221;1em&#8221; custom_margin=&#8221;33px||22px||false|false&#8221; hover_enabled=&#8221;0&#8243; global_colors_info=&#8221;{}&#8221; sticky_enabled=&#8221;0&#8243;]<\/p>\n<p style=\"text-align: center;\"><strong>Coordonn\u00e9es g\u00e9ographique :<\/strong><\/p>\n<p style=\"text-align: center;\">\u00a042\u00b0.57&#8217;850&#8221;N &#8211; 09\u00b0.27&#8217;285&#8221;E<\/p>\n<p style=\"text-align: center;\"><strong>Approche de jour :<\/strong><\/p>\n<p style=\"text-align: center;\">Montagne avec 3 pointes en arri\u00e8re plan du port<\/p>\n<p style=\"text-align: center;\"><strong>Approche de nuit :<\/strong><\/p>\n<p style=\"text-align: center;\">Balise cardinale EST puis feu Rouge \u00e0 occultations.<\/p>\n<p style=\"text-align: center;\"><strong>Distance des ports voisins :<\/strong><\/p>\n<p style=\"text-align: center;\">Bastia (17M), Saint-Florent (31M), Nice (108M), Italie (Genova 86M, Portoferraio 38M)<\/p>\n<p>[\/et_pb_text][\/et_pb_column][et_pb_column type=&#8221;1_4&#8243; _builder_version=&#8221;4.17.4&#8243; _module_preset=&#8221;default&#8221; use_background_color_gradient=&#8221;on&#8221; background_color_gradient_direction=&#8221;234deg&#8221; background_color_gradient_stops=&#8221;#f9f9f9 0%|#f9f9f9 100%&#8221; custom_padding=&#8221;29px|30px|29px|30px|true|true&#8221; border_radii=&#8221;on|20px|20px|20px|20px&#8221; box_shadow_style=&#8221;preset1&#8243; box_shadow_spread=&#8221;-7px&#8221; global_colors_info=&#8221;{}&#8221; box_shadow_spread__hover_enabled=&#8221;on|hover&#8221; box_shadow_spread__hover=&#8221;-4px&#8221; transform_styles__hover_enabled=&#8221;on|hover&#8221; transform_scale__hover_enabled=&#8221;on|hover&#8221; transform_translate__hover_enabled=&#8221;on|hover&#8221; transform_rotate__hover_enabled=&#8221;on|hover&#8221; transform_skew__hover_enabled=&#8221;on|hover&#8221; transform_origin__hover_enabled=&#8221;on|hover&#8221; transform_scale__hover=&#8221;102%|102%&#8221;][et_pb_image src=&#8221;https:\/\/www.lesportscorses.com\/macinaggio\/wp-content\/uploads\/2022\/07\/Picto-te\u0301le\u0301phone-v2-e1655474397438.png&#8221; alt=&#8221;Picto \u00e9lectricit\u00e9&#8221; title_text=&#8221;Picto te\u0301le\u0301phone v2&#8243; align=&#8221;center&#8221; _builder_version=&#8221;4.17.4&#8243; _module_preset=&#8221;default&#8221; width=&#8221;45%&#8221; global_colors_info=&#8221;{}&#8221;][\/et_pb_image][et_pb_text _builder_version=&#8221;4.17.4&#8243; _module_preset=&#8221;default&#8221; text_font=&#8221;Montserrat|700|||||||&#8221; text_text_color=&#8221;#1D3079&#8243; text_font_size=&#8221;18px&#8221; custom_margin=&#8221;0px||5px||false|false&#8221; global_colors_info=&#8221;{}&#8221;]<\/p>\n<p style=\"text-align: center;\">CONTACT<\/p>\n<p>[\/et_pb_text][et_pb_text _builder_version=&#8221;4.17.4&#8243; _module_preset=&#8221;default&#8221; text_font=&#8221;ABeeZee|300|||||||&#8221; text_text_color=&#8221;#18223D&#8221; text_line_height=&#8221;1em&#8221; custom_margin=&#8221;20px||20px||true|false&#8221; global_colors_info=&#8221;{}&#8221;]<\/p>\n<div class=\"wpb_text_column wpb_content_element \">\n<div class=\"wpb_wrapper\">\n<p style=\"text-align: center;\"><strong><span style=\"color: #18223d;\"><\/span><\/strong><\/p>\n<p style=\"text-align: center;\"><strong><span style=\"color: #18223d;\">\u00a0Par VHF :<\/span><\/strong><\/p>\n<ul>\n<li style=\"text-align: left;\">Port de plaisance canal 9.<\/li>\n<li style=\"text-align: left;\">CROSS Corse canal 16<\/li>\n<\/ul>\n<p>&nbsp;<\/p>\n<p style=\"text-align: center;\"><strong><span style=\"color: #18223d;\">Par t\u00e9l\u00e9phone :<\/span><\/strong><strong><span style=\"color: #18223d;\"><\/span><\/strong><\/p>\n<p style=\"text-align: center;\"><strong><span style=\"color: #18223d;\"><\/span><\/strong><\/p>\n<ul>\n<li style=\"text-align: left;\">Fixe Capitainerie : 04 95 35 42 57<\/li>\n<li>Fax Capitainerie : 04 95 35 47 00<\/li>\n<li style=\"text-align: left;\">Fixe CROSS : 04 95 20 13 63<\/li>\n<\/ul>\n<\/div>\n<\/div>\n<p>[\/et_pb_text][\/et_pb_column][et_pb_column type=&#8221;1_4&#8243; _builder_version=&#8221;4.17.4&#8243; _module_preset=&#8221;default&#8221; use_background_color_gradient=&#8221;on&#8221; background_color_gradient_direction=&#8221;234deg&#8221; background_color_gradient_stops=&#8221;#f9f9f9 0%|#f9f9f9 100%&#8221; custom_padding=&#8221;29px|30px|29px|30px|true|true&#8221; border_radii=&#8221;on|20px|20px|20px|20px&#8221; box_shadow_style=&#8221;preset1&#8243; box_shadow_spread=&#8221;-7px&#8221; global_colors_info=&#8221;{}&#8221; box_shadow_spread__hover_enabled=&#8221;on|hover&#8221; box_shadow_spread__hover=&#8221;-4px&#8221; transform_styles__hover_enabled=&#8221;on|hover&#8221; transform_scale__hover_enabled=&#8221;on|hover&#8221; transform_translate__hover_enabled=&#8221;on|hover&#8221; transform_rotate__hover_enabled=&#8221;on|hover&#8221; transform_skew__hover_enabled=&#8221;on|hover&#8221; transform_origin__hover_enabled=&#8221;on|hover&#8221; transform_scale__hover=&#8221;102%|102%&#8221;][et_pb_image src=&#8221;https:\/\/www.lesportscorses.com\/macinaggio\/wp-content\/uploads\/2022\/07\/Picto-Flag-v2-e1655474407927.png&#8221; alt=&#8221;Picto \u00e9lectricit\u00e9&#8221; title_text=&#8221;Picto Flag v2&#8243; align=&#8221;center&#8221; _builder_version=&#8221;4.17.4&#8243; _module_preset=&#8221;default&#8221; width=&#8221;45%&#8221; global_colors_info=&#8221;{}&#8221;][\/et_pb_image][et_pb_text _builder_version=&#8221;4.17.4&#8243; _module_preset=&#8221;default&#8221; text_font=&#8221;Poppins|700||on|||||&#8221; text_text_color=&#8221;#1D3079&#8243; text_font_size=&#8221;18px&#8221; text_line_height=&#8221;0.4em&#8221; text_orientation=&#8221;center&#8221; custom_margin=&#8221;0px||20px||false|false&#8221; global_colors_info=&#8221;{}&#8221;]<\/p>\n<p>NAVIGATION<\/p>\n<p>[\/et_pb_text][et_pb_text _builder_version=&#8221;4.17.4&#8243; _module_preset=&#8221;default&#8221; text_font=&#8221;ABeeZee|300|||||||&#8221; text_text_color=&#8221;#18223D&#8221; custom_margin=&#8221;83px||105px||false|false&#8221; global_colors_info=&#8221;{}&#8221;]<\/p>\n<div class=\"wpb_text_column wpb_content_element \">\n<div class=\"wpb_wrapper\">\n<div class=\"wpb_text_column wpb_content_element \">\n<div class=\"wpb_wrapper\">\n<p style=\"text-align: center;\"><strong><span style=\"color: #18223d;\">Vitesse maximale :<\/span><\/strong><br \/><span style=\"color: #18223d;\">La vitesse maximale r\u00e9glementaire dans le port est de 5 N\u0153uds.<\/span><\/p>\n<p style=\"text-align: center;\"><span style=\"color: #18223d;\"><strong>P\u00e9riode estivale :<\/strong><br \/>En p\u00e9riode estivale, le trafic portuaire important n\u00e9cessite la plus grande vigilance.<\/span><\/p>\n<\/div>\n<\/div>\n<\/div>\n<\/div>\n<p>[\/et_pb_text][\/et_pb_column][et_pb_column type=&#8221;1_4&#8243; _builder_version=&#8221;4.17.4&#8243; _module_preset=&#8221;default&#8221; use_background_color_gradient=&#8221;on&#8221; background_color_gradient_direction=&#8221;234deg&#8221; background_color_gradient_stops=&#8221;#f9f9f9 0%|#f9f9f9 100%&#8221; custom_padding=&#8221;29px|30px|29px|30px|true|true&#8221; border_radii=&#8221;on|20px|20px|20px|20px&#8221; box_shadow_style=&#8221;preset1&#8243; box_shadow_spread=&#8221;-7px&#8221; global_colors_info=&#8221;{}&#8221; box_shadow_spread__hover_enabled=&#8221;on|hover&#8221; box_shadow_spread__hover=&#8221;-4px&#8221; transform_styles__hover_enabled=&#8221;on|hover&#8221; transform_scale__hover_enabled=&#8221;on|hover&#8221; transform_translate__hover_enabled=&#8221;on|hover&#8221; transform_rotate__hover_enabled=&#8221;on|hover&#8221; transform_skew__hover_enabled=&#8221;on|hover&#8221; transform_origin__hover_enabled=&#8221;on|hover&#8221; transform_scale__hover=&#8221;102%|102%&#8221;][et_pb_image src=&#8221;https:\/\/www.lesportscorses.com\/macinaggio\/wp-content\/uploads\/2022\/11\/Anchor-icon-corse.png&#8221; alt=&#8221;Picto \u00e9lectricit\u00e9&#8221; title_text=&#8221;Anchor-icon-corse&#8221; align=&#8221;center&#8221; _builder_version=&#8221;4.17.4&#8243; _module_preset=&#8221;default&#8221; width=&#8221;45%&#8221; global_colors_info=&#8221;{}&#8221;][\/et_pb_image][et_pb_text _builder_version=&#8221;4.17.4&#8243; _module_preset=&#8221;default&#8221; text_font=&#8221;Poppins|700||on|||||&#8221; text_text_color=&#8221;#1D3079&#8243; text_font_size=&#8221;18px&#8221; text_line_height=&#8221;0.4em&#8221; text_orientation=&#8221;center&#8221; custom_margin=&#8221;0px||20px||false|false&#8221; global_colors_info=&#8221;{}&#8221;]<\/p>\n<p>PORT<\/p>\n<p>[\/et_pb_text][et_pb_text _builder_version=&#8221;4.17.4&#8243; _module_preset=&#8221;default&#8221; text_font=&#8221;ABeeZee|300|||||||&#8221; text_text_color=&#8221;#18223D&#8221; custom_margin=&#8221;83px||115px||false|false&#8221; hover_enabled=&#8221;0&#8243; global_colors_info=&#8221;{}&#8221; sticky_enabled=&#8221;0&#8243;]<\/p>\n<div class=\"wpb_text_column wpb_content_element \">\n<div class=\"wpb_wrapper\">\n<div class=\"wpb_text_column wpb_content_element \">\n<div class=\"wpb_wrapper\">\n<p style=\"text-align: center;\"><strong><span style=\"color: #18223d;\">Places :<\/span><\/strong><\/p>\n<p style=\"text-align: center;\">605 dont 180 visiteurs<br \/><span style=\"color: #18223d;\"><\/span><\/p>\n<p style=\"text-align: center;\"><span style=\"color: #18223d;\"><strong>Tirant d&#8217;eau :<\/strong><\/span><\/p>\n<p style=\"text-align: center;\"><span style=\"color: #18223d;\">3,5 m<br \/><\/span><\/p>\n<p style=\"text-align: center;\"><span style=\"color: #18223d;\"><strong>Taille max de navire :<br \/><\/strong><\/span><\/p>\n<p style=\"text-align: center;\"><span style=\"color: #18223d;\">45 m<\/span><\/p>\n<\/div>\n<\/div>\n<\/div>\n<\/div>\n<p>[\/et_pb_text][\/et_pb_column][\/et_pb_row][\/et_pb_section]<\/p>\n","protected":false},"excerpt":{"rendered":"<p>INFOS UTILES EN MERRetrouvez toutes les informations utiles afin de pr\u00e9parer votre arriv\u00e9e au portACC\u00c8SCoordonn\u00e9es g\u00e9ographique : \u00a042\u00b0.57&#8217;850&#8221;N &#8211; 09\u00b0.27&#8217;285&#8221;E Approche de jour : Montagne avec 3 pointes en arri\u00e8re plan du port Approche de nuit : Balise cardinale EST puis feu Rouge \u00e0 occultations. Distance des ports voisins : Bastia (17M), Saint-Florent (31M), Nice [&hellip;]<\/p>\n","protected":false},"author":4,"featured_media":0,"parent":0,"menu_order":0,"comment_status":"closed","ping_status":"closed","template":"","meta":{"_et_pb_use_builder":"on","_et_pb_old_content":"","_et_gb_content_width":"","footnotes":""},"class_list":["post-66","page","type-page","status-publish","hentry"],"_links":{"self":[{"href":"https:\/\/www.lesportscorses.com\/macinaggio\/wp-json\/wp\/v2\/pages\/66","targetHints":{"allow":["GET"]}}],"collection":[{"href":"https:\/\/www.lesportscorses.com\/macinaggio\/wp-json\/wp\/v2\/pages"}],"about":[{"href":"https:\/\/www.lesportscorses.com\/macinaggio\/wp-json\/wp\/v2\/types\/page"}],"author":[{"embeddable":true,"href":"https:\/\/www.lesportscorses.com\/macinaggio\/wp-json\/wp\/v2\/users\/4"}],"replies":[{"embeddable":true,"href":"https:\/\/www.lesportscorses.com\/macinaggio\/wp-json\/wp\/v2\/comments?post=66"}],"version-history":[{"count":0,"href":"https:\/\/www.lesportscorses.com\/macinaggio\/wp-json\/wp\/v2\/pages\/66\/revisions"}],"wp:attachment":[{"href":"https:\/\/www.lesportscorses.com\/macinaggio\/wp-json\/wp\/v2\/media?parent=66"}],"curies":[{"name":"wp","href":"https:\/\/api.w.org\/{rel}","templated":true}]}}