{"id":742,"date":"2022-07-07T15:09:42","date_gmt":"2022-07-07T15:09:42","guid":{"rendered":"https:\/\/www.lesportscorses.com\/macinaggio\/patrimonio\/"},"modified":"2022-12-10T10:55:28","modified_gmt":"2022-12-10T10:55:28","slug":"patrimonio","status":"publish","type":"page","link":"https:\/\/www.lesportscorses.com\/macinaggio\/patrimonio\/","title":{"rendered":"Patrimonio"},"content":{"rendered":"<p>[et_pb_section fb_built=&#8221;1&#8243; admin_label=&#8221;section&#8221; _builder_version=&#8221;4.17.4&#8243; _module_preset=&#8221;default&#8221; background_image=&#8221;https:\/\/www.lesportscorses.com\/macinaggio\/wp-content\/uploads\/2022\/07\/9-port-macinaggio.jpg&#8221; min_height=&#8221;500px&#8221; max_height=&#8221;1000px&#8221; custom_margin=&#8221;-102px||-1px||false|false&#8221; locked=&#8221;off&#8221; global_colors_info=&#8221;{}&#8221;][\/et_pb_section][et_pb_section fb_built=&#8221;1&#8243; _builder_version=&#8221;4.17.4&#8243; _module_preset=&#8221;default&#8221; custom_padding=&#8221;||0px|||&#8221; global_colors_info=&#8221;{}&#8221;][et_pb_row _builder_version=&#8221;4.17.6&#8243; _module_preset=&#8221;default&#8221; global_colors_info=&#8221;{}&#8221;][et_pb_column type=&#8221;4_4&#8243; _builder_version=&#8221;4.17.6&#8243; _module_preset=&#8221;default&#8221; global_colors_info=&#8221;{}&#8221;][et_pb_text _builder_version=&#8221;4.17.4&#8243; _module_preset=&#8221;default&#8221; text_font=&#8221;Poppins|700|||||||&#8221; text_text_color=&#8221;#22ad9d&#8221; text_font_size=&#8221;41px&#8221; custom_margin=&#8221;||37px||false|false&#8221; global_colors_info=&#8221;{}&#8221;]<\/p>\n<p>PATRIMONIO<\/p>\n<p>[\/et_pb_text][et_pb_text _builder_version=&#8221;4.17.4&#8243; _module_preset=&#8221;default&#8221; text_font=&#8221;Poppins|300|||||||&#8221; text_text_color=&#8221;#464647&#8243; text_font_size=&#8221;18px&#8221; text_letter_spacing=&#8221;1px&#8221; text_line_height=&#8221;1em&#8221; text_orientation=&#8221;center&#8221; custom_margin=&#8221;10px||30px||false|false&#8221; animation_style=&#8221;slide&#8221; animation_direction=&#8221;left&#8221; animation_duration=&#8221;1150ms&#8221; animation_delay=&#8221;650ms&#8221; animation_intensity_slide=&#8221;33%&#8221; animation_starting_opacity=&#8221;5%&#8221; locked=&#8221;off&#8221; global_colors_info=&#8221;{}&#8221;]<\/p>\n<p style=\"text-align: left;\">Ecco alcuni luoghi che vi suggeriamo di visitare durante il vostro soggiorno nel nostro porto<\/p>\n<p>[\/et_pb_text][et_pb_divider _builder_version=&#8221;4.17.6&#8243; _module_preset=&#8221;default&#8221; global_colors_info=&#8221;{}&#8221;][\/et_pb_divider][\/et_pb_column][\/et_pb_row][\/et_pb_section][et_pb_section fb_built=&#8221;1&#8243; _builder_version=&#8221;4.17.4&#8243; _module_preset=&#8221;default&#8221; bottom_divider_color=&#8221;#E02B20&#8243; global_colors_info=&#8221;{}&#8221;][et_pb_row _builder_version=&#8221;4.17.4&#8243; _module_preset=&#8221;default&#8221; global_colors_info=&#8221;{}&#8221;][et_pb_column type=&#8221;4_4&#8243; _builder_version=&#8221;4.17.4&#8243; _module_preset=&#8221;default&#8221; global_colors_info=&#8221;{}&#8221;][et_pb_team_member name=&#8221;Isole Finacchiariola (riserva naturale)&#8221; position=&#8221;All&#8217;uscita nord del porto di Macinaggio _ 42.9848, 9.4713&#8243; image_url=&#8221;https:\/\/www.lesportscorses.com\/macinaggio\/wp-content\/uploads\/2022\/12\/Macinaggio-Reserve-naturelle-des-Iles-Finocchiarola.jpg&#8221; _builder_version=&#8221;4.17.4&#8243; _module_preset=&#8221;default&#8221; background_color=&#8221;#f9fafc&#8221; width=&#8221;100%&#8221; module_alignment=&#8221;center&#8221; custom_padding=&#8221;10px|13px|10px|13px|true|true&#8221; link_option_url_new_window=&#8221;on&#8221; hover_enabled=&#8221;0&#8243; box_shadow_style=&#8221;preset3&#8243; global_colors_info=&#8221;{}&#8221; title_text=&#8221;Macinaggio &#8211; Re\u0301serve naturelle des Iles Finocchiarola&#8221; sticky_enabled=&#8221;0&#8243;]<\/p>\n<p style=\"text-align: justify;\">La riserva naturale delle Isole di Capo Corso si trova nei comuni di Rogliano, Ersa e Centuri, nell&#8217;Alta Corsica. Si trova nella parte terrestre e infralitorale delle cinque isole che delimitano la punta di Capo Corso. Si estende su una superficie di circa 66 ettari e comprende la riserva naturale delle Isole Finocchiarola nel comune di Rogliano, che \u00e8 stata abrogata dal decreto di istituzione della nuova riserva naturale, comprendente le isole di Terra, Mezenna e Finocchiarola. Il territorio comprende anche le isole Giraglia e Capense.<br \/><strong><\/strong><\/p>\n<p style=\"text-align: left;\">Maggiori informazioni su: <a href=\"https:\/\/www.reserves-naturelles.org\/iles-du-cap-corse\">https:\/\/www.reserves-naturelles.org\/iles-du-cap-corse<\/a><\/p>\n<p style=\"text-align: left;\">[\/et_pb_team_member][et_pb_team_member name=&#8221;Il percorso del doganiere&#8221; position=&#8221;Punto di partenza: spiaggia di Macinaggio (percorso segnalato).&#8221; image_url=&#8221;https:\/\/www.lesportscorses.com\/macinaggio\/wp-content\/uploads\/2022\/12\/Macinaggio-Sentier-du-douanier.jpg&#8221; _builder_version=&#8221;4.17.4&#8243; _module_preset=&#8221;default&#8221; background_color=&#8221;#f9fafc&#8221; custom_padding=&#8221;10px|13px|10px|13px|true|true&#8221; link_option_url_new_window=&#8221;on&#8221; hover_enabled=&#8221;0&#8243; box_shadow_style=&#8221;preset3&#8243; global_colors_info=&#8221;{}&#8221; title_text=&#8221;Macinaggio &#8211; Sentier du douanier&#8221; sticky_enabled=&#8221;0&#8243;]<\/p>\n<p style=\"text-align: justify;\">Il Sentier des Douaniers \u00e8 una bellissima passeggiata di 19 km lungo la costa di Cap Corse tra Macinaggio e Centuri, dove le aree naturali sono protette. Nessuna difficolt\u00e0 particolare, ma ci vogliono pi\u00f9 di 8 ore per raggiungere l&#8217;altra estremit\u00e0. Lungo questa passeggiata vi attendono paesaggi superbi (torri genovesi, riserva naturale, siti naturali protetti, scogliere, dune, fauna, flora&#8230;).<br \/><strong><\/strong><\/p>\n<p style=\"text-align: left;\">Maggiori informazioni su: <a href=\"https:\/\/www.capcorse-tourisme.corsica\/poi\/le_sentier_des_douaniers_cap_corse_capicorsu\">https:\/\/www.capcorse-tourisme.corsica\/poi\/le_sentier_des_douaniers_cap_corse_capicorsu<\/a><\/p>\n<p style=\"text-align: left;\">[\/et_pb_team_member][et_pb_team_member name=&#8221;TORRE DI SANTA MARIA e cappella&#8221; position=&#8221;Latitudine: 42.9961 &#8211; Longitudine: 9.4526&#8243; image_url=&#8221;https:\/\/www.lesportscorses.com\/macinaggio\/wp-content\/uploads\/2022\/12\/Macinaggio-Tour-de-Santa-Maria-et-chapelle.jpg&#8221; _builder_version=&#8221;4.17.4&#8243; _module_preset=&#8221;default&#8221; background_color=&#8221;#f9fafc&#8221; custom_padding=&#8221;10px|13px|10px|13px|true|true&#8221; link_option_url_new_window=&#8221;on&#8221; hover_enabled=&#8221;0&#8243; box_shadow_style=&#8221;preset3&#8243; global_colors_info=&#8221;{}&#8221; title_text=&#8221;Macinaggio &#8211; Tour de Santa Maria et chapelle&#8221; sticky_enabled=&#8221;0&#8243;]<\/p>\n<p><strong>Le torri genovesi di Capo Corso<\/strong> &#8211; Sopra la baia di Capendula, pittorescamente arroccata in cima alla Punta d&#8217;Agnello, si erge la TORRE D&#8217;AGNELLO, dalla fine del XVI secolo. Le Torri genovesi di FINOCCHIAROLA, SANTA MARIA, AGNELLO e l&#8217;isolotto di GIRAGLIA, queste quattro torri, costruite a met\u00e0 del XVI secolo su impulso della Repubblica di Genova, formano uno strano allineamento e facevano parte del sistema di difesa costiera della Comunit\u00e0 di Rogliano.<br \/>Oggi queste torri sono protette e restaurate. Sono parte integrante del patrimonio architettonico dell&#8217;isola.<\/p>\n<p>Per maggiori informazioni: <a href=\"https:\/\/www.capcorse-tourisme.corsica\/poi\/tour_dagnello_cap_corse_capicorsu-1\">https:\/\/www.capcorse-tourisme.corsica\/poi\/tour_dagnello_cap_corse_capicorsu-1<\/a><\/p>\n<p>[\/et_pb_team_member][et_pb_team_member name=&#8221;IL PAESE DI ROGLIANO&#8221; image_url=&#8221;https:\/\/www.lesportscorses.com\/macinaggio\/wp-content\/uploads\/2022\/12\/Capture-decran-2022-12-09-a-17.07.05.png&#8221; _builder_version=&#8221;4.17.4&#8243; _module_preset=&#8221;default&#8221; background_color=&#8221;#f9fafc&#8221; custom_padding=&#8221;10px|13px|10px|13px|true|true&#8221; link_option_url_new_window=&#8221;on&#8221; hover_enabled=&#8221;0&#8243; box_shadow_style=&#8221;preset3&#8243; global_colors_info=&#8221;{}&#8221; sticky_enabled=&#8221;0&#8243;]<\/p>\n<p><strong><\/strong>Le nove frazioni del comune si estendono dalla riva del mare a un&#8217;altitudine di 250 m, mentre il punto pi\u00f9 alto \u00e8 il Monte di u Castellu, che si eleva a 602 m. La costa di Rogliano \u00e8 lunga tredici chilometri. Il comune ha un ricchissimo patrimonio edilizio privato e religioso:<br \/>&#8211; Case e tombe &#8220;americane<br \/>&#8211; numerose chiese e cappelle (anche romaniche)<br \/>&#8211; Convento francescano del XVI secolo<br \/>&#8211; fortezza medievale<br \/>&#8211; numerose torri genovesi sulla costa e in paese<\/p>\n<p>Per maggiori informazioni: <a href=\"https:\/\/destination-cap-corse.corsica\/rogliano\/\">https:\/\/destination-cap-corse.corsica\/rogliano\/<\/a><\/p>\n<p>&nbsp;<\/p>\n<p>[\/et_pb_team_member][et_pb_team_member name=&#8221;Case americane&#8221; position=&#8221;Borgo di Rogliano &#8211; Frazione di Vignale&#8221; image_url=&#8221;https:\/\/www.lesportscorses.com\/macinaggio\/wp-content\/uploads\/2022\/12\/Macinaggio-Les-Maisons-dAmericains.jpg&#8221; _builder_version=&#8221;4.17.4&#8243; _module_preset=&#8221;default&#8221; background_color=&#8221;#f9fafc&#8221; custom_padding=&#8221;10px|13px|10px|13px|true|true&#8221; link_option_url_new_window=&#8221;on&#8221; hover_enabled=&#8221;0&#8243; box_shadow_style=&#8221;preset3&#8243; global_colors_info=&#8221;{}&#8221; title_text=&#8221;Macinaggio &#8211; Les Maisons d&#8217;Ame\u0301ricains&#8221; sticky_enabled=&#8221;0&#8243;]<\/p>\n<p style=\"text-align: justify;\">Il visitatore sar\u00e0 attratto dalla presenza di imponenti case nel Capo Corso chiamate &#8220;Palazzi di l&#8217;Americani&#8221;. La storia di queste case ha pi\u00f9 di un secolo. Gli <strong>avventurosi capcorsini che partirono per fare fortuna nelle Americhe costruirono queste case in siti mirabili<\/strong>, cos\u00ec come sorprendenti tombe neoclassiche con numerosi simboli che si possono ammirare sui promontori pi\u00f9 belli, spesso rivolti verso il mare e l&#8217;eternit\u00e0. Uno spettacolo architettonico che domina il paesaggio, una vera e propria testimonianza del successo economico di questi avventurieri tentati da orizzonti lontani. Ogni casa, ogni tomba, racconta una storia unica. <strong><\/strong>Per maggiori informazioni: <a href=\"https:\/\/www.capcorse-tourisme.corsica\/poi\/maisons_d_americains_palazzi_di_lamericani_cap_corse_capicorsu-1\">https:\/\/www.capcorse-tourisme.corsica\/poi\/maisons_d_americains_palazzi_di_lamericani_cap_corse_capicorsu-1<\/a><span><\/span><span><\/span><\/p>\n<p>[\/et_pb_team_member][\/et_pb_column][\/et_pb_row][\/et_pb_section]<\/p>\n","protected":false},"excerpt":{"rendered":"<p>PATRIMONIOEcco alcuni luoghi che vi suggeriamo di visitare durante il vostro soggiorno nel nostro portoLa riserva naturale delle Isole di Capo Corso si trova nei comuni di Rogliano, Ersa e Centuri, nell&#8217;Alta Corsica. Si trova nella parte terrestre e infralitorale delle cinque isole che delimitano la punta di Capo Corso. Si estende su una superficie [&hellip;]<\/p>\n","protected":false},"author":4,"featured_media":0,"parent":0,"menu_order":0,"comment_status":"closed","ping_status":"closed","template":"","meta":{"_et_pb_use_builder":"on","_et_pb_old_content":"","_et_gb_content_width":"","footnotes":""},"class_list":["post-742","page","type-page","status-publish","hentry"],"_links":{"self":[{"href":"https:\/\/www.lesportscorses.com\/macinaggio\/wp-json\/wp\/v2\/pages\/742","targetHints":{"allow":["GET"]}}],"collection":[{"href":"https:\/\/www.lesportscorses.com\/macinaggio\/wp-json\/wp\/v2\/pages"}],"about":[{"href":"https:\/\/www.lesportscorses.com\/macinaggio\/wp-json\/wp\/v2\/types\/page"}],"author":[{"embeddable":true,"href":"https:\/\/www.lesportscorses.com\/macinaggio\/wp-json\/wp\/v2\/users\/4"}],"replies":[{"embeddable":true,"href":"https:\/\/www.lesportscorses.com\/macinaggio\/wp-json\/wp\/v2\/comments?post=742"}],"version-history":[{"count":0,"href":"https:\/\/www.lesportscorses.com\/macinaggio\/wp-json\/wp\/v2\/pages\/742\/revisions"}],"wp:attachment":[{"href":"https:\/\/www.lesportscorses.com\/macinaggio\/wp-json\/wp\/v2\/media?parent=742"}],"curies":[{"name":"wp","href":"https:\/\/api.w.org\/{rel}","templated":true}]}}