{"id":98,"date":"2022-07-07T15:09:42","date_gmt":"2022-07-07T15:09:42","guid":{"rendered":"https:\/\/www.lesportscorses.com\/macinaggio\/?page_id=98"},"modified":"2022-12-09T17:06:44","modified_gmt":"2022-12-09T17:06:44","slug":"patrimoine","status":"publish","type":"page","link":"https:\/\/www.lesportscorses.com\/macinaggio\/patrimoine\/","title":{"rendered":"Patrimoine"},"content":{"rendered":"<p>[et_pb_section fb_built=&#8221;1&#8243; admin_label=&#8221;section&#8221; _builder_version=&#8221;4.17.4&#8243; _module_preset=&#8221;default&#8221; background_image=&#8221;https:\/\/www.lesportscorses.com\/macinaggio\/wp-content\/uploads\/2022\/07\/9-port-macinaggio.jpg&#8221; min_height=&#8221;500px&#8221; max_height=&#8221;1000px&#8221; custom_margin=&#8221;-102px||-1px||false|false&#8221; locked=&#8221;off&#8221; global_colors_info=&#8221;{}&#8221;][\/et_pb_section][et_pb_section fb_built=&#8221;1&#8243; _builder_version=&#8221;4.17.4&#8243; _module_preset=&#8221;default&#8221; custom_padding=&#8221;||0px|||&#8221; global_colors_info=&#8221;{}&#8221;][et_pb_row _builder_version=&#8221;4.17.6&#8243; _module_preset=&#8221;default&#8221; global_colors_info=&#8221;{}&#8221;][et_pb_column type=&#8221;4_4&#8243; _builder_version=&#8221;4.17.6&#8243; _module_preset=&#8221;default&#8221; global_colors_info=&#8221;{}&#8221;][et_pb_text _builder_version=&#8221;4.17.4&#8243; _module_preset=&#8221;default&#8221; text_font=&#8221;Poppins|700|||||||&#8221; text_text_color=&#8221;#22ad9d&#8221; text_font_size=&#8221;41px&#8221; custom_margin=&#8221;||37px||false|false&#8221; global_colors_info=&#8221;{}&#8221;]<\/p>\n<p>PATRIMOINE<\/p>\n<p>[\/et_pb_text][et_pb_text _builder_version=&#8221;4.17.4&#8243; _module_preset=&#8221;default&#8221; text_font=&#8221;Poppins|300|||||||&#8221; text_text_color=&#8221;#464647&#8243; text_font_size=&#8221;18px&#8221; text_letter_spacing=&#8221;1px&#8221; text_line_height=&#8221;1em&#8221; text_orientation=&#8221;center&#8221; custom_margin=&#8221;10px||30px||false|false&#8221; animation_style=&#8221;slide&#8221; animation_direction=&#8221;left&#8221; animation_duration=&#8221;1150ms&#8221; animation_delay=&#8221;650ms&#8221; animation_intensity_slide=&#8221;33%&#8221; animation_starting_opacity=&#8221;5%&#8221; locked=&#8221;off&#8221; global_colors_info=&#8221;{}&#8221;]<\/p>\n<p style=\"text-align: left;\">Retrouvez des lieux que nous vous proposons de visiter lors de votre s\u00e9jour dans notre port<\/p>\n<p>[\/et_pb_text][et_pb_divider _builder_version=&#8221;4.17.6&#8243; _module_preset=&#8221;default&#8221; global_colors_info=&#8221;{}&#8221;][\/et_pb_divider][\/et_pb_column][\/et_pb_row][\/et_pb_section][et_pb_section fb_built=&#8221;1&#8243; _builder_version=&#8221;4.17.4&#8243; _module_preset=&#8221;default&#8221; bottom_divider_color=&#8221;#E02B20&#8243; global_colors_info=&#8221;{}&#8221;][et_pb_row _builder_version=&#8221;4.17.4&#8243; _module_preset=&#8221;default&#8221; global_colors_info=&#8221;{}&#8221;][et_pb_column type=&#8221;4_4&#8243; _builder_version=&#8221;4.17.4&#8243; _module_preset=&#8221;default&#8221; global_colors_info=&#8221;{}&#8221;][et_pb_team_member name=&#8221;Les \u00eeles Finacchiariola (r\u00e9serve naturelle)&#8221; position=&#8221;\u00c0 la sortie Nord du port de Macinaggio _ 42.9848, 9.4713&#8243; image_url=&#8221;https:\/\/www.lesportscorses.com\/macinaggio\/wp-content\/uploads\/2022\/12\/Macinaggio-Reserve-naturelle-des-Iles-Finocchiarola.jpg&#8221; _builder_version=&#8221;4.17.4&#8243; _module_preset=&#8221;default&#8221; background_color=&#8221;#f9fafc&#8221; width=&#8221;100%&#8221; module_alignment=&#8221;center&#8221; custom_padding=&#8221;10px|13px|10px|13px|true|true&#8221; link_option_url_new_window=&#8221;on&#8221; hover_enabled=&#8221;0&#8243; box_shadow_style=&#8221;preset3&#8243; global_colors_info=&#8221;{}&#8221; title_text=&#8221;Macinaggio &#8211; Re\u0301serve naturelle des Iles Finocchiarola&#8221; sticky_enabled=&#8221;0&#8243;]<\/p>\n<p style=\"text-align: justify;\">La r\u00e9serve naturelle des Iles du Cap Corse se situe sur les communes de Rogliano, Ersa et Centuri en Haute-Corse. Elle est localis\u00e9e sur la partie terrestre et infralittorale des cinq \u00eeles bordant la pointe du Cap Corse. Elle s&#8217;\u00e9tend sur une superficie de 66 hectares environ et englobe la r\u00e9serve naturelle des Iles Finocchiarola situ\u00e9e sur la commune de Rogliano, abrog\u00e9e par le d\u00e9cret de cr\u00e9ation de la nouvelle r\u00e9serve naturelle, comprenant les \u00eeles de Terra, Mezenna et Finocchiarola. Le territoire comprend \u00e9galement les \u00eeles de la Giraglia et de Capense.<br \/><strong><\/strong><\/p>\n<p style=\"text-align: left;\">Plus d&#8217;informations: <a href=\"https:\/\/www.reserves-naturelles.org\/iles-du-cap-corse\">https:\/\/www.reserves-naturelles.org\/iles-du-cap-corse<\/a><\/p>\n<p style=\"text-align: left;\">[\/et_pb_team_member][et_pb_team_member name=&#8221;Sentier du douanier&#8221; position=&#8221;Point de d\u00e9part plage de Macinaggio (itin\u00e9raire fl\u00e9ch\u00e9).&#8221; image_url=&#8221;https:\/\/www.lesportscorses.com\/macinaggio\/wp-content\/uploads\/2022\/12\/Macinaggio-Sentier-du-douanier.jpg&#8221; _builder_version=&#8221;4.17.4&#8243; _module_preset=&#8221;default&#8221; background_color=&#8221;#f9fafc&#8221; custom_padding=&#8221;10px|13px|10px|13px|true|true&#8221; link_option_url_new_window=&#8221;on&#8221; hover_enabled=&#8221;0&#8243; box_shadow_style=&#8221;preset3&#8243; global_colors_info=&#8221;{}&#8221; title_text=&#8221;Macinaggio &#8211; Sentier du douanier&#8221; sticky_enabled=&#8221;0&#8243;]<\/p>\n<p style=\"text-align: justify;\">Le Sentier des Douaniers est une tr\u00e8s belle marche de 19 km longeant les c\u00f4tes du Cap Corse entre Macinaggio et Centuri o\u00f9 les espaces naturels sont prot\u00e9g\u00e9s. Pas de difficult\u00e9 particuli\u00e8re, mais il faut compter plus de 8 heures pour en atteindre l&#8217;autre bout. De superbes paysages vous attendent le long de cette randonn\u00e9e (tours g\u00e9noises, r\u00e9serve naturelle, sites naturels prot\u00e9g\u00e9s, falaises, dunes, faune, flore&#8230;).<br \/><strong><\/strong><\/p>\n<p style=\"text-align: left;\">Plus d&#8217;informations: <a href=\"https:\/\/www.capcorse-tourisme.corsica\/poi\/le_sentier_des_douaniers_cap_corse_capicorsu\">https:\/\/www.capcorse-tourisme.corsica\/poi\/le_sentier_des_douaniers_cap_corse_capicorsu<\/a><\/p>\n<p style=\"text-align: left;\">[\/et_pb_team_member][et_pb_team_member name=&#8221;TOUR DE SANTA MARIA et chapelle&#8221; position=&#8221;Latitude: 42.9961  &#8211; Longitude: 9.4526&#8243; image_url=&#8221;https:\/\/www.lesportscorses.com\/macinaggio\/wp-content\/uploads\/2022\/12\/Macinaggio-Tour-de-Santa-Maria-et-chapelle.jpg&#8221; _builder_version=&#8221;4.17.4&#8243; _module_preset=&#8221;default&#8221; background_color=&#8221;#f9fafc&#8221; custom_padding=&#8221;10px|13px|10px|13px|true|true&#8221; link_option_url_new_window=&#8221;on&#8221; hover_enabled=&#8221;0&#8243; box_shadow_style=&#8221;preset3&#8243; global_colors_info=&#8221;{}&#8221; title_text=&#8221;Macinaggio &#8211; Tour de Santa Maria et chapelle&#8221; sticky_enabled=&#8221;0&#8243;]<\/p>\n<p><strong>Les Tours G\u00e9noises du cap Corse<\/strong> &#8211; Au dessus de la baie de Capendula, pittoresquement perch\u00e9e au sommet de la Pointe d&#8217;Agnello (Punta d&#8217;Agnello) se dresse la TOUR D&#8217;AGNELLO, depuis la fin du 16\u00b0 si\u00e8cle. Les Tours G\u00e9noises de FINOCCHIAROLA, de SANTA MARIA, d\u2019AGNELLO et de l\u2019\u00eelot de la GIRAGLIA , ces quatre tours construites au cours du milieu du XVIe si\u00e8cle sous l&#8217;impulsion de la r\u00e9publique de G\u00e8nes, forment un \u00e9trange alignement et faisaient partie du syst\u00e8me de d\u00e9fense c\u00f4ti\u00e8re de la Communaut\u00e9 de Rogliano.<br \/>Aujourd&#8217;hui, ces tours sont prot\u00e9g\u00e9es et restaur\u00e9es. Elle font partie int\u00e9grante du patrimoine architectural insulaire.<\/p>\n<p>Pour plus d&#8217;informations: <a href=\"https:\/\/www.capcorse-tourisme.corsica\/poi\/tour_dagnello_cap_corse_capicorsu-1\">https:\/\/www.capcorse-tourisme.corsica\/poi\/tour_dagnello_cap_corse_capicorsu-1<\/a><\/p>\n<p>[\/et_pb_team_member][et_pb_team_member name=&#8221;LE VILLAGE DE ROGLIANO&#8221; image_url=&#8221;https:\/\/www.lesportscorses.com\/macinaggio\/wp-content\/uploads\/2022\/12\/Capture-decran-2022-12-09-a-17.07.05.png&#8221; _builder_version=&#8221;4.17.4&#8243; _module_preset=&#8221;default&#8221; background_color=&#8221;#f9fafc&#8221; custom_padding=&#8221;10px|13px|10px|13px|true|true&#8221; link_option_url_new_window=&#8221;on&#8221; hover_enabled=&#8221;0&#8243; box_shadow_style=&#8221;preset3&#8243; global_colors_info=&#8221;{}&#8221; sticky_enabled=&#8221;0&#8243;]<\/p>\n<p><strong><\/strong>Les neuf hameaux que compte la commune s\u2019\u00e9tagent du bord de mer \u00e0 une altitude de 250 m tandis que son point le plus haut est le Monte di u Castellu qui culmine \u00e0 602 m. La fa\u00e7ade c\u00f4ti\u00e8re de Rogliano, est longue de treize kilom\u00e8tres. La commune poss\u00e8de un tr\u00e8s riche patrimoine b\u00e2ti priv\u00e9 et religieux:<br \/>&#8211; maisons et tombeaux \u00ab\u00a0d\u2019am\u00e9ricains\u00a0\u00bb<br \/>&#8211; nombreuses \u00e9glises et chapelles (y compris romanes)<br \/>&#8211; couvent franciscain du XVI \u00e8me si\u00e8cle<br \/>&#8211; ch\u00e2teau fort m\u00e9di\u00e9val<br \/>&#8211; nombreuses tours g\u00e9noises sur le littoral et dans le village<\/p>\n<p>Pour plus d&#8217;informations: <a href=\"https:\/\/destination-cap-corse.corsica\/rogliano\/\">https:\/\/destination-cap-corse.corsica\/rogliano\/<\/a><\/p>\n<p>&nbsp;<\/p>\n<p>[\/et_pb_team_member][et_pb_team_member name=&#8221;Les maisons d&#8217;am\u00e9ricains&#8221; position=&#8221;Village de Rogliano &#8211; Hameau de Vignale&#8221; image_url=&#8221;https:\/\/www.lesportscorses.com\/macinaggio\/wp-content\/uploads\/2022\/12\/Macinaggio-Les-Maisons-dAmericains.jpg&#8221; _builder_version=&#8221;4.17.4&#8243; _module_preset=&#8221;default&#8221; background_color=&#8221;#f9fafc&#8221; custom_padding=&#8221;10px|13px|10px|13px|true|true&#8221; link_option_url_new_window=&#8221;on&#8221; hover_enabled=&#8221;0&#8243; box_shadow_style=&#8221;preset3&#8243; global_colors_info=&#8221;{}&#8221; title_text=&#8221;Macinaggio &#8211; Les Maisons d&#8217;Ame\u0301ricains&#8221; sticky_enabled=&#8221;0&#8243;]<\/p>\n<p style=\"text-align: justify;\">Le visiteur sera attir\u00e9 par la pr\u00e9sence d\u2019imposantes maisons dans le Cap Corse dites \u00abPalazzi di l\u2019Americani\u00bb = \u00ab Palais des Corses am\u00e9ricains\u00bb. L\u2019histoire de ces maisons a plus d\u2019un si\u00e8cle. <strong>Des Capcorsins aventuriers partis faire fortune aux Am\u00e9riques ont b\u00e2ti ces maisons sur d\u2019admirables emplacements<\/strong> ainsi que de surprenants tombeaux n\u00e9o-classiques avec de nombreux symboles qui sont visibles sur les plus beaux promontoires souvent face \u00e0 la mer et \u00e0 l\u2019\u00e9ternit\u00e9. Une mise en sc\u00e8ne architecturale qui domine le paysage, v\u00e9ritable t\u00e9moin de la r\u00e9ussite \u00e9conomique de ces aventuriers tent\u00e9s par les horizons lointains. Chaque maison, chaque tombeau, raconte une histoire singuli\u00e8re. <strong><\/strong>Pour plus d&#8217;informations: <a href=\"https:\/\/www.capcorse-tourisme.corsica\/poi\/maisons_d_americains_palazzi_di_lamericani_cap_corse_capicorsu-1\">https:\/\/www.capcorse-tourisme.corsica\/poi\/maisons_d_americains_palazzi_di_lamericani_cap_corse_capicorsu-1<\/a><span><\/span><span><\/span><\/p>\n<p>[\/et_pb_team_member][\/et_pb_column][\/et_pb_row][\/et_pb_section]<\/p>\n","protected":false},"excerpt":{"rendered":"<p>PATRIMOINERetrouvez des lieux que nous vous proposons de visiter lors de votre s\u00e9jour dans notre portLa r\u00e9serve naturelle des Iles du Cap Corse se situe sur les communes de Rogliano, Ersa et Centuri en Haute-Corse. Elle est localis\u00e9e sur la partie terrestre et infralittorale des cinq \u00eeles bordant la pointe du Cap Corse. Elle s&#8217;\u00e9tend [&hellip;]<\/p>\n","protected":false},"author":4,"featured_media":0,"parent":0,"menu_order":0,"comment_status":"closed","ping_status":"closed","template":"","meta":{"_et_pb_use_builder":"on","_et_pb_old_content":"","_et_gb_content_width":"","footnotes":""},"class_list":["post-98","page","type-page","status-publish","hentry"],"_links":{"self":[{"href":"https:\/\/www.lesportscorses.com\/macinaggio\/wp-json\/wp\/v2\/pages\/98","targetHints":{"allow":["GET"]}}],"collection":[{"href":"https:\/\/www.lesportscorses.com\/macinaggio\/wp-json\/wp\/v2\/pages"}],"about":[{"href":"https:\/\/www.lesportscorses.com\/macinaggio\/wp-json\/wp\/v2\/types\/page"}],"author":[{"embeddable":true,"href":"https:\/\/www.lesportscorses.com\/macinaggio\/wp-json\/wp\/v2\/users\/4"}],"replies":[{"embeddable":true,"href":"https:\/\/www.lesportscorses.com\/macinaggio\/wp-json\/wp\/v2\/comments?post=98"}],"version-history":[{"count":0,"href":"https:\/\/www.lesportscorses.com\/macinaggio\/wp-json\/wp\/v2\/pages\/98\/revisions"}],"wp:attachment":[{"href":"https:\/\/www.lesportscorses.com\/macinaggio\/wp-json\/wp\/v2\/media?parent=98"}],"curies":[{"name":"wp","href":"https:\/\/api.w.org\/{rel}","templated":true}]}}