{"id":1043,"date":"2022-12-04T09:39:03","date_gmt":"2022-12-04T09:39:03","guid":{"rendered":"https:\/\/www.lesportscorses.com\/porto-vecchio\/?page_id=1043"},"modified":"2022-12-05T11:51:05","modified_gmt":"2022-12-05T11:51:05","slug":"les-mouillages-2","status":"publish","type":"page","link":"https:\/\/www.lesportscorses.com\/porto-vecchio\/les-mouillages-2\/","title":{"rendered":"Les mouillages"},"content":{"rendered":"<p>[et_pb_section fb_built=\u00a0\u00bb1&Prime; admin_label=\u00a0\u00bbsection\u00a0\u00bb _builder_version=\u00a0\u00bb4.19.2&Prime; background_image=\u00a0\u00bbhttps:\/\/www.lesportscorses.com\/porto-vecchio\/wp-content\/uploads\/2022\/12\/PHOTO-HAUT-PAGE-MOUILLAGE.jpg\u00a0\u00bb background_position=\u00a0\u00bbbottom_center\u00a0\u00bb min_height=\u00a0\u00bb500px\u00a0\u00bb max_height=\u00a0\u00bb1000px\u00a0\u00bb custom_margin=\u00a0\u00bb-96px||-1px||false|false\u00a0\u00bb hover_enabled=\u00a0\u00bb0&Prime; locked=\u00a0\u00bboff\u00a0\u00bb global_colors_info=\u00a0\u00bb{}\u00a0\u00bb sticky_enabled=\u00a0\u00bb0&Prime; alt=\u00a0\u00bbLes mouillages que vous pouvez retrouvez autour du port de Porto-Vecchio\u00a0\u00bb title_text=\u00a0\u00bbAiguilles de Bavella &#8211; Corse du Sud\u00a0\u00bb][\/et_pb_section][et_pb_section fb_built=\u00a0\u00bb1&Prime; _builder_version=\u00a0\u00bb4.19.2&Prime; _module_preset=\u00a0\u00bbdefault\u00a0\u00bb global_colors_info=\u00a0\u00bb{}\u00a0\u00bb][et_pb_row _builder_version=\u00a0\u00bb4.17.6&Prime; _module_preset=\u00a0\u00bbdefault\u00a0\u00bb global_colors_info=\u00a0\u00bb{}\u00a0\u00bb][et_pb_column type=\u00a0\u00bb4_4&Prime; _builder_version=\u00a0\u00bb4.17.6&Prime; _module_preset=\u00a0\u00bbdefault\u00a0\u00bb global_colors_info=\u00a0\u00bb{}\u00a0\u00bb][et_pb_text _builder_version=\u00a0\u00bb4.19.2&Prime; _module_preset=\u00a0\u00bbdefault\u00a0\u00bb text_font=\u00a0\u00bbPoppins|700|||||||\u00a0\u00bb text_text_color=\u00a0\u00bb#22ad9d\u00a0\u00bb text_font_size=\u00a0\u00bb41px\u00a0\u00bb custom_margin=\u00a0\u00bb||37px||false|false\u00a0\u00bb text_font_size_tablet=\u00a0\u00bb41px\u00a0\u00bb text_font_size_phone=\u00a0\u00bb30px\u00a0\u00bb text_font_size_last_edited=\u00a0\u00bbon|phone\u00a0\u00bb global_colors_info=\u00a0\u00bb{}\u00a0\u00bb]<\/p>\n<p>LES MOUILLAGES<\/p>\n<p>[\/et_pb_text][et_pb_text _builder_version=\u00a0\u00bb4.19.2&Prime; _module_preset=\u00a0\u00bbdefault\u00a0\u00bb text_font=\u00a0\u00bbPoppins|300|||||||\u00a0\u00bb text_text_color=\u00a0\u00bb#464647&Prime; text_font_size=\u00a0\u00bb18px\u00a0\u00bb text_letter_spacing=\u00a0\u00bb1px\u00a0\u00bb text_line_height=\u00a0\u00bb1em\u00a0\u00bb text_orientation=\u00a0\u00bbcenter\u00a0\u00bb custom_margin=\u00a0\u00bb10px||30px||false|false\u00a0\u00bb animation_style=\u00a0\u00bbslide\u00a0\u00bb animation_direction=\u00a0\u00bbleft\u00a0\u00bb animation_duration=\u00a0\u00bb1150ms\u00a0\u00bb animation_delay=\u00a0\u00bb650ms\u00a0\u00bb animation_intensity_slide=\u00a0\u00bb33%\u00a0\u00bb animation_starting_opacity=\u00a0\u00bb5%\u00a0\u00bb locked=\u00a0\u00bboff\u00a0\u00bb global_colors_info=\u00a0\u00bb{}\u00a0\u00bb]<\/p>\n<p style=\"text-align: left;\">Retrouvez quelques mouillages \u00e0 proximit\u00e9 de notre port<\/p>\n<p>[\/et_pb_text][et_pb_divider _builder_version=\u00a0\u00bb4.17.6&Prime; _module_preset=\u00a0\u00bbdefault\u00a0\u00bb global_colors_info=\u00a0\u00bb{}\u00a0\u00bb][\/et_pb_divider][\/et_pb_column][\/et_pb_row][\/et_pb_section][et_pb_section fb_built=\u00a0\u00bb1&Prime; _builder_version=\u00a0\u00bb4.17.4&Prime; _module_preset=\u00a0\u00bbdefault\u00a0\u00bb custom_margin=\u00a0\u00bb-75px|||||\u00a0\u00bb global_colors_info=\u00a0\u00bb{}\u00a0\u00bb][et_pb_row _builder_version=\u00a0\u00bb4.17.4&Prime; _module_preset=\u00a0\u00bbdefault\u00a0\u00bb global_colors_info=\u00a0\u00bb{}\u00a0\u00bb][et_pb_column type=\u00a0\u00bb4_4&Prime; _builder_version=\u00a0\u00bb4.17.4&Prime; _module_preset=\u00a0\u00bbdefault\u00a0\u00bb global_colors_info=\u00a0\u00bb{}\u00a0\u00bb][et_pb_team_member name=\u00a0\u00bbBaie de Santa Giulia  \u00a0\u00bb image_url=\u00a0\u00bbhttps:\/\/www.lesportscorses.com\/porto-vecchio\/wp-content\/uploads\/2022\/12\/1-corse-plage-santa-giulia.jpg\u00a0\u00bb _builder_version=\u00a0\u00bb4.19.2&Prime; _module_preset=\u00a0\u00bbdefault\u00a0\u00bb background_color=\u00a0\u00bb#f9fafc\u00a0\u00bb width=\u00a0\u00bb100%\u00a0\u00bb module_alignment=\u00a0\u00bbcenter\u00a0\u00bb custom_padding=\u00a0\u00bb10px|13px|10px|13px|true|true\u00a0\u00bb link_option_url=\u00a0\u00bbwww.nauticspot.com\/fr\u00a0\u00bb link_option_url_new_window=\u00a0\u00bbon\u00a0\u00bb box_shadow_style=\u00a0\u00bbpreset3&Prime; global_colors_info=\u00a0\u00bb{}\u00a0\u00bb]<\/p>\n<p>Ce lieu lieu r\u00e9put\u00e9 du sud de la Corse est parfait pour aller \u00e0 la plage dans un des plus beau endroits de Corse. Avec un fond de sable, une bonne tenue au mouillage vous est garanti si le vent est avec vous. Prot\u00e9g\u00e9 des vents venant du Nord-Ouest au Sud-Est en passant par le Sud<\/p>\n<p><strong>Emplacement<\/strong> : 41.52661635066502, 9.278445690317497<\/p>\n<p>&nbsp;<\/p>\n<p>&nbsp;<\/p>\n<p>[\/et_pb_team_member][\/et_pb_column][\/et_pb_row][\/et_pb_section]<\/p>\n","protected":false},"excerpt":{"rendered":"<p>LES MOUILLAGESRetrouvez quelques mouillages \u00e0 proximit\u00e9 de notre portCe lieu lieu r\u00e9put\u00e9 du sud de la Corse est parfait pour aller \u00e0 la plage dans un des plus beau endroits de Corse. Avec un fond de sable, une bonne tenue au mouillage vous est garanti si le vent est avec vous. Prot\u00e9g\u00e9 des vents venant [&hellip;]<\/p>\n","protected":false},"author":3,"featured_media":0,"parent":0,"menu_order":0,"comment_status":"closed","ping_status":"closed","template":"","meta":{"_et_pb_use_builder":"on","_et_pb_old_content":"","_et_gb_content_width":"","footnotes":""},"class_list":["post-1043","page","type-page","status-publish","hentry"],"_links":{"self":[{"href":"https:\/\/www.lesportscorses.com\/porto-vecchio\/wp-json\/wp\/v2\/pages\/1043","targetHints":{"allow":["GET"]}}],"collection":[{"href":"https:\/\/www.lesportscorses.com\/porto-vecchio\/wp-json\/wp\/v2\/pages"}],"about":[{"href":"https:\/\/www.lesportscorses.com\/porto-vecchio\/wp-json\/wp\/v2\/types\/page"}],"author":[{"embeddable":true,"href":"https:\/\/www.lesportscorses.com\/porto-vecchio\/wp-json\/wp\/v2\/users\/3"}],"replies":[{"embeddable":true,"href":"https:\/\/www.lesportscorses.com\/porto-vecchio\/wp-json\/wp\/v2\/comments?post=1043"}],"version-history":[{"count":7,"href":"https:\/\/www.lesportscorses.com\/porto-vecchio\/wp-json\/wp\/v2\/pages\/1043\/revisions"}],"predecessor-version":[{"id":1165,"href":"https:\/\/www.lesportscorses.com\/porto-vecchio\/wp-json\/wp\/v2\/pages\/1043\/revisions\/1165"}],"wp:attachment":[{"href":"https:\/\/www.lesportscorses.com\/porto-vecchio\/wp-json\/wp\/v2\/media?parent=1043"}],"curies":[{"name":"wp","href":"https:\/\/api.w.org\/{rel}","templated":true}]}}