{"id":49,"date":"2022-07-11T11:25:28","date_gmt":"2022-07-11T11:25:28","guid":{"rendered":"https:\/\/www.lesportscorses.com\/porto-vecchio\/?page_id=49"},"modified":"2024-02-20T15:27:02","modified_gmt":"2024-02-20T15:27:02","slug":"questions-frequentes-2","status":"publish","type":"page","link":"https:\/\/www.lesportscorses.com\/porto-vecchio\/questions-frequentes-2\/","title":{"rendered":"Questions fr\u00e9quentes"},"content":{"rendered":"<p>[et_pb_section fb_built=\u00a0\u00bb1&Prime; admin_label=\u00a0\u00bbsection\u00a0\u00bb _builder_version=\u00a0\u00bb4.17.4&Prime; _module_preset=\u00a0\u00bbdefault\u00a0\u00bb background_image=\u00a0\u00bbhttps:\/\/www.lesportscorses.com\/porto-vecchio\/wp-content\/uploads\/2022\/07\/Image-10-Porto-Vecchio.jpg\u00a0\u00bb min_height=\u00a0\u00bb500px\u00a0\u00bb max_height=\u00a0\u00bb1000px\u00a0\u00bb custom_margin=\u00a0\u00bb-102px||-1px||false|false\u00a0\u00bb locked=\u00a0\u00bboff\u00a0\u00bb global_colors_info=\u00a0\u00bb{}\u00a0\u00bb][\/et_pb_section][et_pb_section fb_built=\u00a0\u00bb1&Prime; _builder_version=\u00a0\u00bb4.17.4&Prime; _module_preset=\u00a0\u00bbdefault\u00a0\u00bb global_colors_info=\u00a0\u00bb{}\u00a0\u00bb][et_pb_row _builder_version=\u00a0\u00bb4.17.4&Prime; _module_preset=\u00a0\u00bbdefault\u00a0\u00bb global_colors_info=\u00a0\u00bb{}\u00a0\u00bb][et_pb_column type=\u00a0\u00bb4_4&Prime; _builder_version=\u00a0\u00bb4.17.4&Prime; _module_preset=\u00a0\u00bbdefault\u00a0\u00bb global_colors_info=\u00a0\u00bb{}\u00a0\u00bb][et_pb_text _builder_version=\u00a0\u00bb4.17.4&Prime; _module_preset=\u00a0\u00bbdefault\u00a0\u00bb text_font=\u00a0\u00bbPoppins||||||||\u00a0\u00bb text_text_color=\u00a0\u00bb#D2B286&Prime; text_font_size=\u00a0\u00bb36px\u00a0\u00bb text_text_color_tablet=\u00a0\u00bb#1D3079&Prime; text_text_color_phone=\u00a0\u00bb#1D3079&Prime; text_text_color_last_edited=\u00a0\u00bbon|phone\u00a0\u00bb global_colors_info=\u00a0\u00bb{}\u00a0\u00bb]<\/p>\n<p><strong>Une question ?<\/strong><\/p>\n<p>[\/et_pb_text][et_pb_text _builder_version=\u00a0\u00bb4.17.4&Prime; _module_preset=\u00a0\u00bbdefault\u00a0\u00bb text_font=\u00a0\u00bbPoppins|300|||||||\u00a0\u00bb text_text_color=\u00a0\u00bbrgba(24,34,61,0.73)\u00a0\u00bb text_font_size=\u00a0\u00bb17px\u00a0\u00bb custom_margin=\u00a0\u00bb60px||0px||false|false\u00a0\u00bb global_colors_info=\u00a0\u00bb{}\u00a0\u00bb]<\/p>\n<p>Pour vous aider, voici les\u00a0<strong>questions fr\u00e9quentes <\/strong>pos\u00e9es par\u00a0les plaisanciers et visiteurs du port.<\/p>\n<p>[\/et_pb_text][\/et_pb_column][\/et_pb_row][\/et_pb_section][et_pb_section fb_built=\u00a0\u00bb1&Prime; _builder_version=\u00a0\u00bb4.17.4&Prime; _module_preset=\u00a0\u00bbdefault\u00a0\u00bb background_color=\u00a0\u00bb#ffffff\u00a0\u00bb background_enable_image=\u00a0\u00bboff\u00a0\u00bb background_enable_pattern_style=\u00a0\u00bbon\u00a0\u00bb background_pattern_style=\u00a0\u00bbwaves\u00a0\u00bb background_pattern_color=\u00a0\u00bbrgba(210,178,134,0.17)\u00a0\u00bb background_pattern_size=\u00a0\u00bbcustom\u00a0\u00bb background_pattern_width=\u00a0\u00bb96px\u00a0\u00bb background_pattern_horizontal_offset=\u00a0\u00bb41%\u00a0\u00bb background_pattern_vertical_offset=\u00a0\u00bb25%\u00a0\u00bb top_divider_style=\u00a0\u00bbmountains\u00a0\u00bb top_divider_color=\u00a0\u00bb#D2B286&Prime; top_divider_height=\u00a0\u00bb23px\u00a0\u00bb global_colors_info=\u00a0\u00bb{}\u00a0\u00bb][et_pb_row column_structure=\u00a0\u00bb1_2,1_2&Prime; _builder_version=\u00a0\u00bb4.17.4&Prime; _module_preset=\u00a0\u00bbdefault\u00a0\u00bb global_colors_info=\u00a0\u00bb{}\u00a0\u00bb][et_pb_column type=\u00a0\u00bb1_2&Prime; _builder_version=\u00a0\u00bb4.17.4&Prime; _module_preset=\u00a0\u00bbdefault\u00a0\u00bb background_color=\u00a0\u00bbRGBA(255,255,255,0)\u00a0\u00bb global_colors_info=\u00a0\u00bb{}\u00a0\u00bb][et_pb_toggle title=\u00a0\u00bbComment r\u00e9server une place au port ?\u00a0\u00bb _builder_version=\u00a0\u00bb4.17.4&Prime; _module_preset=\u00a0\u00bb712d6d3b-e063-466d-996b-b5c663b69052&Prime; inline_fonts=\u00a0\u00bbABeeZee\u00a0\u00bb global_colors_info=\u00a0\u00bb{}\u00a0\u00bb]<\/p>\n<p><span style=\"caret-color: #444444; color: #808080; font-family: Poppins; font-size: 14.6667px; font-style: normal; font-variant-caps: normal; font-weight: 400; letter-spacing: normal; text-align: left; text-indent: 0px; text-transform: none; white-space: pre-wrap; word-spacing: 0px; -moz-text-size-adjust: auto; -webkit-text-stroke-width: 0px; background-color: #ffffff; text-decoration: none; display: inline !important; float: none;\">Il suffit d&rsquo;aller sur le site resaportcorse.com et de faire la demande en ligne<\/span><\/p>\n<p>[\/et_pb_toggle][\/et_pb_column][et_pb_column type=\u00a0\u00bb1_2&Prime; _builder_version=\u00a0\u00bb4.17.4&Prime; _module_preset=\u00a0\u00bbdefault\u00a0\u00bb background_color=\u00a0\u00bbRGBA(255,255,255,0)\u00a0\u00bb global_colors_info=\u00a0\u00bb{}\u00a0\u00bb][et_pb_toggle title=\u00a0\u00bbAvez-vous un code wifi ?\u00a0\u00bb _builder_version=\u00a0\u00bb4.17.4&Prime; _module_preset=\u00a0\u00bb712d6d3b-e063-466d-996b-b5c663b69052&Prime; inline_fonts=\u00a0\u00bbABeeZee\u00a0\u00bb global_colors_info=\u00a0\u00bb{}\u00a0\u00bb border_radii__hover_enabled=\u00a0\u00bboff|desktop\u00a0\u00bb border_radii__hover=\u00a0\u00bbon|38px|38px|38px|38px\u00a0\u00bb]<\/p>\n<p><span style=\"caret-color: #444444; color: #808080; font-family: Poppins; font-size: 14.6667px; font-style: normal; font-variant-caps: normal; font-weight: 400; letter-spacing: normal; text-align: left; text-indent: 0px; text-transform: none; white-space: pre-wrap; word-spacing: 0px; -moz-text-size-adjust: auto; -webkit-text-stroke-width: 0px; background-color: #ffffff; text-decoration: none; display: inline !important; float: none;\">Oui nous disposons d&rsquo;un code wifi gratuit pour les plaisanciers<\/span><\/p>\n<p>[\/et_pb_toggle][\/et_pb_column][\/et_pb_row][et_pb_row column_structure=\u00a0\u00bb1_2,1_2&Prime; _builder_version=\u00a0\u00bb4.17.4&Prime; _module_preset=\u00a0\u00bbdefault\u00a0\u00bb global_colors_info=\u00a0\u00bb{}\u00a0\u00bb][et_pb_column type=\u00a0\u00bb1_2&Prime; _builder_version=\u00a0\u00bb4.17.4&Prime; _module_preset=\u00a0\u00bbdefault\u00a0\u00bb background_color=\u00a0\u00bbRGBA(255,255,255,0)\u00a0\u00bb global_colors_info=\u00a0\u00bb{}\u00a0\u00bb][et_pb_toggle title=\u00a0\u00bbLes sanitaires sont-ils ouverts 24h\/24 ?\u00a0\u00bb _builder_version=\u00a0\u00bb4.17.4&Prime; _module_preset=\u00a0\u00bb712d6d3b-e063-466d-996b-b5c663b69052&Prime; body_text_color=\u00a0\u00bb#1D3079&Prime; inline_fonts=\u00a0\u00bbABeeZee\u00a0\u00bb global_colors_info=\u00a0\u00bb{}\u00a0\u00bb border_radii__hover_enabled=\u00a0\u00bboff|desktop\u00a0\u00bb border_radii__hover=\u00a0\u00bbon|38px|38px|38px|38px\u00a0\u00bb]<\/p>\n<p><span style=\"caret-color: #444444; color: #808080; font-family: Poppins; font-size: 14.6667px; font-style: normal; font-variant-caps: normal; font-weight: 400; letter-spacing: normal; text-align: left; text-indent: 0px; text-transform: none; white-space: pre-wrap; word-spacing: 0px; -moz-text-size-adjust: auto; -webkit-text-stroke-width: 0px; background-color: #ffffff; text-decoration: none; display: inline !important; float: none;\">Non, les douches ferment 30min avant la fermeture des locaux et pour les toilettes ext\u00e9rieurs nous vous donnons un code pour y acc\u00e9der.<\/span><\/p>\n<p>[\/et_pb_toggle][\/et_pb_column][et_pb_column type=\u00a0\u00bb1_2&Prime; _builder_version=\u00a0\u00bb4.17.4&Prime; _module_preset=\u00a0\u00bbdefault\u00a0\u00bb background_color=\u00a0\u00bbRGBA(255,255,255,0)\u00a0\u00bb global_colors_info=\u00a0\u00bb{}\u00a0\u00bb][et_pb_toggle title=\u00a0\u00bbY&rsquo;a t-il un acc\u00e8s \u00e0 la m\u00e9t\u00e9o marine ?\u00a0\u00bb _builder_version=\u00a0\u00bb4.17.4&Prime; _module_preset=\u00a0\u00bb712d6d3b-e063-466d-996b-b5c663b69052&Prime; locked=\u00a0\u00bboff\u00a0\u00bb inline_fonts=\u00a0\u00bbABeeZee\u00a0\u00bb global_colors_info=\u00a0\u00bb{}\u00a0\u00bb border_radii__hover_enabled=\u00a0\u00bboff|desktop\u00a0\u00bb border_radii__hover=\u00a0\u00bbon|38px|38px|38px|38px\u00a0\u00bb]<\/p>\n<p><span style=\"caret-color: #444444; color: #808080; font-family: Poppins; font-size: 14.6667px; font-style: normal; font-variant-caps: normal; font-weight: 400; letter-spacing: normal; text-align: left; text-indent: 0px; text-transform: none; white-space: pre-wrap; word-spacing: 0px; -moz-text-size-adjust: auto; -webkit-text-stroke-width: 0px; background-color: #ffffff; text-decoration: none; display: inline !important; float: none;\">Oui, la m\u00e9t\u00e9o est affich\u00e9 tous les jours dans la vitrine ext\u00e9rieur.<\/span><\/p>\n<p>[\/et_pb_toggle][\/et_pb_column][\/et_pb_row][et_pb_row column_structure=\u00a0\u00bb1_2,1_2&Prime; _builder_version=\u00a0\u00bb4.17.4&Prime; _module_preset=\u00a0\u00bbdefault\u00a0\u00bb global_colors_info=\u00a0\u00bb{}\u00a0\u00bb][et_pb_column type=\u00a0\u00bb1_2&Prime; _builder_version=\u00a0\u00bb4.17.4&Prime; _module_preset=\u00a0\u00bbdefault\u00a0\u00bb background_color=\u00a0\u00bbRGBA(255,255,255,0)\u00a0\u00bb global_colors_info=\u00a0\u00bb{}\u00a0\u00bb][et_pb_toggle title=\u00a0\u00bbA quelle heure peut-on arriver au port ?\u00a0\u00bb _builder_version=\u00a0\u00bb4.17.4&Prime; _module_preset=\u00a0\u00bb712d6d3b-e063-466d-996b-b5c663b69052&Prime; hover_enabled=\u00a0\u00bb0&Prime; inline_fonts=\u00a0\u00bbABeeZee\u00a0\u00bb global_colors_info=\u00a0\u00bb{}\u00a0\u00bb sticky_enabled=\u00a0\u00bb0&Prime;]<\/p>\n<p><span style=\"caret-color: #444444; color: #808080; font-family: Poppins; font-size: 14.6667px; font-style: normal; font-variant-caps: normal; font-weight: 400; letter-spacing: normal; text-align: left; text-indent: 0px; text-transform: none; white-space: pre-wrap; word-spacing: 0px; -moz-text-size-adjust: auto; -webkit-text-stroke-width: 0px; background-color: #ffffff; text-decoration: none; display: inline !important; float: none;\">Votre place de r\u00e9servation est libre \u00e0 partir de 12h, juqu&rsquo;\u00e0 la fermeture des locaux.<\/span><\/p>\n<p>[\/et_pb_toggle][et_pb_toggle title=\u00a0\u00bbEn cas d&rsquo;urgence, qui puis-je contacter ? \u00a0\u00bb _builder_version=\u00a0\u00bb4.24.1&Prime; _module_preset=\u00a0\u00bb712d6d3b-e063-466d-996b-b5c663b69052&Prime; hover_enabled=\u00a0\u00bb0&Prime; inline_fonts=\u00a0\u00bbABeeZee\u00a0\u00bb global_colors_info=\u00a0\u00bb{}\u00a0\u00bb sticky_enabled=\u00a0\u00bb0&Prime; custom_margin=\u00a0\u00bb66px|||||\u00a0\u00bb min_height=\u00a0\u00bb48px\u00a0\u00bb]<\/p>\n<p><span style=\"caret-color: #444444; color: #808080; font-family: Poppins; font-size: 14.6667px; font-style: normal; font-variant-caps: normal; font-weight: 400; letter-spacing: normal; text-align: left; text-indent: 0px; text-transform: none; white-space: pre-wrap; word-spacing: 0px; -moz-text-size-adjust: auto; -webkit-text-stroke-width: 0px; background-color: #ffffff; text-decoration: none; display: inline !important; float: none;\">En cas d&rsquo;extr\u00eame urgence, vous pouvez contacter la police municipale au 07 88 98 39 85<\/span><\/p>\n<p>[\/et_pb_toggle][\/et_pb_column][et_pb_column type=\u00a0\u00bb1_2&Prime; _builder_version=\u00a0\u00bb4.17.4&Prime; _module_preset=\u00a0\u00bbdefault\u00a0\u00bb background_color=\u00a0\u00bbRGBA(255,255,255,0)\u00a0\u00bb global_colors_info=\u00a0\u00bb{}\u00a0\u00bb][et_pb_toggle title=\u00a0\u00bbComment se d\u00e9placer \u00e0 Portivechju ?\u00a0\u00bb _builder_version=\u00a0\u00bb4.17.4&Prime; _module_preset=\u00a0\u00bb712d6d3b-e063-466d-996b-b5c663b69052&Prime; hover_enabled=\u00a0\u00bb0&Prime; locked=\u00a0\u00bboff\u00a0\u00bb inline_fonts=\u00a0\u00bbABeeZee\u00a0\u00bb global_colors_info=\u00a0\u00bb{}\u00a0\u00bb border_radii__hover_enabled=\u00a0\u00bboff|desktop\u00a0\u00bb border_radii__hover=\u00a0\u00bbon|38px|38px|38px|38px\u00a0\u00bb custom_margin=\u00a0\u00bb||64px|||\u00a0\u00bb sticky_enabled=\u00a0\u00bb0&Prime;]<\/p>\n<p><span style=\"caret-color: #444444; color: #808080; font-family: Poppins; font-size: 14.6667px; font-style: normal; font-variant-caps: normal; font-weight: 400; letter-spacing: normal; text-align: left; text-indent: 0px; text-transform: none; white-space: pre-wrap; word-spacing: 0px; -moz-text-size-adjust: auto; -webkit-text-stroke-width: 0px; background-color: #ffffff; text-decoration: none; display: inline !important; float: none;\">Le bus \u00e9lectrique de la ville, A Citadina, effectue le tour de la ville tous les jours et ce toute la journ\u00e9e (consulter son statut en direct via le lien suivant : <a href=\"https:\/\/mibc-fr-04.mailinblack.com\/securelink\/?url=https:\/\/pysae.com&amp;key=eyJsYW5nIjoiRlIiLCJ1cmwiOiJodHRwczovL3B5c2FlLmNvbS9pbmZvLyMvcG9ydG8tdmVjY2hpby9tYXAvIiwidG9rZW4iOiJnQUFBQUFCbDFMTDVHc1RIMExJb05yWUtZb1JkbE5qN0RhR3JhRmhBOXNNZnpmdUVpN1JBOGUzaFpQMHpXSkJ0TDZCVmF3ZzFLNjFRNS1VWmRMV2dfQU9tNncyOHFjcVM2VVFYYmw3OXVoUEdHZkhqbTNjVGhhY25GYzFLb192QVVfb2xqd3Z5V0lhWlQ5bmF6ZHY4bzdzWWZTMzFLcXFiWDFyTlpkOHRfcnNiYVN3XzFrekQyaUMxVDU3aklMWGM0NkdFZ1FWdy1velJrdUJ3Z2NsZ3ZZZVk1amtWZkhaaVVXTm9yTi1PUDlnNWVBU2RMT2NWbENzSlJQVEZ5OE8wYkpxVGJxOWJCOTVIM2d1UHpRYWFBTTN3dmNzWkd6SklLX3pLSWhqbU9yWlJBaXpEa01fWmgtREl3T0tQVHRoWC1WenhwQWpPUzEwaSJ9\" target=\"_blank\" data-saferedirecturl=\"https:\/\/www.google.com\/url?q=https:\/\/mibc-fr-04.mailinblack.com\/securelink\/?url%3Dhttps:\/\/pysae.com%26key%3DeyJsYW5nIjoiRlIiLCJ1cmwiOiJodHRwczovL3B5c2FlLmNvbS9pbmZvLyMvcG9ydG8tdmVjY2hpby9tYXAvIiwidG9rZW4iOiJnQUFBQUFCbDFMTDVHc1RIMExJb05yWUtZb1JkbE5qN0RhR3JhRmhBOXNNZnpmdUVpN1JBOGUzaFpQMHpXSkJ0TDZCVmF3ZzFLNjFRNS1VWmRMV2dfQU9tNncyOHFjcVM2VVFYYmw3OXVoUEdHZkhqbTNjVGhhY25GYzFLb192QVVfb2xqd3Z5V0lhWlQ5bmF6ZHY4bzdzWWZTMzFLcXFiWDFyTlpkOHRfcnNiYVN3XzFrekQyaUMxVDU3aklMWGM0NkdFZ1FWdy1velJrdUJ3Z2NsZ3ZZZVk1amtWZkhaaVVXTm9yTi1PUDlnNWVBU2RMT2NWbENzSlJQVEZ5OE8wYkpxVGJxOWJCOTVIM2d1UHpRYWFBTTN3dmNzWkd6SklLX3pLSWhqbU9yWlJBaXpEa01fWmgtREl3T0tQVHRoWC1WenhwQWpPUzEwaSJ9&amp;source=gmail&amp;ust=1708527584868000&amp;usg=AOvVaw19gGNkhjlOdIssliUWvvWx\" rel=\"noopener\">https:\/\/pysae.com\/info\/#\/<wbr \/>porto-vecchio\/map<\/a>)<\/span><\/p>\n<p>[\/et_pb_toggle][et_pb_toggle title=\u00a0\u00bbO\u00f9 puis-je trouver un plan de la ville ?\u00a0\u00a0\u00bb _builder_version=\u00a0\u00bb4.24.1&Prime; _module_preset=\u00a0\u00bb712d6d3b-e063-466d-996b-b5c663b69052&Prime; hover_enabled=\u00a0\u00bb0&Prime; locked=\u00a0\u00bboff\u00a0\u00bb inline_fonts=\u00a0\u00bbABeeZee\u00a0\u00bb global_colors_info=\u00a0\u00bb{}\u00a0\u00bb border_radii__hover_enabled=\u00a0\u00bboff|desktop\u00a0\u00bb border_radii__hover=\u00a0\u00bbon|38px|38px|38px|38px\u00a0\u00bb sticky_enabled=\u00a0\u00bb0&Prime;]<\/p>\n<p><span><span style=\"caret-color: #444444; color: #808080; font-family: Poppins; font-size: 14.6667px; font-style: normal; font-variant-caps: normal; font-weight: 400; letter-spacing: normal; text-align: left; text-indent: 0px; text-transform: none; white-space: pre-wrap; word-spacing: 0px; -moz-text-size-adjust: auto; -webkit-text-stroke-width: 0px; background-color: #ffffff; text-decoration: none; display: inline !important; float: none;\">Le plan de la ville est disponible au bureau du port ou sur notre site dans la rubrique \u00ab\u00a0Le port\u00a0\u00bb puis \u00ab\u00a0Plan\u00a0\u00bb<\/span><\/span><\/p>\n<p>[\/et_pb_toggle][\/et_pb_column][\/et_pb_row][\/et_pb_section]<\/p>\n","protected":false},"excerpt":{"rendered":"<p>Une question ?Pour vous aider, voici les\u00a0questions fr\u00e9quentes pos\u00e9es par\u00a0les plaisanciers et visiteurs du port.Il suffit d&rsquo;aller sur le site resaportcorse.com et de faire la demande en ligneOui nous disposons d&rsquo;un code wifi gratuit pour les plaisanciersNon, les douches ferment 30min avant la fermeture des locaux et pour les toilettes ext\u00e9rieurs nous vous donnons un [&hellip;]<\/p>\n","protected":false},"author":3,"featured_media":0,"parent":0,"menu_order":0,"comment_status":"closed","ping_status":"closed","template":"","meta":{"_et_pb_use_builder":"on","_et_pb_old_content":"","_et_gb_content_width":"","footnotes":""},"class_list":["post-49","page","type-page","status-publish","hentry"],"_links":{"self":[{"href":"https:\/\/www.lesportscorses.com\/porto-vecchio\/wp-json\/wp\/v2\/pages\/49","targetHints":{"allow":["GET"]}}],"collection":[{"href":"https:\/\/www.lesportscorses.com\/porto-vecchio\/wp-json\/wp\/v2\/pages"}],"about":[{"href":"https:\/\/www.lesportscorses.com\/porto-vecchio\/wp-json\/wp\/v2\/types\/page"}],"author":[{"embeddable":true,"href":"https:\/\/www.lesportscorses.com\/porto-vecchio\/wp-json\/wp\/v2\/users\/3"}],"replies":[{"embeddable":true,"href":"https:\/\/www.lesportscorses.com\/porto-vecchio\/wp-json\/wp\/v2\/comments?post=49"}],"version-history":[{"count":8,"href":"https:\/\/www.lesportscorses.com\/porto-vecchio\/wp-json\/wp\/v2\/pages\/49\/revisions"}],"predecessor-version":[{"id":12446,"href":"https:\/\/www.lesportscorses.com\/porto-vecchio\/wp-json\/wp\/v2\/pages\/49\/revisions\/12446"}],"wp:attachment":[{"href":"https:\/\/www.lesportscorses.com\/porto-vecchio\/wp-json\/wp\/v2\/media?parent=49"}],"curies":[{"name":"wp","href":"https:\/\/api.w.org\/{rel}","templated":true}]}}