{"id":799,"date":"2022-11-16T06:23:17","date_gmt":"2022-11-16T06:23:17","guid":{"rendered":"https:\/\/www.lesportscorses.com\/porto-vecchio\/?page_id=799"},"modified":"2022-12-05T11:57:49","modified_gmt":"2022-12-05T11:57:49","slug":"patrimoine","status":"publish","type":"page","link":"https:\/\/www.lesportscorses.com\/porto-vecchio\/patrimoine\/","title":{"rendered":"Patrimoine"},"content":{"rendered":"<p>[et_pb_section fb_built=\u00a0\u00bb1&Prime; admin_label=\u00a0\u00bbsection\u00a0\u00bb _builder_version=\u00a0\u00bb4.19.2&Prime; _module_preset=\u00a0\u00bbdefault\u00a0\u00bb background_image=\u00a0\u00bbhttps:\/\/www.lesportscorses.com\/porto-vecchio\/wp-content\/uploads\/2022\/12\/PHOTO-PATRIMOINE-PV.jpg\u00a0\u00bb min_height=\u00a0\u00bb500px\u00a0\u00bb max_height=\u00a0\u00bb1000px\u00a0\u00bb custom_margin=\u00a0\u00bb-102px||-1px||false|false\u00a0\u00bb hover_enabled=\u00a0\u00bb0&Prime; locked=\u00a0\u00bboff\u00a0\u00bb global_colors_info=\u00a0\u00bb{}\u00a0\u00bb sticky_enabled=\u00a0\u00bb0&Prime; alt=\u00a0\u00bbLes lieux \u00e0 visiter \u00e0 proximit\u00e9 du port de Porto-Vecchio\u00a0\u00bb title_text=\u00a0\u00bbPHOTO PATRIMOINE PV\u00a0\u00bb][\/et_pb_section][et_pb_section fb_built=\u00a0\u00bb1&Prime; _builder_version=\u00a0\u00bb4.17.4&Prime; _module_preset=\u00a0\u00bbdefault\u00a0\u00bb custom_padding=\u00a0\u00bb||1px|||\u00a0\u00bb global_colors_info=\u00a0\u00bb{}\u00a0\u00bb][et_pb_row _builder_version=\u00a0\u00bb4.17.6&Prime; _module_preset=\u00a0\u00bbdefault\u00a0\u00bb global_colors_info=\u00a0\u00bb{}\u00a0\u00bb][et_pb_column type=\u00a0\u00bb4_4&Prime; _builder_version=\u00a0\u00bb4.17.6&Prime; _module_preset=\u00a0\u00bbdefault\u00a0\u00bb global_colors_info=\u00a0\u00bb{}\u00a0\u00bb][et_pb_text _builder_version=\u00a0\u00bb4.17.4&Prime; _module_preset=\u00a0\u00bbdefault\u00a0\u00bb text_font=\u00a0\u00bbPoppins|700|||||||\u00a0\u00bb text_text_color=\u00a0\u00bb#22ad9d\u00a0\u00bb text_font_size=\u00a0\u00bb41px\u00a0\u00bb custom_margin=\u00a0\u00bb||37px||false|false\u00a0\u00bb global_colors_info=\u00a0\u00bb{}\u00a0\u00bb]<\/p>\n<p>PATRIMOINE<\/p>\n<p>[\/et_pb_text][et_pb_text _builder_version=\u00a0\u00bb4.17.4&Prime; _module_preset=\u00a0\u00bbdefault\u00a0\u00bb text_font=\u00a0\u00bbPoppins|300|||||||\u00a0\u00bb text_text_color=\u00a0\u00bb#464647&Prime; text_font_size=\u00a0\u00bb18px\u00a0\u00bb text_letter_spacing=\u00a0\u00bb1px\u00a0\u00bb text_line_height=\u00a0\u00bb1em\u00a0\u00bb text_orientation=\u00a0\u00bbcenter\u00a0\u00bb custom_margin=\u00a0\u00bb10px||30px||false|false\u00a0\u00bb animation_style=\u00a0\u00bbslide\u00a0\u00bb animation_direction=\u00a0\u00bbleft\u00a0\u00bb animation_duration=\u00a0\u00bb1150ms\u00a0\u00bb animation_delay=\u00a0\u00bb650ms\u00a0\u00bb animation_intensity_slide=\u00a0\u00bb33%\u00a0\u00bb animation_starting_opacity=\u00a0\u00bb5%\u00a0\u00bb locked=\u00a0\u00bboff\u00a0\u00bb global_colors_info=\u00a0\u00bb{}\u00a0\u00bb]<\/p>\n<p style=\"text-align: left;\">Retrouvez des lieux que nous vous proposons de visiter lors de votre s\u00e9jour dans notre port<\/p>\n<p>[\/et_pb_text][et_pb_divider _builder_version=\u00a0\u00bb4.17.6&Prime; _module_preset=\u00a0\u00bbdefault\u00a0\u00bb global_colors_info=\u00a0\u00bb{}\u00a0\u00bb][\/et_pb_divider][\/et_pb_column][\/et_pb_row][\/et_pb_section][et_pb_section fb_built=\u00a0\u00bb1&Prime; _builder_version=\u00a0\u00bb4.17.4&Prime; _module_preset=\u00a0\u00bbdefault\u00a0\u00bb global_colors_info=\u00a0\u00bb{}\u00a0\u00bb][et_pb_row _builder_version=\u00a0\u00bb4.17.4&Prime; _module_preset=\u00a0\u00bbdefault\u00a0\u00bb global_colors_info=\u00a0\u00bb{}\u00a0\u00bb][et_pb_column type=\u00a0\u00bb4_4&Prime; _builder_version=\u00a0\u00bb4.17.4&Prime; _module_preset=\u00a0\u00bbdefault\u00a0\u00bb global_colors_info=\u00a0\u00bb{}\u00a0\u00bb][et_pb_team_member name=\u00a0\u00bbUsine \u00e0 li\u00e8ge\u00a0\u00bb image_url=\u00a0\u00bbhttps:\/\/www.lesportscorses.com\/porto-vecchio\/wp-content\/uploads\/2022\/11\/Capture-decran-2022-11-16-a-07.09.15.png\u00a0\u00bb _builder_version=\u00a0\u00bb4.17.4&Prime; _module_preset=\u00a0\u00bbdefault\u00a0\u00bb background_color=\u00a0\u00bb#f9fafc\u00a0\u00bb custom_padding=\u00a0\u00bb10px|13px|10px|13px|true|true\u00a0\u00bb link_option_url_new_window=\u00a0\u00bbon\u00a0\u00bb box_shadow_style=\u00a0\u00bbpreset3&Prime; global_colors_info=\u00a0\u00bb{}\u00a0\u00bb]<\/p>\n<div>\n<div>\n<div>\n<p>L\u2019activit\u00e9 d\u2019exploitation, de traitement et de transformation du li\u00e8ge a marqu\u00e9 l\u2019histoire de Porto-Vecchio. Durant un si\u00e8cle, de 1876 \u00e0 1975, l\u2019usine Saint Joseph a produit bouchons, flotteurs pour les filets de p\u00eache, rev\u00eatements int\u00e9rieurs pour casques coloniaux, isolants, agglom\u00e9r\u00e9s.<br \/>Aujourd\u2019hui l\u2019ancienne usine \u00e0 li\u00e8ge est un lieu culturel ; elle h\u00e9berge la compagnie de th\u00e9\u00e2tre I Chjachjaroni.<\/p>\n<p>Emplacement: Port de plaisance de Porto-Vecchio<\/p>\n<p>Plus d\u2019informations:<a href=\"https:\/\/portivechju-di-tandu.com\/usine-a-liege\">https:\/\/portivechju-di-tandu.com\/usine-a-liege<\/a><\/p>\n<\/div>\n<\/div>\n<\/div>\n<p>[\/et_pb_team_member][et_pb_team_member name=\u00a0\u00bbPorte G\u00e9noise\u00a0\u00bb image_url=\u00a0\u00bbhttps:\/\/www.lesportscorses.com\/porto-vecchio\/wp-content\/uploads\/2022\/07\/site-porto-vecchio.jpg\u00a0\u00bb _builder_version=\u00a0\u00bb4.17.4&Prime; _module_preset=\u00a0\u00bbdefault\u00a0\u00bb background_color=\u00a0\u00bb#f9fafc\u00a0\u00bb transform_scale_linked=\u00a0\u00bboff\u00a0\u00bb custom_padding=\u00a0\u00bb10px|13px|10px|13px|true|true\u00a0\u00bb child_mix_blend_mode=\u00a0\u00bbmultiply\u00a0\u00bb box_shadow_style=\u00a0\u00bbpreset3&Prime; global_colors_info=\u00a0\u00bb{}\u00a0\u00bb]<\/p>\n<div>\n<div>\n<div>\n<p>L\u2019Escalier du Roy d\u2019Aragon \u00e0 Bonifacio, class\u00e9 monument historique et site pittoresque de la Corse a selon sa l\u00e9gende, \u00e9t\u00e9 creus\u00e9 de main d\u2019homme dans la falaise calcaire en une nuit par les troupes du Roy d\u2019Aragon en 1420. En r\u00e9alit\u00e9, c\u2019est pour acc\u00e9der au puits Saint-Barth\u00e9lemy, puits d\u2019eau douce, que cet escalier a r\u00e9ellement \u00e9t\u00e9 creus\u00e9. Aujourd\u2019hui, le puits n\u2019est plus utilis\u00e9 et est ferm\u00e9.<\/p>\n<p>Emplacement: Rue de la porte G\u00e9noise, Porto-Vecchio<\/p>\n<\/div>\n<\/div>\n<\/div>\n<p>[\/et_pb_team_member][et_pb_team_member name=\u00a0\u00bbBastions de France\u00a0\u00bb image_url=\u00a0\u00bbhttps:\/\/www.lesportscorses.com\/porto-vecchio\/wp-content\/uploads\/2022\/07\/Bastion-de-france.png\u00a0\u00bb _builder_version=\u00a0\u00bb4.17.4&Prime; _module_preset=\u00a0\u00bbdefault\u00a0\u00bb background_color=\u00a0\u00bb#f9fafc\u00a0\u00bb custom_padding=\u00a0\u00bb10px|13px|10px|13px|true|true\u00a0\u00bb box_shadow_style=\u00a0\u00bbpreset3&Prime; global_colors_info=\u00a0\u00bb{}\u00a0\u00bb]<\/p>\n<div>\n<div>\n<div>\n<p>La ville est entour\u00e9e de 5 bastions diff\u00e9rents, construits par les G\u00e9nois \u00e0 l\u2019\u00e9poque : le bastion de France, le bastion de Sant\u2019Antonu, bastion de la Porte, le bastion San Giorgio, et le bastion du Palais. Trois des bastions sont priv\u00e9s, un est en ruine, seul le bastion de France peut se visiter.<\/p>\n<p>Emplacement: Centre-ville de Porto-Vecchio<\/p>\n<p>Pour plus d\u2019informations: <a href=\"https:\/\/www.communes.com\/photo-porto-vecchio,73479\">https:\/\/www.communes.com\/photo-porto-vecchio,73479<\/a><\/p>\n<\/div>\n<\/div>\n<\/div>\n<p>&nbsp;<\/p>\n<p>[\/et_pb_team_member][et_pb_team_member name=\u00a0\u00bbMarais Salants\u00a0\u00bb image_url=\u00a0\u00bbhttps:\/\/www.lesportscorses.com\/porto-vecchio\/wp-content\/uploads\/2022\/07\/porto-vecchio.jpg\u00a0\u00bb _builder_version=\u00a0\u00bb4.17.4&Prime; _module_preset=\u00a0\u00bbdefault\u00a0\u00bb background_color=\u00a0\u00bb#f9fafc\u00a0\u00bb custom_padding=\u00a0\u00bb10px|13px|10px|13px|true|true\u00a0\u00bb box_shadow_style=\u00a0\u00bbpreset3&Prime; global_colors_info=\u00a0\u00bb{}\u00a0\u00bb]<\/p>\n<div>\n<div>\n<div>\n<p>Porto-Vecchio doit son nom de \u00ab\u00a0cit\u00e9 du sel\u00a0\u00bb aux vingt ann\u00e9es de la grande expansion des salines entre 1795 et 1815 et au fait que les salines de Porto-Vecchio sont les seules existant en Corse depuis cette \u00e9poque. Prosp\u00e9rant sous le premier empire, les salines produisaient jusqu\u2019\u00e0 10 000 quintaux (1 000 tonnes) de sel par an, soit le 1\/5 de la consommation totale en Corse.Les marais salants ne sont plus en activit\u00e9 depuis les ann\u00e9es 2000.<\/p>\n<p>Emplacement: Port de commerce de Porto-Vecchio<\/p>\n<p>Pour plus d\u2019informations, <a href=\"https:\/\/www.google.com\/url?sa=i&amp;url=https%3A%2F%2Fwww.corsenetinfos.corsica%2FLes-salines-de-Porto-Vecchio-Une-richesse-economique-a-l-abandon_a44477.html&amp;psig=AOvVaw0uCYylIJVHNuGle6H_24up&amp;ust=1646228137781000&amp;source=images&amp;cd=vfe&amp;ved=0CAsQjRxqFwoTCOiMgPODpfYCFQAAAAAdAAAAABAD\">cliquez ici<\/a><\/p>\n<\/div>\n<\/div>\n<\/div>\n<p>[\/et_pb_team_member][et_pb_team_member name=\u00a0\u00bbL&rsquo;Eglise de Saint-Jean-Baptiste\u00a0\u00bb image_url=\u00a0\u00bbhttps:\/\/www.lesportscorses.com\/porto-vecchio\/wp-content\/uploads\/2022\/07\/Saint-jean-baptiste.jpg\u00a0\u00bb _builder_version=\u00a0\u00bb4.17.4&Prime; _module_preset=\u00a0\u00bbdefault\u00a0\u00bb background_color=\u00a0\u00bb#f9fafc\u00a0\u00bb custom_padding=\u00a0\u00bb10px|13px|10px|13px|true|true\u00a0\u00bb box_shadow_style=\u00a0\u00bbpreset3&Prime; global_colors_info=\u00a0\u00bb{}\u00a0\u00bb]<\/p>\n<div>\n<div>\n<div>\n<p>D\u00e9di\u00e9 \u00e0 San Giovanni Battista, cet \u00e9difice en granit, construit sur les fondations d\u2019une ancienne \u00e9glise g\u00e9noise, date du XIXe\u00a0si\u00e8cle. De style Baroque, elle poss\u00e8de un clocher, rappelant un peu celui de Quenza, village de l\u2019Alta Rocca. La fa\u00e7ade de cette \u00e9glise est inachev\u00e9e mais elle reste un des monuments de la commune les plus \u00e9l\u00e9gants et visit\u00e9s.<\/p>\n<p>Emplacement: Centre-ville de Porto-Vecchio<\/p>\n<p>Pour plus d\u2019informations, <a href=\"https:\/\/www.monnuage.fr\/point-d-interet\/eglise-saint-jeanbaptiste-a99022\">cliquez ici<\/a><\/p>\n<\/div>\n<\/div>\n<\/div>\n<p>[\/et_pb_team_member][\/et_pb_column][\/et_pb_row][\/et_pb_section]<\/p>\n","protected":false},"excerpt":{"rendered":"<p>PATRIMOINERetrouvez des lieux que nous vous proposons de visiter lors de votre s\u00e9jour dans notre port L\u2019activit\u00e9 d\u2019exploitation, de traitement et de transformation du li\u00e8ge a marqu\u00e9 l\u2019histoire de Porto-Vecchio. Durant un si\u00e8cle, de 1876 \u00e0 1975, l\u2019usine Saint Joseph a produit bouchons, flotteurs pour les filets de p\u00eache, rev\u00eatements int\u00e9rieurs pour casques coloniaux, isolants, [&hellip;]<\/p>\n","protected":false},"author":3,"featured_media":0,"parent":0,"menu_order":0,"comment_status":"closed","ping_status":"closed","template":"","meta":{"_et_pb_use_builder":"on","_et_pb_old_content":"","_et_gb_content_width":"","footnotes":""},"class_list":["post-799","page","type-page","status-publish","hentry"],"_links":{"self":[{"href":"https:\/\/www.lesportscorses.com\/porto-vecchio\/wp-json\/wp\/v2\/pages\/799","targetHints":{"allow":["GET"]}}],"collection":[{"href":"https:\/\/www.lesportscorses.com\/porto-vecchio\/wp-json\/wp\/v2\/pages"}],"about":[{"href":"https:\/\/www.lesportscorses.com\/porto-vecchio\/wp-json\/wp\/v2\/types\/page"}],"author":[{"embeddable":true,"href":"https:\/\/www.lesportscorses.com\/porto-vecchio\/wp-json\/wp\/v2\/users\/3"}],"replies":[{"embeddable":true,"href":"https:\/\/www.lesportscorses.com\/porto-vecchio\/wp-json\/wp\/v2\/comments?post=799"}],"version-history":[{"count":6,"href":"https:\/\/www.lesportscorses.com\/porto-vecchio\/wp-json\/wp\/v2\/pages\/799\/revisions"}],"predecessor-version":[{"id":1171,"href":"https:\/\/www.lesportscorses.com\/porto-vecchio\/wp-json\/wp\/v2\/pages\/799\/revisions\/1171"}],"wp:attachment":[{"href":"https:\/\/www.lesportscorses.com\/porto-vecchio\/wp-json\/wp\/v2\/media?parent=799"}],"curies":[{"name":"wp","href":"https:\/\/api.w.org\/{rel}","templated":true}]}}