{"id":54,"date":"2022-07-11T10:46:20","date_gmt":"2022-07-11T10:46:20","guid":{"rendered":"https:\/\/www.lesportscorses.com\/propriano\/?page_id=54"},"modified":"2026-04-15T20:27:52","modified_gmt":"2026-04-15T20:27:52","slug":"services-portuaires","status":"publish","type":"page","link":"https:\/\/www.lesportscorses.com\/propriano\/services-portuaires\/","title":{"rendered":"Services portuaires"},"content":{"rendered":"\n[et_pb_section fb_built=&#8221;1&#8243; admin_label=&#8221;section&#8221; _builder_version=&#8221;4.19.2&#8243; _module_preset=&#8221;default&#8221; background_image=&#8221;https:\/\/www.lesportscorses.com\/propriano\/wp-content\/uploads\/2022\/10\/PROPRIANO-SERVICES-PHOTO.jpg&#8221; min_height=&#8221;500px&#8221; max_height=&#8221;1000px&#8221; custom_margin=&#8221;-102px||-1px||false|false&#8221; hover_enabled=&#8221;0&#8243; locked=&#8221;off&#8221; global_colors_info=&#8221;{}&#8221; sticky_enabled=&#8221;0&#8243;][\/et_pb_section][et_pb_section fb_built=&#8221;1&#8243; _builder_version=&#8221;4.17.4&#8243; _module_preset=&#8221;default&#8221; custom_padding=&#8221;||12px|||&#8221; global_colors_info=&#8221;{}&#8221;][et_pb_row _builder_version=&#8221;4.17.6&#8243; _module_preset=&#8221;default&#8221; global_colors_info=&#8221;{}&#8221;][et_pb_column type=&#8221;4_4&#8243; _builder_version=&#8221;4.17.6&#8243; _module_preset=&#8221;default&#8221; global_colors_info=&#8221;{}&#8221;][et_pb_text _builder_version=&#8221;4.17.4&#8243; _module_preset=&#8221;default&#8221; text_font=&#8221;Poppins|700|||||||&#8221; text_text_color=&#8221;#22ad9d&#8221; text_font_size=&#8221;41px&#8221; custom_margin=&#8221;||37px||false|false&#8221; text_font_size_tablet=&#8221;41px&#8221; text_font_size_phone=&#8221;30px&#8221; text_font_size_last_edited=&#8221;on|phone&#8221; global_colors_info=&#8221;{}&#8221;]<p>SERVICES PORTUAIRES<\/p>[\/et_pb_text][et_pb_text _builder_version=&#8221;4.17.4&#8243; _module_preset=&#8221;default&#8221; text_font=&#8221;Poppins|300|||||||&#8221; text_text_color=&#8221;#464647&#8243; text_font_size=&#8221;18px&#8221; text_letter_spacing=&#8221;1px&#8221; text_line_height=&#8221;1em&#8221; text_orientation=&#8221;center&#8221; custom_margin=&#8221;10px||30px||false|false&#8221; animation_style=&#8221;slide&#8221; animation_direction=&#8221;left&#8221; animation_duration=&#8221;1150ms&#8221; animation_delay=&#8221;650ms&#8221; animation_intensity_slide=&#8221;33%&#8221; animation_starting_opacity=&#8221;5%&#8221; locked=&#8221;off&#8221; global_colors_info=&#8221;{}&#8221;]<p style=\"text-align: left;\">Retrouvez les services portuaires \u00e0 votre disposition lors de votre s\u00e9jour<\/p>[\/et_pb_text][et_pb_divider _builder_version=&#8221;4.17.6&#8243; _module_preset=&#8221;default&#8221; global_colors_info=&#8221;{}&#8221;][\/et_pb_divider][\/et_pb_column][\/et_pb_row][\/et_pb_section][et_pb_section fb_built=&#8221;1&#8243; _builder_version=&#8221;4.17.4&#8243; _module_preset=&#8221;default&#8221; background_color=&#8221;#ffffff&#8221; custom_padding=&#8221;0px|||||&#8221; global_colors_info=&#8221;{}&#8221;][et_pb_row column_structure=&#8221;1_4,1_4,1_4,1_4&#8243; _builder_version=&#8221;4.17.4&#8243; _module_preset=&#8221;default&#8221; global_colors_info=&#8221;{}&#8221;][et_pb_column type=&#8221;1_4&#8243; _builder_version=&#8221;4.17.4&#8243; _module_preset=&#8221;default&#8221; use_background_color_gradient=&#8221;on&#8221; background_color_gradient_direction=&#8221;234deg&#8221; background_color_gradient_stops=&#8221;#f9f9f9 0%|#f9f9f9 100%&#8221; custom_padding=&#8221;29px|30px|29px|30px|true|true&#8221; border_radii=&#8221;on|20px|20px|20px|20px&#8221; box_shadow_style=&#8221;preset1&#8243; box_shadow_spread=&#8221;-7px&#8221; global_colors_info=&#8221;{}&#8221; box_shadow_spread__hover_enabled=&#8221;on|hover&#8221; box_shadow_spread__hover=&#8221;-4px&#8221; transform_styles__hover_enabled=&#8221;on|hover&#8221; transform_scale__hover_enabled=&#8221;on|hover&#8221; transform_translate__hover_enabled=&#8221;on|hover&#8221; transform_rotate__hover_enabled=&#8221;on|hover&#8221; transform_skew__hover_enabled=&#8221;on|hover&#8221; transform_origin__hover_enabled=&#8221;on|hover&#8221; transform_scale__hover=&#8221;102%|102%&#8221;][et_pb_image src=&#8221;https:\/\/www.lesportscorses.com\/propriano\/wp-content\/uploads\/2022\/07\/Picto-me\u0301te\u0301o-V2-e1655474143661.png&#8221; title_text=&#8221;Picto me\u0301te\u0301o V2&#8243; align=&#8221;center&#8221; _builder_version=&#8221;4.17.4&#8243; _module_preset=&#8221;default&#8221; width=&#8221;45%&#8221; global_colors_info=&#8221;{}&#8221;][\/et_pb_image][et_pb_text _builder_version=&#8221;4.17.4&#8243; _module_preset=&#8221;default&#8221; text_font=&#8221;Poppins|700|||||||&#8221; text_text_color=&#8221;#22AD9D&#8221; text_font_size=&#8221;18px&#8221; custom_margin=&#8221;0px||5px||false|false&#8221; global_colors_info=&#8221;{}&#8221;]<p style=\"text-align: center;\">M\u00c9T\u00c9O<\/p>[\/et_pb_text][et_pb_text _builder_version=&#8221;4.19.2&#8243; _module_preset=&#8221;default&#8221; text_font=&#8221;ABeeZee|300|||||||&#8221; custom_margin=&#8221;25px||-8px||false|false&#8221; hover_enabled=&#8221;0&#8243; global_colors_info=&#8221;{}&#8221; sticky_enabled=&#8221;0&#8243;]<div class=\"wpb_text_column wpb_content_element \">\n<div class=\"wpb_wrapper\">\n<ul>\n<li>Le bulletin m\u00e9t\u00e9o est mis \u00e0 jour tous les jours \u00e0 la capitainerie et sur l\u2019application<br \/>mobile du port\u00a0<\/li>\n<li>Vous pouvez \u00e9galement consulter ce lien:<\/li>\n<\/ul>\n<\/div>\n<\/div>[\/et_pb_text][et_pb_button button_url=&#8221;https:\/\/marine.meteoconsult.fr\/meteo-marine\/bulletin-detaille\/port-11\/previsions-meteo-propriano-aujourdhui&#8221; url_new_window=&#8221;on&#8221; button_text=&#8221;CONSULTER LA M\u00c9T\u00c9O&#8221; button_alignment=&#8221;center&#8221; _builder_version=&#8221;4.17.4&#8243; _module_preset=&#8221;default&#8221; custom_button=&#8221;on&#8221; button_text_size=&#8221;15px&#8221; button_text_color=&#8221;#ffffff&#8221; button_bg_color=&#8221;#22AD9D&#8221; button_border_color=&#8221;#22AD9D&#8221; button_border_radius=&#8221;15px&#8221; button_letter_spacing=&#8221;1px&#8221; button_font=&#8221;Montserrat|600|||||||&#8221; button_icon=&#8221;&#xf0c2;||fa||900&#8243; custom_margin=&#8221;42px||42px||true|false&#8221; global_colors_info=&#8221;{}&#8221;][\/et_pb_button][\/et_pb_column][et_pb_column type=&#8221;1_4&#8243; _builder_version=&#8221;4.17.4&#8243; _module_preset=&#8221;default&#8221; use_background_color_gradient=&#8221;on&#8221; background_color_gradient_direction=&#8221;234deg&#8221; background_color_gradient_stops=&#8221;#f9f9f9 0%|#f9f9f9 100%&#8221; custom_padding=&#8221;29px|30px|29px|30px|true|true&#8221; border_radii=&#8221;on|20px|20px|20px|20px&#8221; box_shadow_style=&#8221;preset1&#8243; box_shadow_spread=&#8221;-7px&#8221; global_colors_info=&#8221;{}&#8221; box_shadow_spread__hover_enabled=&#8221;on|hover&#8221; box_shadow_spread__hover=&#8221;-4px&#8221; transform_styles__hover_enabled=&#8221;on|hover&#8221; transform_scale__hover_enabled=&#8221;on|hover&#8221; transform_translate__hover_enabled=&#8221;on|hover&#8221; transform_rotate__hover_enabled=&#8221;on|hover&#8221; transform_skew__hover_enabled=&#8221;on|hover&#8221; transform_origin__hover_enabled=&#8221;on|hover&#8221; transform_scale__hover=&#8221;102%|102%&#8221;][et_pb_image src=&#8221;https:\/\/www.lesportscorses.com\/propriano\/wp-content\/uploads\/2022\/07\/Picto-eau-e\u0301lectricite\u0301-V2-1-e1655474313471.png&#8221; alt=&#8221;Picto eau e\u0301lectricite\u0301&#8221; title_text=&#8221;Picto eau e\u0301lectricite\u0301&#8221; align=&#8221;center&#8221; _builder_version=&#8221;4.17.4&#8243; _module_preset=&#8221;default&#8221; width=&#8221;45%&#8221; global_colors_info=&#8221;{}&#8221;][\/et_pb_image][et_pb_text _builder_version=&#8221;4.17.4&#8243; _module_preset=&#8221;default&#8221; text_font=&#8221;Poppins|700|||||||&#8221; text_text_color=&#8221;#22AD9D&#8221; text_font_size=&#8221;18px&#8221; custom_margin=&#8221;0px||5px||false|false&#8221; global_colors_info=&#8221;{}&#8221;]<p style=\"text-align: center;\">EAU \/ \u00c9LECTRICIT\u00c9<\/p>[\/et_pb_text][et_pb_text _builder_version=&#8221;4.17.4&#8243; _module_preset=&#8221;default&#8221; text_font=&#8221;ABeeZee|300|||||||&#8221; custom_margin=&#8221;48px||143px||false|false&#8221; global_colors_info=&#8221;{}&#8221;]<div class=\"wpb_text_column wpb_content_element \">\n<div class=\"wpb_wrapper\">\n<ul>\n<li>Les pontons et quais sont \u00e9quip\u00e9s de bornes pour la distribution d\u2019eau douce et d\u2019\u00e9lectricit\u00e9.<\/li>\n<li>Les prises sont aux normes europ\u00e9ennes.<\/li>\n<\/ul>\n<\/div>\n<\/div>[\/et_pb_text][\/et_pb_column][et_pb_column type=&#8221;1_4&#8243; _builder_version=&#8221;4.17.4&#8243; _module_preset=&#8221;default&#8221; use_background_color_gradient=&#8221;on&#8221; background_color_gradient_direction=&#8221;234deg&#8221; background_color_gradient_stops=&#8221;#f9f9f9 0%|#f9f9f9 100%&#8221; custom_padding=&#8221;29px|30px|29px|30px|true|true&#8221; border_radii=&#8221;on|20px|20px|20px|20px&#8221; box_shadow_style=&#8221;preset1&#8243; box_shadow_spread=&#8221;-7px&#8221; global_colors_info=&#8221;{}&#8221; box_shadow_spread__hover_enabled=&#8221;on|hover&#8221; box_shadow_spread__hover=&#8221;-4px&#8221; transform_styles__hover_enabled=&#8221;on|hover&#8221; transform_scale__hover_enabled=&#8221;on|hover&#8221; transform_translate__hover_enabled=&#8221;on|hover&#8221; transform_rotate__hover_enabled=&#8221;on|hover&#8221; transform_skew__hover_enabled=&#8221;on|hover&#8221; transform_origin__hover_enabled=&#8221;on|hover&#8221; transform_scale__hover=&#8221;102%|102%&#8221;][et_pb_image src=&#8221;https:\/\/www.lesportscorses.com\/propriano\/wp-content\/uploads\/2022\/07\/Wifi-picto-v2-e1655474358669.png&#8221; alt=&#8221;Wifi picto&#8221; title_text=&#8221;Wifi picto&#8221; align=&#8221;center&#8221; _builder_version=&#8221;4.17.4&#8243; _module_preset=&#8221;default&#8221; width=&#8221;45%&#8221; global_colors_info=&#8221;{}&#8221;][\/et_pb_image][et_pb_text _builder_version=&#8221;4.17.4&#8243; _module_preset=&#8221;default&#8221; text_font=&#8221;Poppins|700|||||||&#8221; text_text_color=&#8221;#22AD9D&#8221; text_font_size=&#8221;17px&#8221; custom_margin=&#8221;||2px||false|false&#8221; global_colors_info=&#8221;{}&#8221;]<p style=\"text-align: center;\">WI-FI<\/p>[\/et_pb_text][et_pb_text _builder_version=&#8221;4.17.4&#8243; _module_preset=&#8221;default&#8221; text_font=&#8221;ABeeZee|300|||||||&#8221; custom_margin=&#8221;38px||18px||false|false&#8221; custom_padding=&#8221;||33px|||&#8221; global_colors_info=&#8221;{}&#8221; min_height=&#8221;332.8px&#8221;]<div class=\"wpb_text_column wpb_content_element \">\n<div class=\"wpb_wrapper\">\n<ul>\n<li>Le port propose l\u2019acc\u00e8s aux wi-fi gratuit pour tous les plaisanciers. Le code d\u2019acc\u00e8s est \u00e0 r\u00e9cup\u00e9rer \u00e0 la Capitainerie.<\/li>\n<\/ul>\n<\/div>\n<\/div>[\/et_pb_text][\/et_pb_column][et_pb_column type=&#8221;1_4&#8243; _builder_version=&#8221;4.17.4&#8243; _module_preset=&#8221;default&#8221; use_background_color_gradient=&#8221;on&#8221; background_color_gradient_direction=&#8221;234deg&#8221; background_color_gradient_stops=&#8221;#f9f9f9 0%|#f9f9f9 100%&#8221; custom_padding=&#8221;29px|30px|29px|30px|true|true&#8221; border_radii=&#8221;on|20px|20px|20px|20px&#8221; box_shadow_style=&#8221;preset1&#8243; box_shadow_spread=&#8221;-7px&#8221; global_colors_info=&#8221;{}&#8221; box_shadow_spread__hover_enabled=&#8221;on|hover&#8221; box_shadow_spread__hover=&#8221;-4px&#8221; transform_styles__hover_enabled=&#8221;on|hover&#8221; transform_scale__hover_enabled=&#8221;on|hover&#8221; transform_translate__hover_enabled=&#8221;on|hover&#8221; transform_rotate__hover_enabled=&#8221;on|hover&#8221; transform_skew__hover_enabled=&#8221;on|hover&#8221; transform_origin__hover_enabled=&#8221;on|hover&#8221; transform_scale__hover=&#8221;102%|102%&#8221;][et_pb_image src=&#8221;https:\/\/www.lesportscorses.com\/propriano\/wp-content\/uploads\/2022\/07\/Douche-et-sanitaire-v2-e1655474374739.png&#8221; alt=&#8221;Douche et sanitaire&#8221; title_text=&#8221;Douche et sanitaire&#8221; align=&#8221;center&#8221; _builder_version=&#8221;4.17.4&#8243; _module_preset=&#8221;default&#8221; width=&#8221;45%&#8221; global_colors_info=&#8221;{}&#8221;][\/et_pb_image][et_pb_text _builder_version=&#8221;4.19.2&#8243; _module_preset=&#8221;default&#8221; text_font=&#8221;Poppins|700|||||||&#8221; text_text_color=&#8221;#22AD9D&#8221; text_font_size=&#8221;17px&#8221; custom_margin=&#8221;||2px||false|false&#8221; hover_enabled=&#8221;0&#8243; global_colors_info=&#8221;{}&#8221; sticky_enabled=&#8221;0&#8243;]<p style=\"text-align: center;\">SANITAIRES<\/p>[\/et_pb_text][et_pb_text _builder_version=&#8221;4.17.4&#8243; _module_preset=&#8221;default&#8221; text_font=&#8221;ABeeZee|300|||||||&#8221; custom_margin=&#8221;6px||6px||true|false&#8221; custom_padding=&#8221;30px||24px|||&#8221; global_colors_info=&#8221;{}&#8221; min_height=&#8221;377.3px&#8221;]<div class=\"wpb_text_column wpb_content_element \">\n<div class=\"wpb_wrapper\">\n<ul>\n<li>5 WC par bloc (femmes et hommes)\u00a0<\/li>\n<li>4 douches par bloc (femmes et hommes)<\/li>\n<li>Ces \u00e9quipements permettent l\u2019accueil de personnes handicap\u00e9es.<\/li>\n<\/ul>\n<\/div>\n<\/div>[\/et_pb_text][\/et_pb_column][\/et_pb_row][\/et_pb_section]\n","protected":false},"excerpt":{"rendered":"<p>SERVICES PORTUAIRESRetrouvez les services portuaires \u00e0 votre disposition lors de votre s\u00e9jourM\u00c9T\u00c9O Le bulletin m\u00e9t\u00e9o est mis \u00e0 jour tous les jours \u00e0 la capitainerie et sur l\u2019applicationmobile du port\u00a0 Vous pouvez \u00e9galement consulter ce lien: EAU \/ \u00c9LECTRICIT\u00c9 Les pontons et quais sont \u00e9quip\u00e9s de bornes pour la distribution d\u2019eau douce et d\u2019\u00e9lectricit\u00e9. Les [&hellip;]<\/p>\n","protected":false},"author":1,"featured_media":0,"parent":0,"menu_order":0,"comment_status":"closed","ping_status":"closed","template":"","meta":{"_et_pb_use_builder":"on","_et_pb_old_content":"","_et_gb_content_width":"","footnotes":""},"class_list":["post-54","page","type-page","status-publish","hentry"],"_links":{"self":[{"href":"https:\/\/www.lesportscorses.com\/propriano\/wp-json\/wp\/v2\/pages\/54","targetHints":{"allow":["GET"]}}],"collection":[{"href":"https:\/\/www.lesportscorses.com\/propriano\/wp-json\/wp\/v2\/pages"}],"about":[{"href":"https:\/\/www.lesportscorses.com\/propriano\/wp-json\/wp\/v2\/types\/page"}],"author":[{"embeddable":true,"href":"https:\/\/www.lesportscorses.com\/propriano\/wp-json\/wp\/v2\/users\/1"}],"replies":[{"embeddable":true,"href":"https:\/\/www.lesportscorses.com\/propriano\/wp-json\/wp\/v2\/comments?post=54"}],"version-history":[{"count":1,"href":"https:\/\/www.lesportscorses.com\/propriano\/wp-json\/wp\/v2\/pages\/54\/revisions"}],"predecessor-version":[{"id":43768,"href":"https:\/\/www.lesportscorses.com\/propriano\/wp-json\/wp\/v2\/pages\/54\/revisions\/43768"}],"wp:attachment":[{"href":"https:\/\/www.lesportscorses.com\/propriano\/wp-json\/wp\/v2\/media?parent=54"}],"curies":[{"name":"wp","href":"https:\/\/api.w.org\/{rel}","templated":true}]}}