{"id":174,"date":"2023-07-06T15:15:15","date_gmt":"2023-07-06T15:15:15","guid":{"rendered":"https:\/\/www.lesportscorses.com\/solenzara\/?page_id=174"},"modified":"2024-12-05T13:41:36","modified_gmt":"2024-12-05T13:41:36","slug":"patrimoine","status":"publish","type":"page","link":"https:\/\/www.lesportscorses.com\/solenzara\/patrimoine\/","title":{"rendered":"Patrimoine"},"content":{"rendered":"<p>[et_pb_section fb_built=&#8221;1&#8243; _builder_version=&#8221;4.17.6&#8243; _module_preset=&#8221;default&#8221; background_color=&#8221;rgba(255,255,255,0)&#8221; horizontal_offset=&#8221;2px&#8221; z_index=&#8221;481&#8243; module_alignment=&#8221;center&#8221; height=&#8221;86px&#8221; height_tablet=&#8221;101px&#8221; height_phone=&#8221;45px&#8221; height_last_edited=&#8221;on|phone&#8221; max_height_tablet=&#8221;&#8221; max_height_phone=&#8221;110px&#8221; max_height_last_edited=&#8221;on|phone&#8221; custom_margin=&#8221;0px||||false|false&#8221; custom_padding=&#8221;0vw||2vw||false|false&#8221; background_color_tablet=&#8221;#ffffff&#8221; background_last_edited=&#8221;on|desktop&#8221; background_enable_color_tablet=&#8221;on&#8221; global_module=&#8221;274&#8243; saved_tabs=&#8221;all&#8221; global_colors_info=&#8221;{}&#8221; background__sticky_enabled=&#8221;on|desktop&#8221; background_color__sticky=&#8221;#ffffff&#8221; background_enable_color__sticky=&#8221;on&#8221; height__sticky_enabled=&#8221;on|desktop&#8221; height__sticky=&#8221;85px&#8221;][et_pb_row column_structure=&#8221;1_4,1_2,1_4&#8243; use_custom_gutter=&#8221;on&#8221; gutter_width=&#8221;2&#8243; make_equal=&#8221;on&#8221; _builder_version=&#8221;4.17.6&#8243; _module_preset=&#8221;default&#8221; transform_scale=&#8221;92%|92%&#8221; z_index=&#8221;500&#8243; max_width=&#8221;80%&#8221; max_height=&#8221;183px&#8221; custom_margin=&#8221;20px||||false|false&#8221; custom_padding=&#8221;||0px||false|false&#8221; custom_css_main_element=&#8221;align-items: center;||||&#8221; global_colors_info=&#8221;{}&#8221;][et_pb_column type=&#8221;1_4&#8243; _builder_version=&#8221;4.17.4&#8243; _module_preset=&#8221;default&#8221; transform_scale_tablet=&#8221;52%|52%&#8221; transform_scale_phone=&#8221;52%|52%&#8221; transform_scale_last_edited=&#8221;on|tablet&#8221; transform_translate_tablet=&#8221;0px|-60px&#8221; transform_translate_phone=&#8221;0px|-60px&#8221; transform_translate_last_edited=&#8221;on|tablet&#8221; transform_translate_linked_tablet=&#8221;off&#8221; transform_rotate_tablet=&#8221;&#8221; transform_rotate_phone=&#8221;&#8221; transform_rotate_last_edited=&#8221;on|tablet&#8221; transform_skew_tablet=&#8221;&#8221; transform_skew_phone=&#8221;&#8221; transform_skew_last_edited=&#8221;on|tablet&#8221; transform_origin_tablet=&#8221;&#8221; transform_origin_phone=&#8221;&#8221; transform_origin_last_edited=&#8221;on|tablet&#8221; transform_styles_last_edited=&#8221;on|tablet&#8221; transform_styles_tablet=&#8221;&#8221; transform_styles_phone=&#8221;&#8221; global_colors_info=&#8221;{}&#8221;][et_pb_image src=&#8221;https:\/\/www.lesportscorses.com\/solenzara\/wp-content\/uploads\/2024\/12\/LOGO-SITE-APPLI-FOND-BLANCx150.png&#8221; title_text=&#8221;Les ports corses&#8221; url=&#8221;https:\/\/www.lesportscorses.com&#8221; url_new_window=&#8221;on&#8221; disabled_on=&#8221;on|on|off&#8221; _builder_version=&#8221;4.17.6&#8243; _module_preset=&#8221;default&#8221; transform_scale=&#8221;41%|41%&#8221; transform_translate=&#8221;0px|-181px&#8221; transform_translate_linked=&#8221;off&#8221; hover_enabled=&#8221;0&#8243; global_colors_info=&#8221;{}&#8221; alt=&#8221;Les ports corses&#8221; sticky_enabled=&#8221;0&#8243;][\/et_pb_image][\/et_pb_column][et_pb_column type=&#8221;1_2&#8243; _builder_version=&#8221;4.17.4&#8243; _module_preset=&#8221;default&#8221; custom_padding=&#8221;0px||||false|false&#8221; global_colors_info=&#8221;{}&#8221;][et_pb_menu menu_id=&#8221;6&#8243; menu_style=&#8221;centered&#8221; active_link_color=&#8221;#2596be&#8221; dropdown_menu_bg_color=&#8221;#ffffff&#8221; dropdown_menu_line_color=&#8221;#2596be&#8221; dropdown_menu_text_color=&#8221;#000000&#8243; dropdown_menu_active_link_color=&#8221;#2596be&#8221; mobile_menu_bg_color=&#8221;#ffffff&#8221; logo_height=&#8221;200px&#8221; cart_icon_color=&#8221;#2596be&#8221; search_icon_color=&#8221;#2596be&#8221; menu_icon_color=&#8221;#2596be&#8221; menu_icon_font_size=&#8221;40px&#8221; active_link_color_tablet=&#8221;#18223D&#8221; active_link_color_phone=&#8221;#2596be&#8221; active_link_color_last_edited=&#8221;on|desktop&#8221; dropdown_menu_line_color_last_edited=&#8221;off|desktop&#8221; _builder_version=&#8221;4.17.6&#8243; _module_preset=&#8221;default&#8221; menu_font=&#8221;Poppins|500|||||||&#8221; menu_text_color=&#8221;#1A0052&#8243; menu_font_size=&#8221;19px&#8221; background_color=&#8221;RGBA(255,255,255,0)&#8221; transform_translate=&#8221;0px|-43px&#8221; transform_translate_linked=&#8221;off&#8221; z_index=&#8221;2&#8243; custom_margin=&#8221;-41px||0px||false|false&#8221; custom_margin_tablet=&#8221;0px||0px||false|false&#8221; custom_margin_phone=&#8221;-20px||17px||false|false&#8221; custom_margin_last_edited=&#8221;on|phone&#8221; menu_text_color_tablet=&#8221;#fcfffe&#8221; menu_text_color_phone=&#8221;#18223D&#8221; menu_text_color_last_edited=&#8221;on|phone&#8221; menu_font_size_tablet=&#8221;17px&#8221; menu_font_size_phone=&#8221;15px&#8221; menu_font_size_last_edited=&#8221;on|desktop&#8221; menu_line_height_tablet=&#8221;&#8221; menu_line_height_phone=&#8221;0.6em&#8221; menu_line_height_last_edited=&#8221;on|desktop&#8221; global_colors_info=&#8221;{}&#8221; menu_text_color__sticky_enabled=&#8221;on|desktop&#8221; menu_text_color__sticky=&#8221;#18223D&#8221; active_link_color__sticky_enabled=&#8221;on|desktop&#8221; active_link_color__sticky=&#8221;#22AD9D&#8221; dropdown_menu_text_color__sticky_enabled=&#8221;off|desktop&#8221; transform_styles__sticky_enabled=&#8221;off|desktop&#8221; transform_scale__sticky_enabled=&#8221;off|desktop&#8221; transform_translate__sticky_enabled=&#8221;off|desktop&#8221; transform_rotate__sticky_enabled=&#8221;off|desktop&#8221; transform_skew__sticky_enabled=&#8221;off|desktop&#8221; transform_origin__sticky_enabled=&#8221;off|desktop&#8221;][\/et_pb_menu][\/et_pb_column][et_pb_column type=&#8221;1_4&#8243; _builder_version=&#8221;4.17.4&#8243; _module_preset=&#8221;default&#8221; custom_padding=&#8221;0px||||false|false&#8221; global_colors_info=&#8221;{}&#8221;][et_pb_image src=&#8221;https:\/\/www.lesportscorses.com\/solenzara\/wp-content\/uploads\/2023\/07\/2.png&#8221; alt=&#8221;logo du port bonifacio marin les ports corses&#8221; title_text=&#8221;2&#8243; url=&#8221;https:\/\/www.lesportscorses.com&#8221; url_new_window=&#8221;on&#8221; disabled_on=&#8221;on|on|off&#8221; _builder_version=&#8221;4.17.6&#8243; _module_preset=&#8221;default&#8221; transform_scale=&#8221;41%|41%&#8221; transform_translate=&#8221;0px|-181px&#8221; transform_translate_linked=&#8221;off&#8221; global_colors_info=&#8221;{}&#8221;][\/et_pb_image][\/et_pb_column][\/et_pb_row][\/et_pb_section][et_pb_section fb_built=&#8221;1&#8243; admin_label=&#8221;section&#8221; _builder_version=&#8221;4.17.6&#8243; background_image=&#8221;https:\/\/www.lesportscorses.com\/solenzara\/wp-content\/uploads\/2023\/07\/patrimoine-sol.jpg&#8221; min_height=&#8221;400px&#8221; max_height=&#8221;1000px&#8221; custom_margin=&#8221;||-1px||false|false&#8221; locked=&#8221;off&#8221; global_colors_info=&#8221;{}&#8221;][\/et_pb_section][et_pb_section fb_built=&#8221;1&#8243; _builder_version=&#8221;4.17.6&#8243; _module_preset=&#8221;default&#8221; custom_margin=&#8221;||-53px|||&#8221; custom_padding=&#8221;||3px|||&#8221; global_colors_info=&#8221;{}&#8221;][et_pb_row _builder_version=&#8221;4.17.6&#8243; _module_preset=&#8221;default&#8221; global_colors_info=&#8221;{}&#8221;][et_pb_column type=&#8221;4_4&#8243; _builder_version=&#8221;4.17.6&#8243; _module_preset=&#8221;default&#8221; global_colors_info=&#8221;{}&#8221;][et_pb_text _builder_version=&#8221;4.17.6&#8243; _module_preset=&#8221;default&#8221; text_font=&#8221;Poppins|700|||||||&#8221; text_text_color=&#8221;#22ad9d&#8221; text_font_size=&#8221;41px&#8221; custom_margin=&#8221;||37px||false|false&#8221; global_colors_info=&#8221;{}&#8221;]<\/p>\n<p>PATRIMOINE<\/p>\n<p>[\/et_pb_text][et_pb_text _builder_version=&#8221;4.17.6&#8243; _module_preset=&#8221;default&#8221; text_font=&#8221;Poppins|300|||||||&#8221; text_text_color=&#8221;#464647&#8243; text_font_size=&#8221;18px&#8221; text_letter_spacing=&#8221;1px&#8221; text_line_height=&#8221;1em&#8221; text_orientation=&#8221;center&#8221; custom_margin=&#8221;10px||30px||false|false&#8221; animation_style=&#8221;slide&#8221; animation_direction=&#8221;left&#8221; animation_duration=&#8221;1150ms&#8221; animation_delay=&#8221;650ms&#8221; animation_intensity_slide=&#8221;33%&#8221; animation_starting_opacity=&#8221;5%&#8221; locked=&#8221;off&#8221; global_colors_info=&#8221;{}&#8221;]<\/p>\n<p style=\"text-align: left;\">Retrouvez des lieux que nous vous proposons de visiter lors de votre s\u00e9jour dans notre port<\/p>\n<p>[\/et_pb_text][et_pb_divider _builder_version=&#8221;4.17.6&#8243; _module_preset=&#8221;default&#8221; global_colors_info=&#8221;{}&#8221;][\/et_pb_divider][\/et_pb_column][\/et_pb_row][\/et_pb_section][et_pb_section fb_built=&#8221;1&#8243; _builder_version=&#8221;4.17.4&#8243; _module_preset=&#8221;default&#8221; custom_padding=&#8221;||0px|||&#8221; bottom_divider_color=&#8221;#E02B20&#8243; global_colors_info=&#8221;{}&#8221;][et_pb_row _builder_version=&#8221;4.17.6&#8243; _module_preset=&#8221;default&#8221; min_height=&#8221;1681.3px&#8221; custom_padding=&#8221;61px||0px|||&#8221; global_colors_info=&#8221;{}&#8221;][et_pb_column type=&#8221;4_4&#8243; _builder_version=&#8221;4.17.6&#8243; _module_preset=&#8221;default&#8221; global_colors_info=&#8221;{}&#8221;][et_pb_team_member name=&#8221;La vall\u00e9e de la Solenzara&#8221; image_url=&#8221;https:\/\/www.lesportscorses.com\/solenzara\/wp-content\/uploads\/2023\/07\/photo-prix.jpg&#8221; _builder_version=&#8221;4.17.6&#8243; _module_preset=&#8221;default&#8221; background_color=&#8221;#f9fafc&#8221; width=&#8221;100%&#8221; module_alignment=&#8221;center&#8221; custom_padding=&#8221;10px|13px|10px|13px|true|true&#8221; link_option_url_new_window=&#8221;on&#8221; box_shadow_style=&#8221;preset3&#8243; global_colors_info=&#8221;{}&#8221;]<\/p>\n<p>La Solenzara est longue de 22 kilom\u00e8tres. Elle prend naissance sur la commune de Quenza, \u00e0 1145 m\u00e8tres d\u2019altitude, au nord du Col de Bavella. L\u2019orientation du cours d\u2019eau est de Nord-Est pour rejoindre la mer, ce qui en fait en r\u00e9alit\u00e9 un fleuve c\u00f4tier qui a pas moins de 20 affluents r\u00e9f\u00e9renc\u00e9s.<\/p>\n<p>Sa vall\u00e9e constitue une autre richesse de notre commune. Bord\u00e9e \u00e0 95% de for\u00eats et milieux semi-naturels, elle abrite une faune et une flore tr\u00e8s diversifi\u00e9es, notamment \u00e0 son embouchure<\/p>\n<p>Pour plus d&#8217;informations,<a href=\"http:\/\/portdesolenzara.com\/lescale\/\"> cliquez ici<\/a><\/p>\n<p>Emplacement : 41.85923885961643, 9.39614989834727<\/p>\n<p>&nbsp;<\/p>\n<p>[\/et_pb_team_member][et_pb_team_member name=&#8221;Les aiguilles de Bavella&#8221; image_url=&#8221;https:\/\/www.lesportscorses.com\/solenzara\/wp-content\/uploads\/2023\/07\/patrimoine-aiguilles-de-bavella.webp&#8221; position_last_edited=&#8221;off|desktop&#8221; _builder_version=&#8221;4.17.6&#8243; _module_preset=&#8221;default&#8221; background_color=&#8221;#f9fafc&#8221; custom_padding=&#8221;10px|13px|10px|13px|true|true&#8221; link_option_url_new_window=&#8221;on&#8221; box_shadow_style=&#8221;preset3&#8243; global_colors_info=&#8221;{}&#8221;]<\/p>\n<p>Les aiguilles de Bavella dominent le col du m\u00eame nom \u00e0 1 218 m d&#8217;altitude, reliant l\u2019Alta Rocca \u00e0 la c\u00f4te Est de la Corse. Le massif est moins \u00e9lev\u00e9 et pourtant bien plus fr\u00e9quent\u00e9 que celui des aiguilles de Popolasca. Le site se caract\u00e9rise par des pics d\u00e9chiquet\u00e9s, de grandes murailles rocheuses et des pins tordus par le vent.<\/p>\n<p>Pour plus d&#8217;informations, <a href=\"https:\/\/www.alta-rocca-tourisme.com\/les-aiguilles-de-bavella\/zonza\/pnacor2av5000qc\" target=\"_blank\" rel=\"noopener\">cliquez ici<\/a><\/p>\n<p><span style=\"color: #686868;\"><a href=\"https:\/\/www.google.com\/maps\/place\/Escalier+du+Roy+d'Aragon\/@41.3863248,9.156567,15z\/data=!4m2!3m1!1s0x0:0xe637d2abeed577a1?sa=X&amp;ved=2ahUKEwjWpLTirJH2AhWFxYUKHTGPAckQ_BJ6BAggEAU\" target=\"_blank\" rel=\"noopener\" style=\"color: #686868;\">Emplacement : 41.796009880246665, 9.22446688965067<\/a><\/span><\/p>\n<p>[\/et_pb_team_member][et_pb_team_member name=&#8221;Le Monast\u00e8re de l\u2019Assunta Gloriosa&#8221; image_url=&#8221;https:\/\/www.lesportscorses.com\/solenzara\/wp-content\/uploads\/2023\/07\/patrimoine-Monastere-de-l-Assunta-Gloriosa-C-ATC.jpg_large2.jpg&#8221; _builder_version=&#8221;4.17.6&#8243; _module_preset=&#8221;default&#8221; background_color=&#8221;#f9fafc&#8221; custom_padding=&#8221;10px|13px|10px|13px|true|true&#8221; link_option_url_new_window=&#8221;on&#8221; box_shadow_style=&#8221;preset3&#8243; global_colors_info=&#8221;{}&#8221;]<\/p>\n<p style=\"text-align: justify;\">Monast\u00e8re de l&#8217;Assunta Gloriosa : Moniales de Bethl\u00e9em, de l&#8217;assomption de la Vierge et de Saint Bruno. B\u00e2timent r\u00e9cent \u00e0 l&#8217;architecture moderne et \u00e9pur\u00e9e. La chapelle est ouverte toute la journ\u00e9e y compris pendant les offices liturgiques. Possibilit\u00e9 de suivre la piste et de redescendre \u00e0 pied jusqu&#8217;\u00e0 la plage de Canella (environ 1h15mn)<\/p>\n<p style=\"text-align: justify;\">Pour plus d&#8217;informations, <a href=\"https:\/\/www.alta-rocca-tourisme.com\/patrimoine-religieux-de-sari-solenzara\/sari-solenzara\/pcucor2av5001a2\">cliquez ici<\/a><\/p>\n<p style=\"text-align: justify;\">\n<p style=\"text-align: justify;\">\n<p style=\"text-align: justify;\">Emplacement : 41.825205140324435, 9.355003057087915<\/p>\n<p style=\"text-align: justify;\">[\/et_pb_team_member][\/et_pb_column][\/et_pb_row][\/et_pb_section][et_pb_section fb_built=&#8221;1&#8243; _builder_version=&#8221;4.17.6&#8243; _module_preset=&#8221;default&#8221; background_color=&#8221;#e8eae8&#8243; min_height=&#8221;485.5px&#8221; custom_margin=&#8221;||5px||false|false&#8221; global_module=&#8221;95&#8243; saved_tabs=&#8221;all&#8221; global_colors_info=&#8221;{}&#8221;][et_pb_row column_structure=&#8221;1_4,1_4,1_4,1_4&#8243; _builder_version=&#8221;4.17.4&#8243; _module_preset=&#8221;default&#8221; global_colors_info=&#8221;{}&#8221;][et_pb_column type=&#8221;1_4&#8243; _builder_version=&#8221;4.17.4&#8243; _module_preset=&#8221;default&#8221; global_colors_info=&#8221;{}&#8221;][et_pb_text _builder_version=&#8221;4.17.6&#8243; _module_preset=&#8221;default&#8221; text_text_color=&#8221;#1D3079&#8243; header_font=&#8221;Poppins|600|||||||&#8221; header_text_color=&#8221;#1D3079&#8243; global_colors_info=&#8221;{}&#8221;]<\/p>\n<h1>Port de Solenzara<\/h1>\n<p>PORT DE PLAISANCE DE SOLENZARA<br \/><span>83 Solenzara<\/span><br \/><span>20145 Sari-Solenzara<\/span><\/p>\n<p>[\/et_pb_text][et_pb_social_media_follow _builder_version=&#8221;4.17.6&#8243; _module_preset=&#8221;default&#8221; global_colors_info=&#8221;{}&#8221;][et_pb_social_media_follow_network social_network=&#8221;facebook&#8221; _builder_version=&#8221;4.17.6&#8243; _module_preset=&#8221;default&#8221; background_color=&#8221;#3b5998&#8243; global_colors_info=&#8221;{}&#8221; follow_button=&#8221;off&#8221; url_new_window=&#8221;on&#8221;]facebook[\/et_pb_social_media_follow_network][\/et_pb_social_media_follow][\/et_pb_column][et_pb_column type=&#8221;1_4&#8243; _builder_version=&#8221;4.17.4&#8243; _module_preset=&#8221;default&#8221; global_colors_info=&#8221;{}&#8221;][et_pb_text _builder_version=&#8221;4.17.6&#8243; _module_preset=&#8221;default&#8221; text_text_color=&#8221;#1D3079&#8243; text_font_size=&#8221;13px&#8221; header_font=&#8221;Poppins|600|||||||&#8221; header_text_color=&#8221;#1D3079&#8243; global_colors_info=&#8221;{}&#8221;]<\/p>\n<h1>Contact<\/h1>\n<p><strong>Mail :<\/strong> capitaineriedesolenzara@wanadoo.fr<\/p>\n<p><strong>T\u00e9l :<\/strong> 04 95 57 46 42<\/p>\n<p>[\/et_pb_text][\/et_pb_column][et_pb_column type=&#8221;1_4&#8243; _builder_version=&#8221;4.17.4&#8243; _module_preset=&#8221;default&#8221; global_colors_info=&#8221;{}&#8221;][et_pb_text _builder_version=&#8221;4.17.4&#8243; _module_preset=&#8221;default&#8221; text_text_color=&#8221;#1D3079&#8243; header_font=&#8221;Poppins|600|||||||&#8221; header_text_color=&#8221;#1D3079&#8243; global_colors_info=&#8221;{}&#8221;]<\/p>\n<h1>Liens utiles<\/h1>\n<p>[\/et_pb_text][et_pb_button button_url=&#8221;https:\/\/www.lesportscorses.com\/solenzara\/plan-du-port\/&#8221; url_new_window=&#8221;on&#8221; button_text=&#8221;Plan&#8221; button_alignment=&#8221;left&#8221; _builder_version=&#8221;4.17.6&#8243; _module_preset=&#8221;default&#8221; custom_button=&#8221;on&#8221; button_text_size=&#8221;14px&#8221; button_text_color=&#8221;#1D3079&#8243; button_use_icon=&#8221;off&#8221; background_layout=&#8221;dark&#8221; custom_margin=&#8221;-20px|0px|10px|0px|false|true&#8221; custom_padding=&#8221;0px|56px|0px|56px|true|true&#8221; global_colors_info=&#8221;{}&#8221;][\/et_pb_button][et_pb_button button_url=&#8221;https:\/\/www.lesportscorses.com\/solenzara\/services-portuaires\/&#8221; url_new_window=&#8221;on&#8221; button_text=&#8221;Services portuaires&#8221; button_alignment=&#8221;left&#8221; _builder_version=&#8221;4.17.6&#8243; _module_preset=&#8221;default&#8221; custom_button=&#8221;on&#8221; button_text_size=&#8221;14px&#8221; button_text_color=&#8221;#1D3079&#8243; button_use_icon=&#8221;off&#8221; background_layout=&#8221;dark&#8221; custom_margin=&#8221;0px|0px|0px|0px|true|true&#8221; custom_padding=&#8221;0px|8px|0px|8px|true|true&#8221; global_colors_info=&#8221;{}&#8221;][\/et_pb_button][et_pb_button button_url=&#8221;https:\/\/www.lesportscorses.com\/solenzara\/infos-utiles-en-mer\/&#8221; url_new_window=&#8221;on&#8221; button_text=&#8221;Infos utiles en mer&#8221; button_alignment=&#8221;left&#8221; _builder_version=&#8221;4.17.6&#8243; _module_preset=&#8221;default&#8221; custom_button=&#8221;on&#8221; button_text_size=&#8221;14px&#8221; button_text_color=&#8221;#1D3079&#8243; button_use_icon=&#8221;off&#8221; background_layout=&#8221;dark&#8221; custom_margin=&#8221;10px|0px|10px|0px|true|true&#8221; custom_padding=&#8221;0px|10px|0px|9px|true|false&#8221; global_colors_info=&#8221;{}&#8221;][\/et_pb_button][\/et_pb_column][et_pb_column type=&#8221;1_4&#8243; _builder_version=&#8221;4.17.4&#8243; _module_preset=&#8221;default&#8221; global_colors_info=&#8221;{}&#8221;][et_pb_text _builder_version=&#8221;4.17.4&#8243; _module_preset=&#8221;default&#8221; text_text_color=&#8221;#1D3079&#8243; header_font=&#8221;Poppins|600|||||||&#8221; header_text_color=&#8221;#1D3079&#8243; global_colors_info=&#8221;{}&#8221;]<\/p>\n<h1>Labels et Certifications<\/h1>\n<p>[\/et_pb_text][et_pb_image src=&#8221;https:\/\/www.lesportscorses.com\/solenzara\/wp-content\/uploads\/2023\/07\/pavillon-bleu-cassis-removebg-preview-3.png&#8221; title_text=&#8221;pavillon-bleu-cassis-removebg-preview-3&#8243; _builder_version=&#8221;4.17.6&#8243; _module_preset=&#8221;default&#8221; global_colors_info=&#8221;{}&#8221;][\/et_pb_image][\/et_pb_column][\/et_pb_row][et_pb_row _builder_version=&#8221;4.17.6&#8243; _module_preset=&#8221;default&#8221; global_colors_info=&#8221;{}&#8221;][et_pb_column type=&#8221;4_4&#8243; _builder_version=&#8221;4.17.6&#8243; _module_preset=&#8221;default&#8221; global_colors_info=&#8221;{}&#8221;][et_pb_text _builder_version=&#8221;4.17.6&#8243; _module_preset=&#8221;default&#8221; global_colors_info=&#8221;{}&#8221;]<\/p>\n<p style=\"text-align: center;\">Le port de Solenzara est membre du r\u00e9seau<a href=\"https:\/\/www.lesportscorses.com\" target=\"_blank\" rel=\"noopener\"> Les Ports Corses<\/a>. Le 1er r\u00e9seau portuaire de l&#8217;\u00eele de Corse, oeuvrant pour la dynamisation des activit\u00e9s \u00e9conomiques locales et la protection du patrimoine environnemental corse.<\/p>\n<p>[\/et_pb_text][\/et_pb_column][\/et_pb_row][\/et_pb_section]<\/p>\n","protected":false},"excerpt":{"rendered":"<p>PATRIMOINERetrouvez des lieux que nous vous proposons de visiter lors de votre s\u00e9jour dans notre portLa Solenzara est longue de 22 kilom\u00e8tres. Elle prend naissance sur la commune de Quenza, \u00e0 1145 m\u00e8tres d\u2019altitude, au nord du Col de Bavella. L\u2019orientation du cours d\u2019eau est de Nord-Est pour rejoindre la mer, ce qui en fait [&hellip;]<\/p>\n","protected":false},"author":2,"featured_media":0,"parent":0,"menu_order":0,"comment_status":"closed","ping_status":"closed","template":"page-template-blank.php","meta":{"_et_pb_use_builder":"on","_et_pb_old_content":"","_et_gb_content_width":"","footnotes":""},"class_list":["post-174","page","type-page","status-publish","hentry"],"_links":{"self":[{"href":"https:\/\/www.lesportscorses.com\/solenzara\/wp-json\/wp\/v2\/pages\/174","targetHints":{"allow":["GET"]}}],"collection":[{"href":"https:\/\/www.lesportscorses.com\/solenzara\/wp-json\/wp\/v2\/pages"}],"about":[{"href":"https:\/\/www.lesportscorses.com\/solenzara\/wp-json\/wp\/v2\/types\/page"}],"author":[{"embeddable":true,"href":"https:\/\/www.lesportscorses.com\/solenzara\/wp-json\/wp\/v2\/users\/2"}],"replies":[{"embeddable":true,"href":"https:\/\/www.lesportscorses.com\/solenzara\/wp-json\/wp\/v2\/comments?post=174"}],"version-history":[{"count":7,"href":"https:\/\/www.lesportscorses.com\/solenzara\/wp-json\/wp\/v2\/pages\/174\/revisions"}],"predecessor-version":[{"id":747,"href":"https:\/\/www.lesportscorses.com\/solenzara\/wp-json\/wp\/v2\/pages\/174\/revisions\/747"}],"wp:attachment":[{"href":"https:\/\/www.lesportscorses.com\/solenzara\/wp-json\/wp\/v2\/media?parent=174"}],"curies":[{"name":"wp","href":"https:\/\/api.w.org\/{rel}","templated":true}]}}