{"id":4,"date":"2024-07-19T00:00:00","date_gmt":"2024-07-19T00:00:00","guid":{"rendered":"https:\/\/www.lesportscorses.com\/tino-rossi\/?page_id=4"},"modified":"2024-08-21T08:55:23","modified_gmt":"2024-08-21T08:55:23","slug":"patrimoine","status":"publish","type":"page","link":"https:\/\/www.lesportscorses.com\/tino-rossi\/patrimoine\/","title":{"rendered":"Patrimoine"},"content":{"rendered":"<p>[et_pb_section fb_built=&#8221;1&#8243; _builder_version=&#8221;4.20.0&#8243; _module_preset=&#8221;default&#8221; background_color=&#8221;rgba(255,255,255,0)&#8221; horizontal_offset=&#8221;2px&#8221; z_index=&#8221;481&#8243; module_alignment=&#8221;center&#8221; height=&#8221;101px&#8221; height_tablet=&#8221;101px&#8221; height_phone=&#8221;45px&#8221; height_last_edited=&#8221;on|desktop&#8221; max_height_phone=&#8221;110px&#8221; max_height_last_edited=&#8221;off|desktop&#8221; custom_margin=&#8221;0px||0px||false|false&#8221; custom_padding=&#8221;0vw||0vw||false|false&#8221; sticky_position=&#8221;top&#8221; background_color_tablet=&#8221;#ffffff&#8221; background_last_edited=&#8221;on|desktop&#8221; background_enable_color_tablet=&#8221;on&#8221; global_module=&#8221;185&#8243; saved_tabs=&#8221;all&#8221; collapsed=&#8221;on&#8221; global_colors_info=&#8221;{}&#8221; background__sticky_enabled=&#8221;on|desktop&#8221; background_color__sticky=&#8221;#ffffff&#8221; background_enable_color__sticky=&#8221;on&#8221; height__sticky_enabled=&#8221;on|desktop&#8221; height__sticky=&#8221;85px&#8221;][et_pb_row column_structure=&#8221;1_4,1_2,1_4&#8243; use_custom_gutter=&#8221;on&#8221; gutter_width=&#8221;2&#8243; _builder_version=&#8221;4.20.0&#8243; _module_preset=&#8221;default&#8221; transform_scale=&#8221;92%|92%&#8221; z_index=&#8221;500&#8243; max_width=&#8221;80%&#8221; max_height=&#8221;183px&#8221; custom_margin=&#8221;||||false|false&#8221; custom_padding=&#8221;||0px||false|false&#8221; custom_css_main_element=&#8221;align-items: center;||||&#8221; collapsed=&#8221;on&#8221; global_colors_info=&#8221;{}&#8221;][et_pb_column type=&#8221;1_4&#8243; _builder_version=&#8221;4.17.4&#8243; _module_preset=&#8221;default&#8221; transform_scale_tablet=&#8221;52%|52%&#8221; transform_scale_phone=&#8221;52%|52%&#8221; transform_scale_last_edited=&#8221;on|tablet&#8221; transform_translate_tablet=&#8221;0px|-60px&#8221; transform_translate_phone=&#8221;0px|-60px&#8221; transform_translate_last_edited=&#8221;on|tablet&#8221; transform_translate_linked_tablet=&#8221;off&#8221; transform_rotate_tablet=&#8221;&#8221; transform_rotate_phone=&#8221;&#8221; transform_rotate_last_edited=&#8221;on|tablet&#8221; transform_skew_tablet=&#8221;&#8221; transform_skew_phone=&#8221;&#8221; transform_skew_last_edited=&#8221;on|tablet&#8221; transform_origin_tablet=&#8221;&#8221; transform_origin_phone=&#8221;&#8221; transform_origin_last_edited=&#8221;on|tablet&#8221; transform_styles_last_edited=&#8221;on|tablet&#8221; transform_styles_tablet=&#8221;&#8221; transform_styles_phone=&#8221;&#8221; global_colors_info=&#8221;{}&#8221;][et_pb_image src=&#8221;https:\/\/www.lesportscorses.com\/tino-rossi\/wp-content\/uploads\/2024\/07\/LOGO-SITE-APPLI-FOND-BLANC-1.png&#8221; title_text=&#8221;LOGO SITE APPLI FOND BLANC (1)&#8221; url=&#8221;https:\/\/www.lesportscorses.com&#8221; url_new_window=&#8221;on&#8221; disabled_on=&#8221;on|on|off&#8221; _builder_version=&#8221;4.20.0&#8243; _module_preset=&#8221;default&#8221; transform_scale=&#8221;41%|41%&#8221; transform_translate=&#8221;0px|-181px&#8221; transform_translate_linked=&#8221;off&#8221; max_height=&#8221;200px&#8221; global_colors_info=&#8221;{}&#8221;][\/et_pb_image][\/et_pb_column][et_pb_column type=&#8221;1_2&#8243; _builder_version=&#8221;4.17.4&#8243; _module_preset=&#8221;default&#8221; custom_padding=&#8221;0px||||false|false&#8221; global_colors_info=&#8221;{}&#8221;][et_pb_menu menu_style=&#8221;centered&#8221; active_link_color=&#8221;#18223D&#8221; dropdown_menu_bg_color=&#8221;#ffffff&#8221; dropdown_menu_line_color=&#8221;#22AD9D&#8221; dropdown_menu_text_color=&#8221;#000000&#8243; dropdown_menu_active_link_color=&#8221;#22AD9D&#8221; mobile_menu_bg_color=&#8221;#ffffff&#8221; logo_height=&#8221;200px&#8221; menu_icon_font_size=&#8221;40px&#8221; active_link_color_tablet=&#8221;#18223D&#8221; active_link_color_phone=&#8221;#22AD9D&#8221; active_link_color_last_edited=&#8221;on|phone&#8221; _builder_version=&#8221;4.20.0&#8243; _module_preset=&#8221;default&#8221; menu_font=&#8221;Poppins|500|||||||&#8221; menu_text_color=&#8221;#1A0052&#8243; menu_font_size=&#8221;17px&#8221; background_color=&#8221;RGBA(255,255,255,0)&#8221; transform_translate=&#8221;0px|-43px&#8221; transform_translate_linked=&#8221;off&#8221; z_index=&#8221;2&#8243; custom_margin=&#8221;-41px||0px||false|false&#8221; custom_margin_tablet=&#8221;0px||0px||false|false&#8221; custom_margin_phone=&#8221;-20px||17px||false|false&#8221; custom_margin_last_edited=&#8221;on|phone&#8221; menu_text_color_tablet=&#8221;#fcfffe&#8221; menu_text_color_phone=&#8221;#18223D&#8221; menu_text_color_last_edited=&#8221;on|phone&#8221; menu_font_size_tablet=&#8221;17px&#8221; menu_font_size_phone=&#8221;15px&#8221; menu_font_size_last_edited=&#8221;on|desktop&#8221; menu_line_height_tablet=&#8221;&#8221; menu_line_height_phone=&#8221;0.6em&#8221; menu_line_height_last_edited=&#8221;on|desktop&#8221; global_colors_info=&#8221;{}&#8221; menu_text_color__sticky_enabled=&#8221;on|desktop&#8221; menu_text_color__sticky=&#8221;#18223D&#8221; active_link_color__sticky_enabled=&#8221;on|desktop&#8221; active_link_color__sticky=&#8221;#22AD9D&#8221; dropdown_menu_text_color__sticky_enabled=&#8221;off|desktop&#8221; transform_styles__sticky_enabled=&#8221;off|desktop&#8221; transform_scale__sticky_enabled=&#8221;off|desktop&#8221; transform_translate__sticky_enabled=&#8221;off|desktop&#8221; transform_rotate__sticky_enabled=&#8221;off|desktop&#8221; transform_skew__sticky_enabled=&#8221;off|desktop&#8221; transform_origin__sticky_enabled=&#8221;off|desktop&#8221;][\/et_pb_menu][\/et_pb_column][et_pb_column type=&#8221;1_4&#8243; _builder_version=&#8221;4.17.4&#8243; _module_preset=&#8221;default&#8221; custom_padding=&#8221;0px||||false|false&#8221; global_colors_info=&#8221;{}&#8221;][et_pb_image src=&#8221;https:\/\/www.lesportscorses.com\/tino-rossi\/wp-content\/uploads\/2024\/07\/logo_tino_rossi-e1721828771438.jpg&#8221; alt=&#8221;logo du port bonifacio marin les ports corses&#8221; title_text=&#8221;logo_tino_rossi&#8221; url=&#8221;https:\/\/www.lesportscorses.com&#8221; url_new_window=&#8221;on&#8221; disabled_on=&#8221;on|on|off&#8221; _builder_version=&#8221;4.20.0&#8243; _module_preset=&#8221;default&#8221; transform_scale=&#8221;41%|41%&#8221; transform_translate=&#8221;0px|-181px&#8221; transform_translate_linked=&#8221;off&#8221; global_colors_info=&#8221;{}&#8221;][\/et_pb_image][\/et_pb_column][\/et_pb_row][\/et_pb_section][et_pb_section fb_built=&#8221;1&#8243; admin_label=&#8221;section&#8221; _builder_version=&#8221;4.20.0&#8243; background_image=&#8221;https:\/\/www.lesportscorses.com\/tino-rossi\/wp-content\/uploads\/2024\/08\/PHOTO-TETE-PAGE-PATRIMOINE-scaled.jpg&#8221; min_height=&#8221;400px&#8221; custom_margin=&#8221;||-1px||false|false&#8221; locked=&#8221;off&#8221; global_colors_info=&#8221;{}&#8221; collapsed=&#8221;on&#8221;][\/et_pb_section][et_pb_section fb_built=&#8221;1&#8243; _builder_version=&#8221;4.20.0&#8243; _module_preset=&#8221;default&#8221; min_height=&#8221;auto&#8221; height=&#8221;auto&#8221; max_height=&#8221;none&#8221; custom_margin=&#8221;||||false|false&#8221; custom_padding=&#8221;||||false|false&#8221; collapsed=&#8221;on&#8221; global_colors_info=&#8221;{}&#8221;][et_pb_row _builder_version=&#8221;4.17.6&#8243; _module_preset=&#8221;default&#8221; global_colors_info=&#8221;{}&#8221;][et_pb_column type=&#8221;4_4&#8243; _builder_version=&#8221;4.17.6&#8243; _module_preset=&#8221;default&#8221; global_colors_info=&#8221;{}&#8221;][et_pb_text _builder_version=&#8221;4.17.6&#8243; _module_preset=&#8221;default&#8221; text_font=&#8221;Poppins|700|||||||&#8221; text_text_color=&#8221;#22ad9d&#8221; text_font_size=&#8221;41px&#8221; custom_margin=&#8221;||37px||false|false&#8221; global_colors_info=&#8221;{}&#8221;]<\/p>\n<p>PATRIMOINE<\/p>\n<p>[\/et_pb_text][et_pb_text _builder_version=&#8221;4.17.6&#8243; _module_preset=&#8221;default&#8221; text_font=&#8221;Poppins|300|||||||&#8221; text_text_color=&#8221;#464647&#8243; text_font_size=&#8221;18px&#8221; text_letter_spacing=&#8221;1px&#8221; text_line_height=&#8221;1em&#8221; text_orientation=&#8221;center&#8221; custom_margin=&#8221;10px||30px||false|false&#8221; animation_style=&#8221;slide&#8221; animation_direction=&#8221;left&#8221; animation_duration=&#8221;1150ms&#8221; animation_delay=&#8221;650ms&#8221; animation_intensity_slide=&#8221;33%&#8221; animation_starting_opacity=&#8221;5%&#8221; locked=&#8221;off&#8221; global_colors_info=&#8221;{}&#8221;]<\/p>\n<p style=\"text-align: left;\">Retrouvez des lieux que nous vous proposons de visiter lors de votre s\u00e9jour dans notre port<\/p>\n<p>[\/et_pb_text][et_pb_divider _builder_version=&#8221;4.17.6&#8243; _module_preset=&#8221;default&#8221; global_colors_info=&#8221;{}&#8221;][\/et_pb_divider][\/et_pb_column][\/et_pb_row][\/et_pb_section][et_pb_section fb_built=&#8221;1&#8243; _builder_version=&#8221;4.20.0&#8243; _module_preset=&#8221;default&#8221; min_height=&#8221;auto&#8221; height=&#8221;auto&#8221; max_height=&#8221;none&#8221; bottom_divider_color=&#8221;#E02B20&#8243; collapsed=&#8221;on&#8221; global_colors_info=&#8221;{}&#8221;][et_pb_row _builder_version=&#8221;4.20.0&#8243; _module_preset=&#8221;default&#8221; custom_padding=&#8221;||||false|false&#8221; global_colors_info=&#8221;{}&#8221;][et_pb_column type=&#8221;4_4&#8243; _builder_version=&#8221;4.17.6&#8243; _module_preset=&#8221;default&#8221; global_colors_info=&#8221;{}&#8221;][et_pb_team_member name=&#8221;Marcatu d&#8217;aiacciu&#8221; image_url=&#8221;https:\/\/www.lesportscorses.com\/tino-rossi\/wp-content\/uploads\/2024\/07\/Marcatu-daiacciu.jpg&#8221; _builder_version=&#8221;4.20.0&#8243; _module_preset=&#8221;default&#8221; background_color=&#8221;#f9fafc&#8221; width=&#8221;100%&#8221; module_alignment=&#8221;center&#8221; custom_padding=&#8221;10px|13px|10px|13px|true|true&#8221; link_option_url_new_window=&#8221;on&#8221; box_shadow_style=&#8221;preset3&#8243; global_colors_info=&#8221;{}&#8221;]<\/p>\n<p>Situ\u00e9 au c\u0153ur de la cit\u00e9 imp\u00e9riale, le march\u00e9 d\u2019Ajaccio est le point de rencontre de la vie ajaccienne.<br \/>Tout particuli\u00e8rement le week-end, quand les habitants viennent faire leurs emplettes pour le repas dominical en famille ou entre amis.<\/p>\n<p>[\/et_pb_team_member][et_pb_team_member name=&#8221;Palais fesch&#8221; image_url=&#8221;https:\/\/www.lesportscorses.com\/tino-rossi\/wp-content\/uploads\/2024\/07\/Palais-fesch.jpg&#8221; position_last_edited=&#8221;off|desktop&#8221; _builder_version=&#8221;4.20.0&#8243; _module_preset=&#8221;default&#8221; background_color=&#8221;#f9fafc&#8221; custom_padding=&#8221;10px|13px|10px|13px|true|true&#8221; link_option_url_new_window=&#8221;on&#8221; box_shadow_style=&#8221;preset3&#8243; global_colors_info=&#8221;{}&#8221;]<\/p>\n<p><span>Si Ajaccio dispose aujourd\u2019hui d\u2019un mus\u00e9e des Beaux-Arts comptant pas moins de 350 tableaux, c\u2019est gr\u00e2ce \u00e0 l\u2019oncle maternel de Napol\u00e9on: Joseph Fesch. Ce collectionneur laissera \u00e0 sa mort pr\u00e8s de 16 000 tableaux dont un millier constitue le noyau de la collection du Palais Fesch<\/span><\/p>\n<p>[\/et_pb_team_member][et_pb_team_member name=&#8221;Citadelle D&#8217;Ajaccio&#8221; image_url=&#8221;https:\/\/www.lesportscorses.com\/tino-rossi\/wp-content\/uploads\/2024\/07\/Photo-citadelle-DAjaccio.jpg&#8221; _builder_version=&#8221;4.20.0&#8243; _module_preset=&#8221;default&#8221; background_color=&#8221;#f9fafc&#8221; custom_padding=&#8221;10px|13px|10px|13px|true|true&#8221; link_option_url_new_window=&#8221;on&#8221; box_shadow_style=&#8221;preset3&#8243; global_colors_info=&#8221;{}&#8221;]<\/p>\n<p><span>Situ\u00e9e en plein c\u0153ur d\u2019Ajaccio, la Citadelle Miollis, dont la premi\u00e8re pierre a \u00e9t\u00e9 pos\u00e9e en 1492 et qui n\u2019a cess\u00e9 de se transformer jusqu\u2019\u00e0 nos jours, a \u00e9t\u00e9 occup\u00e9e jusqu\u2019\u00e0 r\u00e9cemment par les services militaires de l\u2019\u00c9tat.<\/span><\/p>\n<p>[\/et_pb_team_member][et_pb_team_member name=&#8221;Casa Buonaparte (Maison Bonaparte)&#8221; image_url=&#8221;https:\/\/www.lesportscorses.com\/tino-rossi\/wp-content\/uploads\/2024\/07\/Photo-maison-Bonaparte.jpg&#8221; _builder_version=&#8221;4.20.0&#8243; _module_preset=&#8221;default&#8221; background_color=&#8221;#f9fafc&#8221; custom_padding=&#8221;10px|13px|10px|13px|true|true&#8221; link_option_url_new_window=&#8221;on&#8221; box_shadow_style=&#8221;preset3&#8243; global_colors_info=&#8221;{}&#8221;]<\/p>\n<p><span>Napol\u00e9on vit le jour dans cette demeure le 15 ao\u00fbt 1769. La maison natale de l\u2019empereur abrite un mus\u00e9e consacr\u00e9 \u00e0 la famille Bonaparte. Mobilier, peintures, d\u00e9corations vous replongent dans l\u2019atmosph\u00e8re de la fin du 18\u00e8me si\u00e8cle.<\/span><\/p>\n<p>[\/et_pb_team_member][et_pb_team_member name=&#8221;Cath\u00e9drale Notre Dame De L&#8217;assomption&#8221; image_url=&#8221;https:\/\/www.lesportscorses.com\/tino-rossi\/wp-content\/uploads\/2024\/07\/Photo-cathedrale-scaled.jpg&#8221; _builder_version=&#8221;4.20.0&#8243; _module_preset=&#8221;default&#8221; background_color=&#8221;#f9fafc&#8221; custom_padding=&#8221;10px|13px|10px|13px|true|true&#8221; link_option_url_new_window=&#8221;on&#8221; box_shadow_style=&#8221;preset3&#8243; global_colors_info=&#8221;{}&#8221;]<\/p>\n<p>Situ\u00e9e dans la vieille ville, la cath\u00e9drale fut achev\u00e9e en 1593. L\u2019\u00e9difice est typique de l\u2019architecture de la\u00a0Contre-r\u00e9forme. \u00c9lev\u00e9e sur un plan en croix latine, sa crois\u00e9e de transept est \u00e9clair\u00e9e par une coupole.<\/p>\n<p>[\/et_pb_team_member][\/et_pb_column][\/et_pb_row][\/et_pb_section][et_pb_section fb_built=&#8221;1&#8243; _builder_version=&#8221;4.20.0&#8243; _module_preset=&#8221;default&#8221; background_color=&#8221;#e8eae8&#8243; min_height=&#8221;auto&#8221; height=&#8221;auto&#8221; max_height=&#8221;none&#8221; custom_padding=&#8221;||3px||false|false&#8221; animation_style=&#8221;none&#8221; collapsed=&#8221;on&#8221; global_colors_info=&#8221;{}&#8221; global_module=&#8221;424&#8243; theme_builder_area=&#8221;post_content&#8221;][et_pb_row column_structure=&#8221;1_4,1_4,1_4,1_4&#8243; _builder_version=&#8221;4.20.0&#8243; _module_preset=&#8221;default&#8221; global_colors_info=&#8221;{}&#8221; theme_builder_area=&#8221;post_content&#8221;][et_pb_column type=&#8221;1_4&#8243; _builder_version=&#8221;4.17.4&#8243; _module_preset=&#8221;default&#8221; global_colors_info=&#8221;{}&#8221; theme_builder_area=&#8221;post_content&#8221;][et_pb_text _builder_version=&#8221;4.20.0&#8243; _module_preset=&#8221;default&#8221; text_text_color=&#8221;#1D3079&#8243; header_font=&#8221;Poppins|600|||||||&#8221; header_text_color=&#8221;#1D3079&#8243; global_colors_info=&#8221;{}&#8221; theme_builder_area=&#8221;post_content&#8221;]<\/p>\n<h1 style=\"text-align: center;\">Nous suivre<\/h1>\n<p>[\/et_pb_text][et_pb_social_media_follow _builder_version=&#8221;4.20.0&#8243; _module_preset=&#8221;default&#8221; global_colors_info=&#8221;{}&#8221; theme_builder_area=&#8221;post_content&#8221;][et_pb_social_media_follow_network social_network=&#8221;facebook&#8221; url=&#8221;https:\/\/www.facebook.com\/Bonifacio-Marina-178327605588172\/&#8221; _builder_version=&#8221;4.17.4&#8243; _module_preset=&#8221;default&#8221; background_color=&#8221;#3b5998&#8243; global_colors_info=&#8221;{}&#8221; theme_builder_area=&#8221;post_content&#8221;]facebook[\/et_pb_social_media_follow_network][et_pb_social_media_follow_network social_network=&#8221;linkedin&#8221; url=&#8221;https:\/\/www.linkedin.com\/showcase\/corsica-ports\/&#8221; _builder_version=&#8221;4.20.0&#8243; _module_preset=&#8221;default&#8221; background_color=&#8221;#007bb6&#8243; global_colors_info=&#8221;{}&#8221; theme_builder_area=&#8221;post_content&#8221;]linkedin[\/et_pb_social_media_follow_network][et_pb_social_media_follow_network social_network=&#8221;instagram&#8221; url=&#8221;https:\/\/www.instagram.com\/bonifaciomarina_off\/&#8221; _builder_version=&#8221;4.17.4&#8243; _module_preset=&#8221;default&#8221; background_color=&#8221;#ea2c59&#8243; global_colors_info=&#8221;{}&#8221; theme_builder_area=&#8221;post_content&#8221;]instagram[\/et_pb_social_media_follow_network][et_pb_social_media_follow_network social_network=&#8221;twitter&#8221; url=&#8221;https:\/\/x.com\/corsica_ports&#8221; _builder_version=&#8221;4.20.0&#8243; _module_preset=&#8221;default&#8221; background_color=&#8221;#00aced&#8221; global_colors_info=&#8221;{}&#8221; theme_builder_area=&#8221;post_content&#8221;]twitter[\/et_pb_social_media_follow_network][\/et_pb_social_media_follow][\/et_pb_column][et_pb_column type=&#8221;1_4&#8243; _builder_version=&#8221;4.17.4&#8243; _module_preset=&#8221;default&#8221; global_colors_info=&#8221;{}&#8221; theme_builder_area=&#8221;post_content&#8221;][et_pb_text _builder_version=&#8221;4.20.0&#8243; _module_preset=&#8221;default&#8221; text_text_color=&#8221;#1D3079&#8243; header_font=&#8221;Poppins|600|||||||&#8221; header_text_color=&#8221;#1D3079&#8243; width=&#8221;106.2%&#8221; global_colors_info=&#8221;{}&#8221; theme_builder_area=&#8221;post_content&#8221;]<\/p>\n<h1 style=\"text-align: center;\">Contact<\/h1>\n<p style=\"text-align: center;\">Mail :<br \/><a href=\"mailto:capitainerie.ajaccio@sudcorse.cci.fr\">capitainerie.ajaccio@sudcorse.cci.fr<\/a><\/p>\n<p style=\"text-align: center;\">T\u00e9l : +33(0)4 95 51 22 72<\/p>\n<p>[\/et_pb_text][\/et_pb_column][et_pb_column type=&#8221;1_4&#8243; _builder_version=&#8221;4.17.4&#8243; _module_preset=&#8221;default&#8221; global_colors_info=&#8221;{}&#8221; theme_builder_area=&#8221;post_content&#8221;][et_pb_text _builder_version=&#8221;4.17.4&#8243; _module_preset=&#8221;default&#8221; text_text_color=&#8221;#1D3079&#8243; header_font=&#8221;Poppins|600|||||||&#8221; header_text_color=&#8221;#1D3079&#8243; global_colors_info=&#8221;{}&#8221; theme_builder_area=&#8221;post_content&#8221;]<\/p>\n<h1>Liens utiles<\/h1>\n<p>[\/et_pb_text][et_pb_button button_url=&#8221;https:\/\/www.lesportscorses.com\/tino-rossi\/le-plan\/&#8221; url_new_window=&#8221;on&#8221; button_text=&#8221;Plan&#8221; button_alignment=&#8221;left&#8221; _builder_version=&#8221;4.20.0&#8243; _module_preset=&#8221;default&#8221; custom_button=&#8221;on&#8221; button_text_size=&#8221;14px&#8221; button_text_color=&#8221;#1D3079&#8243; button_use_icon=&#8221;off&#8221; background_layout=&#8221;dark&#8221; custom_margin=&#8221;-20px|0px|10px|0px|false|true&#8221; custom_padding=&#8221;0px|56px|0px|56px|true|true&#8221; global_colors_info=&#8221;{}&#8221; theme_builder_area=&#8221;post_content&#8221;][\/et_pb_button][et_pb_button button_url=&#8221;https:\/\/www.lesportscorses.com\/tino-rossi\/services-portuaires-2\/&#8221; url_new_window=&#8221;on&#8221; button_text=&#8221;Services portuaires&#8221; button_alignment=&#8221;left&#8221; _builder_version=&#8221;4.20.0&#8243; _module_preset=&#8221;default&#8221; custom_button=&#8221;on&#8221; button_text_size=&#8221;14px&#8221; button_text_color=&#8221;#1D3079&#8243; button_use_icon=&#8221;off&#8221; background_layout=&#8221;dark&#8221; custom_margin=&#8221;0px|0px|0px|0px|true|true&#8221; custom_padding=&#8221;0px|8px|0px|8px|true|true&#8221; global_colors_info=&#8221;{}&#8221; theme_builder_area=&#8221;post_content&#8221;][\/et_pb_button][et_pb_button button_url=&#8221;https:\/\/www.lesportscorses.com\/tino-rossi\/infos-utiles-en-mer\/&#8221; url_new_window=&#8221;on&#8221; button_text=&#8221;Infos utiles en mer&#8221; button_alignment=&#8221;left&#8221; _builder_version=&#8221;4.20.0&#8243; _module_preset=&#8221;default&#8221; custom_button=&#8221;on&#8221; button_text_size=&#8221;14px&#8221; button_text_color=&#8221;#1D3079&#8243; button_use_icon=&#8221;off&#8221; background_layout=&#8221;dark&#8221; custom_margin=&#8221;10px|0px|10px|0px|true|true&#8221; custom_padding=&#8221;0px|10px|0px|9px|true|false&#8221; global_colors_info=&#8221;{}&#8221; theme_builder_area=&#8221;post_content&#8221;][\/et_pb_button][\/et_pb_column][et_pb_column type=&#8221;1_4&#8243; _builder_version=&#8221;4.17.4&#8243; _module_preset=&#8221;default&#8221; global_colors_info=&#8221;{}&#8221; theme_builder_area=&#8221;post_content&#8221;][et_pb_text _builder_version=&#8221;4.17.4&#8243; _module_preset=&#8221;default&#8221; text_text_color=&#8221;#1D3079&#8243; header_font=&#8221;Poppins|600|||||||&#8221; header_text_color=&#8221;#1D3079&#8243; global_colors_info=&#8221;{}&#8221; theme_builder_area=&#8221;post_content&#8221;]<\/p>\n<h1>Labels et Certifications<\/h1>\n<p>[\/et_pb_text][et_pb_image src=&#8221;https:\/\/www.lesportscorses.com\/tino-rossi\/wp-content\/uploads\/2024\/08\/Capture-decran-2024-08-19-224351.png&#8221; title_text=&#8221;Capture d\u2019\u00e9cran 2024-08-19 224351&#8243; _builder_version=&#8221;4.20.0&#8243; _module_preset=&#8221;default&#8221; transform_scale=&#8221;93%|93%&#8221; custom_margin=&#8221;-30px||-30px||true|false&#8221; global_colors_info=&#8221;{}&#8221; theme_builder_area=&#8221;post_content&#8221;][\/et_pb_image][\/et_pb_column][\/et_pb_row][et_pb_row _builder_version=&#8221;4.20.0&#8243; _module_preset=&#8221;default&#8221; custom_padding=&#8221;||0px|||&#8221; global_colors_info=&#8221;{}&#8221; theme_builder_area=&#8221;post_content&#8221;][et_pb_column type=&#8221;4_4&#8243; _builder_version=&#8221;4.17.6&#8243; _module_preset=&#8221;default&#8221; global_colors_info=&#8221;{}&#8221; theme_builder_area=&#8221;post_content&#8221;][et_pb_text _builder_version=&#8221;4.20.0&#8243; _module_preset=&#8221;default&#8221; global_colors_info=&#8221;{}&#8221; theme_builder_area=&#8221;post_content&#8221;]<\/p>\n<p style=\"text-align: center;\">Le port Tino-Rossi est membre du r\u00e9seau<a href=\"https:\/\/www.lesportscorses.com\" target=\"_blank\" rel=\"noopener\"> Les Ports Corses<\/a>. Le 1er r\u00e9seau portuaire de l&#8217;\u00eele de Corse, oeuvrant pour la dynamisation des activit\u00e9s \u00e9conomiques locales et la protection du patrimoine environnemental corse.<\/p>\n<p>[\/et_pb_text][\/et_pb_column][\/et_pb_row][\/et_pb_section]<\/p>\n","protected":false},"excerpt":{"rendered":"<p>PATRIMOINERetrouvez des lieux que nous vous proposons de visiter lors de votre s\u00e9jour dans notre portSitu\u00e9 au c\u0153ur de la cit\u00e9 imp\u00e9riale, le march\u00e9 d\u2019Ajaccio est le point de rencontre de la vie ajaccienne.Tout particuli\u00e8rement le week-end, quand les habitants viennent faire leurs emplettes pour le repas dominical en famille ou entre amis.Si Ajaccio dispose [&hellip;]<\/p>\n","protected":false},"author":3,"featured_media":0,"parent":0,"menu_order":0,"comment_status":"closed","ping_status":"closed","template":"page-template-blank.php","meta":{"_et_pb_use_builder":"on","_et_pb_old_content":"","_et_gb_content_width":"","footnotes":""},"class_list":["post-4","page","type-page","status-publish","hentry"],"_links":{"self":[{"href":"https:\/\/www.lesportscorses.com\/tino-rossi\/wp-json\/wp\/v2\/pages\/4","targetHints":{"allow":["GET"]}}],"collection":[{"href":"https:\/\/www.lesportscorses.com\/tino-rossi\/wp-json\/wp\/v2\/pages"}],"about":[{"href":"https:\/\/www.lesportscorses.com\/tino-rossi\/wp-json\/wp\/v2\/types\/page"}],"author":[{"embeddable":true,"href":"https:\/\/www.lesportscorses.com\/tino-rossi\/wp-json\/wp\/v2\/users\/3"}],"replies":[{"embeddable":true,"href":"https:\/\/www.lesportscorses.com\/tino-rossi\/wp-json\/wp\/v2\/comments?post=4"}],"version-history":[{"count":11,"href":"https:\/\/www.lesportscorses.com\/tino-rossi\/wp-json\/wp\/v2\/pages\/4\/revisions"}],"predecessor-version":[{"id":440,"href":"https:\/\/www.lesportscorses.com\/tino-rossi\/wp-json\/wp\/v2\/pages\/4\/revisions\/440"}],"wp:attachment":[{"href":"https:\/\/www.lesportscorses.com\/tino-rossi\/wp-json\/wp\/v2\/media?parent=4"}],"curies":[{"name":"wp","href":"https:\/\/api.w.org\/{rel}","templated":true}]}}