{"id":6,"date":"2024-07-19T00:00:00","date_gmt":"2024-07-19T00:00:00","guid":{"rendered":"https:\/\/www.lesportscorses.com\/tino-rossi\/?page_id=6"},"modified":"2024-08-21T08:41:15","modified_gmt":"2024-08-21T08:41:15","slug":"questions-frequentes","status":"publish","type":"page","link":"https:\/\/www.lesportscorses.com\/tino-rossi\/questions-frequentes\/","title":{"rendered":"Questions fr\u00e9quentes"},"content":{"rendered":"<p>[et_pb_section fb_built=&#8221;1&#8243; _builder_version=&#8221;4.20.0&#8243; _module_preset=&#8221;default&#8221; background_color=&#8221;rgba(255,255,255,0)&#8221; horizontal_offset=&#8221;2px&#8221; z_index=&#8221;481&#8243; module_alignment=&#8221;center&#8221; min_height=&#8221;auto&#8221; height=&#8221;auto&#8221; height_tablet=&#8221;101px&#8221; height_phone=&#8221;45px&#8221; height_last_edited=&#8221;on|desktop&#8221; max_height=&#8221;none&#8221; max_height_phone=&#8221;110px&#8221; max_height_last_edited=&#8221;off|desktop&#8221; custom_margin=&#8221;||||false|false&#8221; custom_padding=&#8221;0vw||0vw||false|false&#8221; sticky_position=&#8221;top&#8221; background_color_tablet=&#8221;#ffffff&#8221; background_last_edited=&#8221;on|desktop&#8221; background_enable_color_tablet=&#8221;on&#8221; global_module=&#8221;185&#8243; saved_tabs=&#8221;all&#8221; collapsed=&#8221;on&#8221; global_colors_info=&#8221;{}&#8221; background__sticky_enabled=&#8221;on|desktop&#8221; background_color__sticky=&#8221;#ffffff&#8221; background_enable_color__sticky=&#8221;on&#8221; height__sticky_enabled=&#8221;on|desktop&#8221; height__sticky=&#8221;85px&#8221;][et_pb_row column_structure=&#8221;1_4,1_2,1_4&#8243; use_custom_gutter=&#8221;on&#8221; gutter_width=&#8221;2&#8243; _builder_version=&#8221;4.20.0&#8243; _module_preset=&#8221;default&#8221; transform_scale=&#8221;92%|92%&#8221; z_index=&#8221;500&#8243; max_width=&#8221;80%&#8221; max_height=&#8221;183px&#8221; custom_margin=&#8221;||||false|false&#8221; custom_padding=&#8221;||0px||false|false&#8221; custom_css_main_element=&#8221;align-items: center;||||&#8221; collapsed=&#8221;on&#8221; global_colors_info=&#8221;{}&#8221;][et_pb_column type=&#8221;1_4&#8243; _builder_version=&#8221;4.17.4&#8243; _module_preset=&#8221;default&#8221; transform_scale_tablet=&#8221;52%|52%&#8221; transform_scale_phone=&#8221;52%|52%&#8221; transform_scale_last_edited=&#8221;on|tablet&#8221; transform_translate_tablet=&#8221;0px|-60px&#8221; transform_translate_phone=&#8221;0px|-60px&#8221; transform_translate_last_edited=&#8221;on|tablet&#8221; transform_translate_linked_tablet=&#8221;off&#8221; transform_rotate_tablet=&#8221;&#8221; transform_rotate_phone=&#8221;&#8221; transform_rotate_last_edited=&#8221;on|tablet&#8221; transform_skew_tablet=&#8221;&#8221; transform_skew_phone=&#8221;&#8221; transform_skew_last_edited=&#8221;on|tablet&#8221; transform_origin_tablet=&#8221;&#8221; transform_origin_phone=&#8221;&#8221; transform_origin_last_edited=&#8221;on|tablet&#8221; transform_styles_last_edited=&#8221;on|tablet&#8221; transform_styles_tablet=&#8221;&#8221; transform_styles_phone=&#8221;&#8221; global_colors_info=&#8221;{}&#8221;][et_pb_image src=&#8221;https:\/\/www.lesportscorses.com\/tino-rossi\/wp-content\/uploads\/2024\/07\/LOGO-SITE-APPLI-FOND-BLANC-1.png&#8221; title_text=&#8221;LOGO SITE APPLI FOND BLANC (1)&#8221; url=&#8221;https:\/\/www.lesportscorses.com&#8221; url_new_window=&#8221;on&#8221; disabled_on=&#8221;on|on|off&#8221; _builder_version=&#8221;4.20.0&#8243; _module_preset=&#8221;default&#8221; transform_scale=&#8221;41%|41%&#8221; transform_translate=&#8221;0px|-181px&#8221; transform_translate_linked=&#8221;off&#8221; max_height=&#8221;200px&#8221; global_colors_info=&#8221;{}&#8221;][\/et_pb_image][\/et_pb_column][et_pb_column type=&#8221;1_2&#8243; _builder_version=&#8221;4.17.4&#8243; _module_preset=&#8221;default&#8221; custom_padding=&#8221;0px||||false|false&#8221; global_colors_info=&#8221;{}&#8221;][et_pb_menu menu_style=&#8221;centered&#8221; active_link_color=&#8221;#18223D&#8221; dropdown_menu_bg_color=&#8221;#ffffff&#8221; dropdown_menu_line_color=&#8221;#22AD9D&#8221; dropdown_menu_text_color=&#8221;#000000&#8243; dropdown_menu_active_link_color=&#8221;#22AD9D&#8221; mobile_menu_bg_color=&#8221;#ffffff&#8221; logo_height=&#8221;200px&#8221; menu_icon_font_size=&#8221;40px&#8221; active_link_color_tablet=&#8221;#18223D&#8221; active_link_color_phone=&#8221;#22AD9D&#8221; active_link_color_last_edited=&#8221;on|phone&#8221; _builder_version=&#8221;4.20.0&#8243; _module_preset=&#8221;default&#8221; menu_font=&#8221;Poppins|500|||||||&#8221; menu_text_color=&#8221;#1A0052&#8243; menu_font_size=&#8221;17px&#8221; background_color=&#8221;RGBA(255,255,255,0)&#8221; transform_translate=&#8221;0px|-43px&#8221; transform_translate_linked=&#8221;off&#8221; z_index=&#8221;2&#8243; custom_margin=&#8221;-41px||0px||false|false&#8221; custom_margin_tablet=&#8221;0px||0px||false|false&#8221; custom_margin_phone=&#8221;-20px||17px||false|false&#8221; custom_margin_last_edited=&#8221;on|phone&#8221; menu_text_color_tablet=&#8221;#fcfffe&#8221; menu_text_color_phone=&#8221;#18223D&#8221; menu_text_color_last_edited=&#8221;on|phone&#8221; menu_font_size_tablet=&#8221;17px&#8221; menu_font_size_phone=&#8221;15px&#8221; menu_font_size_last_edited=&#8221;on|desktop&#8221; menu_line_height_tablet=&#8221;&#8221; menu_line_height_phone=&#8221;0.6em&#8221; menu_line_height_last_edited=&#8221;on|desktop&#8221; global_colors_info=&#8221;{}&#8221; menu_text_color__sticky_enabled=&#8221;on|desktop&#8221; menu_text_color__sticky=&#8221;#18223D&#8221; active_link_color__sticky_enabled=&#8221;on|desktop&#8221; active_link_color__sticky=&#8221;#22AD9D&#8221; dropdown_menu_text_color__sticky_enabled=&#8221;off|desktop&#8221; transform_styles__sticky_enabled=&#8221;off|desktop&#8221; transform_scale__sticky_enabled=&#8221;off|desktop&#8221; transform_translate__sticky_enabled=&#8221;off|desktop&#8221; transform_rotate__sticky_enabled=&#8221;off|desktop&#8221; transform_skew__sticky_enabled=&#8221;off|desktop&#8221; transform_origin__sticky_enabled=&#8221;off|desktop&#8221;][\/et_pb_menu][\/et_pb_column][et_pb_column type=&#8221;1_4&#8243; _builder_version=&#8221;4.17.4&#8243; _module_preset=&#8221;default&#8221; custom_padding=&#8221;0px||||false|false&#8221; global_colors_info=&#8221;{}&#8221;][et_pb_image src=&#8221;https:\/\/www.lesportscorses.com\/tino-rossi\/wp-content\/uploads\/2024\/07\/logo_tino_rossi-e1721828771438.jpg&#8221; alt=&#8221;logo du port bonifacio marin les ports corses&#8221; title_text=&#8221;logo_tino_rossi&#8221; url=&#8221;https:\/\/www.lesportscorses.com&#8221; url_new_window=&#8221;on&#8221; disabled_on=&#8221;on|on|off&#8221; _builder_version=&#8221;4.20.0&#8243; _module_preset=&#8221;default&#8221; transform_scale=&#8221;41%|41%&#8221; transform_translate=&#8221;0px|-181px&#8221; transform_translate_linked=&#8221;off&#8221; global_colors_info=&#8221;{}&#8221;][\/et_pb_image][\/et_pb_column][\/et_pb_row][\/et_pb_section][et_pb_section fb_built=&#8221;1&#8243; disabled_on=&#8221;off|off|off&#8221; admin_label=&#8221;section&#8221; _builder_version=&#8221;4.20.0&#8243; _module_preset=&#8221;default&#8221; background_image=&#8221;https:\/\/www.lesportscorses.com\/tino-rossi\/wp-content\/uploads\/2024\/08\/PHOTO-TETE-CONTACT-UTILE-scaled.jpg&#8221; min_height=&#8221;400px&#8221; height=&#8221;auto&#8221; max_height=&#8221;none&#8221; custom_margin=&#8221;||||false|false&#8221; custom_padding=&#8221;||||false|false&#8221; locked=&#8221;off&#8221; collapsed=&#8221;on&#8221; global_colors_info=&#8221;{}&#8221;][\/et_pb_section][et_pb_section fb_built=&#8221;1&#8243; _builder_version=&#8221;4.20.0&#8243; _module_preset=&#8221;default&#8221; min_height=&#8221;auto&#8221; height=&#8221;auto&#8221; max_height=&#8221;none&#8221; custom_margin=&#8221;||||false|false&#8221; collapsed=&#8221;on&#8221; global_colors_info=&#8221;{}&#8221;][et_pb_row _builder_version=&#8221;4.17.4&#8243; _module_preset=&#8221;default&#8221; global_colors_info=&#8221;{}&#8221;][et_pb_column type=&#8221;4_4&#8243; _builder_version=&#8221;4.17.4&#8243; _module_preset=&#8221;default&#8221; global_colors_info=&#8221;{}&#8221;][et_pb_text _builder_version=&#8221;4.17.4&#8243; _module_preset=&#8221;default&#8221; text_font=&#8221;Poppins||||||||&#8221; text_text_color=&#8221;#1D3079&#8243; text_font_size=&#8221;36px&#8221; text_text_color_tablet=&#8221;#1D3079&#8243; text_text_color_phone=&#8221;#1D3079&#8243; text_text_color_last_edited=&#8221;on|phone&#8221; global_colors_info=&#8221;{}&#8221;]<\/p>\n<p><strong>Une question ?<\/strong><\/p>\n<p>[\/et_pb_text][et_pb_text _builder_version=&#8221;4.17.4&#8243; _module_preset=&#8221;default&#8221; text_font=&#8221;Poppins|300|||||||&#8221; text_text_color=&#8221;rgba(24,34,61,0.73)&#8221; text_font_size=&#8221;17px&#8221; custom_margin=&#8221;60px||0px||false|false&#8221; global_colors_info=&#8221;{}&#8221;]<\/p>\n<p>Pour vous aider, voici les\u00a0<strong>questions fr\u00e9quentes <\/strong>pos\u00e9es par\u00a0les plaisanciers et visiteurs du port.<\/p>\n<p>[\/et_pb_text][\/et_pb_column][\/et_pb_row][\/et_pb_section][et_pb_section fb_built=&#8221;1&#8243; _builder_version=&#8221;4.20.0&#8243; _module_preset=&#8221;default&#8221; background_color=&#8221;#ffffff&#8221; background_enable_image=&#8221;off&#8221; background_enable_pattern_style=&#8221;on&#8221; background_pattern_style=&#8221;waves&#8221; background_pattern_color=&#8221;rgba(29,48,121,0.13)&#8221; background_pattern_size=&#8221;custom&#8221; background_pattern_width=&#8221;96px&#8221; background_pattern_horizontal_offset=&#8221;41%&#8221; background_pattern_vertical_offset=&#8221;25%&#8221; min_height=&#8221;auto&#8221; height=&#8221;auto&#8221; max_height=&#8221;none&#8221; top_divider_style=&#8221;mountains&#8221; top_divider_color=&#8221;#1D3079&#8243; top_divider_height=&#8221;23px&#8221; collapsed=&#8221;on&#8221; global_colors_info=&#8221;{}&#8221;][et_pb_row column_structure=&#8221;1_2,1_2&#8243; _builder_version=&#8221;4.17.4&#8243; _module_preset=&#8221;default&#8221; global_colors_info=&#8221;{}&#8221;][et_pb_column type=&#8221;1_2&#8243; _builder_version=&#8221;4.17.4&#8243; _module_preset=&#8221;default&#8221; background_color=&#8221;RGBA(255,255,255,0)&#8221; global_colors_info=&#8221;{}&#8221;][et_pb_toggle title=&#8221;Est il possible de r\u00e9server par t\u00e9l\u00e9phone ou par email ?&#8221; _builder_version=&#8221;4.17.4&#8243; _module_preset=&#8221;4e06e59e-2a95-4ce0-b352-49a6f62f989e&#8221; inline_fonts=&#8221;ABeeZee&#8221; global_colors_info=&#8221;{}&#8221; border_radii__hover_enabled=&#8221;off|desktop&#8221; border_radii__hover=&#8221;on|38px|38px|38px|38px&#8221;]<\/p>\n<p><span>Oui cependant nous vous recommandons de r\u00e9server directement via l&#8217;application les Ports Corses ou sur la centrale de r\u00e9servation <\/span><a href=\"http:\/\/www.resaportcorse.com\/?direct=1%C2%A0\" rel=\"noopener noreferrer\" target=\"_blank\">http:\/\/www.resaportcorse.com\/?direct=1\u00a0<\/a><\/p>\n<p>[\/et_pb_toggle][\/et_pb_column][et_pb_column type=&#8221;1_2&#8243; _builder_version=&#8221;4.17.4&#8243; _module_preset=&#8221;default&#8221; background_color=&#8221;RGBA(255,255,255,0)&#8221; global_colors_info=&#8221;{}&#8221;][et_pb_toggle title=&#8221;Est il obligatoire de r\u00e9server une place au port de plaisance ?&#8221; _builder_version=&#8221;4.17.4&#8243; _module_preset=&#8221;4e06e59e-2a95-4ce0-b352-49a6f62f989e&#8221; locked=&#8221;off&#8221; inline_fonts=&#8221;ABeeZee&#8221; global_colors_info=&#8221;{}&#8221; border_radii__hover_enabled=&#8221;off|desktop&#8221; border_radii__hover=&#8221;on|38px|38px|38px|38px&#8221;]<\/p>\n<p class=\"ql-align-justify\">Il n&#8217;est pas obligatoire de r\u00e9server cependant seule une r\u00e9servation peut vous assurer de disposer d&#8217;un emplacement \u00e0 votre arriv\u00e9e.<\/p>\n<p class=\"ql-align-center\">\n<p>[\/et_pb_toggle][\/et_pb_column][\/et_pb_row][et_pb_row column_structure=&#8221;1_2,1_2&#8243; _builder_version=&#8221;4.17.4&#8243; _module_preset=&#8221;default&#8221; global_colors_info=&#8221;{}&#8221;][et_pb_column type=&#8221;1_2&#8243; _builder_version=&#8221;4.17.4&#8243; _module_preset=&#8221;default&#8221; background_color=&#8221;RGBA(255,255,255,0)&#8221; global_colors_info=&#8221;{}&#8221;][et_pb_toggle title=&#8221;Le tarif comprend-il l&#8217;eau et l&#8217;\u00e9lectricit\u00e9 ?&#8221; _builder_version=&#8221;4.20.0&#8243; _module_preset=&#8221;4e06e59e-2a95-4ce0-b352-49a6f62f989e&#8221; inline_fonts=&#8221;ABeeZee&#8221; global_colors_info=&#8221;{}&#8221;]<\/p>\n<p><span>Oui sur les pontons flottants et quais. Pour le Quai Honneur payant sous r\u00e9serve de mise en place de la t\u00e9l\u00e9rel\u00e8ve pour l&#8217;eau et l&#8217;\u00e9lectricit\u00e9 pour la saison 2024<\/span><\/p>\n<p>[\/et_pb_toggle][\/et_pb_column][et_pb_column type=&#8221;1_2&#8243; _builder_version=&#8221;4.17.4&#8243; _module_preset=&#8221;default&#8221; background_color=&#8221;RGBA(255,255,255,0)&#8221; global_colors_info=&#8221;{}&#8221;][et_pb_toggle title=&#8221;Avez-vous un code wifi ?&#8221; open_toggle_text_color=&#8221;#1d3079&#8243; _builder_version=&#8221;4.20.0&#8243; _module_preset=&#8221;4e06e59e-2a95-4ce0-b352-49a6f62f989e&#8221; title_text_color=&#8221;#1d3079&#8243; inline_fonts=&#8221;ABeeZee&#8221; global_colors_info=&#8221;{}&#8221; border_radii__hover_enabled=&#8221;off|desktop&#8221; border_radii__hover=&#8221;on|38px|38px|38px|38px&#8221;]<\/p>\n<p><span>Oui, le code est disponible \u00e0 la Capitainerie et il est gratuit pendant toute la dur\u00e9e de votre s\u00e9jour<\/span><\/p>\n<p>[\/et_pb_toggle][\/et_pb_column][\/et_pb_row][et_pb_row column_structure=&#8221;1_2,1_2&#8243; _builder_version=&#8221;4.17.4&#8243; _module_preset=&#8221;default&#8221; global_colors_info=&#8221;{}&#8221;][et_pb_column type=&#8221;1_2&#8243; _builder_version=&#8221;4.17.4&#8243; _module_preset=&#8221;default&#8221; background_color=&#8221;RGBA(255,255,255,0)&#8221; global_colors_info=&#8221;{}&#8221;][et_pb_toggle title=&#8221;Les sanitaires sont-ils ouverts 24h\/24 ?&#8221; _builder_version=&#8221;4.17.4&#8243; _module_preset=&#8221;4e06e59e-2a95-4ce0-b352-49a6f62f989e&#8221; body_text_color=&#8221;#1D3079&#8243; inline_fonts=&#8221;ABeeZee&#8221; global_colors_info=&#8221;{}&#8221; border_radii__hover_enabled=&#8221;off|desktop&#8221; border_radii__hover=&#8221;on|38px|38px|38px|38px&#8221;]<\/p>\n<p><span>Oui gr\u00e2ce au code d&#8217;acc\u00e8s disponible sur votre facture et valable pendant toute la dur\u00e9e de votre s\u00e9jour<\/span><\/p>\n<p>[\/et_pb_toggle][\/et_pb_column][et_pb_column type=&#8221;1_2&#8243; _builder_version=&#8221;4.17.4&#8243; _module_preset=&#8221;default&#8221; background_color=&#8221;RGBA(255,255,255,0)&#8221; global_colors_info=&#8221;{}&#8221;][et_pb_toggle title=&#8221;A quelle heure peut-on arriver au port ?&#8221; _builder_version=&#8221;4.17.4&#8243; _module_preset=&#8221;4e06e59e-2a95-4ce0-b352-49a6f62f989e&#8221; inline_fonts=&#8221;ABeeZee&#8221; global_colors_info=&#8221;{}&#8221; border_radii__hover_enabled=&#8221;off|desktop&#8221; border_radii__hover=&#8221;on|38px|38px|38px|38px&#8221;]<\/p>\n<p>Votre emplacement r\u00e9serv\u00e9 est disponible \u00e0 partir de 12h00 et doit \u00eatre lib\u00e9r\u00e9e \u00e0 12h00 le jour de votre d\u00e9part.\u00a0<\/p>\n<p class=\"ql-align-justify\">Vous pouvez contacter la Capitainerie si vous souhaitez vous pr\u00e9senter plus t\u00f4t ou lib\u00e9rer le poste plus tard, cela se fera en fonction de nos disponibilit\u00e9s.<\/p>\n<p>[\/et_pb_toggle][\/et_pb_column][\/et_pb_row][et_pb_row column_structure=&#8221;1_2,1_2&#8243; _builder_version=&#8221;4.17.4&#8243; _module_preset=&#8221;default&#8221; global_colors_info=&#8221;{}&#8221;][et_pb_column type=&#8221;1_2&#8243; _builder_version=&#8221;4.17.4&#8243; _module_preset=&#8221;default&#8221; background_color=&#8221;RGBA(255,255,255,0)&#8221; global_colors_info=&#8221;{}&#8221;][et_pb_toggle title=&#8221;Comment faire de l\u2019avitaillement en carburant ?&#8221; _builder_version=&#8221;4.17.4&#8243; _module_preset=&#8221;4e06e59e-2a95-4ce0-b352-49a6f62f989e&#8221; body_text_color=&#8221;#1D3079&#8243; inline_fonts=&#8221;ABeeZee&#8221; global_colors_info=&#8221;{}&#8221; border_radii__hover_enabled=&#8221;off|desktop&#8221; border_radii__hover=&#8221;on|38px|38px|38px|38px&#8221;]<\/p>\n<p><span>Vous pouvez contacter la station d\u2019avitaillement par t\u00e9l\u00e9phone ou sur le Canal VHF 6. Un automate Carte Bancaire est mis \u00e0 la disposition des usagers 24H\/7J .<\/span><\/p>\n<p>[\/et_pb_toggle][\/et_pb_column][et_pb_column type=&#8221;1_2&#8243; _builder_version=&#8221;4.17.4&#8243; _module_preset=&#8221;default&#8221; background_color=&#8221;RGBA(255,255,255,0)&#8221; global_colors_info=&#8221;{}&#8221;][\/et_pb_column][\/et_pb_row][\/et_pb_section][et_pb_section fb_built=&#8221;1&#8243; _builder_version=&#8221;4.20.0&#8243; _module_preset=&#8221;default&#8221; background_color=&#8221;#e8eae8&#8243; min_height=&#8221;auto&#8221; height=&#8221;auto&#8221; max_height=&#8221;none&#8221; custom_padding=&#8221;||3px||false|false&#8221; animation_style=&#8221;none&#8221; collapsed=&#8221;on&#8221; global_colors_info=&#8221;{}&#8221; global_module=&#8221;424&#8243; theme_builder_area=&#8221;post_content&#8221;][et_pb_row column_structure=&#8221;1_4,1_4,1_4,1_4&#8243; _builder_version=&#8221;4.20.0&#8243; _module_preset=&#8221;default&#8221; global_colors_info=&#8221;{}&#8221; theme_builder_area=&#8221;post_content&#8221;][et_pb_column type=&#8221;1_4&#8243; _builder_version=&#8221;4.17.4&#8243; _module_preset=&#8221;default&#8221; global_colors_info=&#8221;{}&#8221; theme_builder_area=&#8221;post_content&#8221;][et_pb_text _builder_version=&#8221;4.20.0&#8243; _module_preset=&#8221;default&#8221; text_text_color=&#8221;#1D3079&#8243; header_font=&#8221;Poppins|600|||||||&#8221; header_text_color=&#8221;#1D3079&#8243; global_colors_info=&#8221;{}&#8221; theme_builder_area=&#8221;post_content&#8221;]<\/p>\n<h1 style=\"text-align: center;\">Nous suivre<\/h1>\n<p>[\/et_pb_text][et_pb_social_media_follow _builder_version=&#8221;4.20.0&#8243; _module_preset=&#8221;default&#8221; global_colors_info=&#8221;{}&#8221; theme_builder_area=&#8221;post_content&#8221;][et_pb_social_media_follow_network social_network=&#8221;facebook&#8221; url=&#8221;https:\/\/www.facebook.com\/Bonifacio-Marina-178327605588172\/&#8221; _builder_version=&#8221;4.17.4&#8243; _module_preset=&#8221;default&#8221; background_color=&#8221;#3b5998&#8243; global_colors_info=&#8221;{}&#8221; theme_builder_area=&#8221;post_content&#8221;]facebook[\/et_pb_social_media_follow_network][et_pb_social_media_follow_network social_network=&#8221;linkedin&#8221; url=&#8221;https:\/\/www.linkedin.com\/showcase\/corsica-ports\/&#8221; _builder_version=&#8221;4.20.0&#8243; _module_preset=&#8221;default&#8221; background_color=&#8221;#007bb6&#8243; global_colors_info=&#8221;{}&#8221; theme_builder_area=&#8221;post_content&#8221;]linkedin[\/et_pb_social_media_follow_network][et_pb_social_media_follow_network social_network=&#8221;instagram&#8221; url=&#8221;https:\/\/www.instagram.com\/bonifaciomarina_off\/&#8221; _builder_version=&#8221;4.17.4&#8243; _module_preset=&#8221;default&#8221; background_color=&#8221;#ea2c59&#8243; global_colors_info=&#8221;{}&#8221; theme_builder_area=&#8221;post_content&#8221;]instagram[\/et_pb_social_media_follow_network][et_pb_social_media_follow_network social_network=&#8221;twitter&#8221; url=&#8221;https:\/\/x.com\/corsica_ports&#8221; _builder_version=&#8221;4.20.0&#8243; _module_preset=&#8221;default&#8221; background_color=&#8221;#00aced&#8221; global_colors_info=&#8221;{}&#8221; theme_builder_area=&#8221;post_content&#8221;]twitter[\/et_pb_social_media_follow_network][\/et_pb_social_media_follow][\/et_pb_column][et_pb_column type=&#8221;1_4&#8243; _builder_version=&#8221;4.17.4&#8243; _module_preset=&#8221;default&#8221; global_colors_info=&#8221;{}&#8221; theme_builder_area=&#8221;post_content&#8221;][et_pb_text _builder_version=&#8221;4.20.0&#8243; _module_preset=&#8221;default&#8221; text_text_color=&#8221;#1D3079&#8243; header_font=&#8221;Poppins|600|||||||&#8221; header_text_color=&#8221;#1D3079&#8243; width=&#8221;106.2%&#8221; global_colors_info=&#8221;{}&#8221; theme_builder_area=&#8221;post_content&#8221;]<\/p>\n<h1 style=\"text-align: center;\">Contact<\/h1>\n<p style=\"text-align: center;\">Mail :<br \/><a href=\"mailto:capitainerie.ajaccio@sudcorse.cci.fr\">capitainerie.ajaccio@sudcorse.cci.fr<\/a><\/p>\n<p style=\"text-align: center;\">T\u00e9l : +33(0)4 95 51 22 72<\/p>\n<p>[\/et_pb_text][\/et_pb_column][et_pb_column type=&#8221;1_4&#8243; _builder_version=&#8221;4.17.4&#8243; _module_preset=&#8221;default&#8221; global_colors_info=&#8221;{}&#8221; theme_builder_area=&#8221;post_content&#8221;][et_pb_text _builder_version=&#8221;4.17.4&#8243; _module_preset=&#8221;default&#8221; text_text_color=&#8221;#1D3079&#8243; header_font=&#8221;Poppins|600|||||||&#8221; header_text_color=&#8221;#1D3079&#8243; global_colors_info=&#8221;{}&#8221; theme_builder_area=&#8221;post_content&#8221;]<\/p>\n<h1>Liens utiles<\/h1>\n<p>[\/et_pb_text][et_pb_button button_url=&#8221;https:\/\/www.lesportscorses.com\/tino-rossi\/le-plan\/&#8221; url_new_window=&#8221;on&#8221; button_text=&#8221;Plan&#8221; button_alignment=&#8221;left&#8221; _builder_version=&#8221;4.20.0&#8243; _module_preset=&#8221;default&#8221; custom_button=&#8221;on&#8221; button_text_size=&#8221;14px&#8221; button_text_color=&#8221;#1D3079&#8243; button_use_icon=&#8221;off&#8221; background_layout=&#8221;dark&#8221; custom_margin=&#8221;-20px|0px|10px|0px|false|true&#8221; custom_padding=&#8221;0px|56px|0px|56px|true|true&#8221; global_colors_info=&#8221;{}&#8221; theme_builder_area=&#8221;post_content&#8221;][\/et_pb_button][et_pb_button button_url=&#8221;https:\/\/www.lesportscorses.com\/tino-rossi\/services-portuaires-2\/&#8221; url_new_window=&#8221;on&#8221; button_text=&#8221;Services portuaires&#8221; button_alignment=&#8221;left&#8221; _builder_version=&#8221;4.20.0&#8243; _module_preset=&#8221;default&#8221; custom_button=&#8221;on&#8221; button_text_size=&#8221;14px&#8221; button_text_color=&#8221;#1D3079&#8243; button_use_icon=&#8221;off&#8221; background_layout=&#8221;dark&#8221; custom_margin=&#8221;0px|0px|0px|0px|true|true&#8221; custom_padding=&#8221;0px|8px|0px|8px|true|true&#8221; global_colors_info=&#8221;{}&#8221; theme_builder_area=&#8221;post_content&#8221;][\/et_pb_button][et_pb_button button_url=&#8221;https:\/\/www.lesportscorses.com\/tino-rossi\/infos-utiles-en-mer\/&#8221; url_new_window=&#8221;on&#8221; button_text=&#8221;Infos utiles en mer&#8221; button_alignment=&#8221;left&#8221; _builder_version=&#8221;4.20.0&#8243; _module_preset=&#8221;default&#8221; custom_button=&#8221;on&#8221; button_text_size=&#8221;14px&#8221; button_text_color=&#8221;#1D3079&#8243; button_use_icon=&#8221;off&#8221; background_layout=&#8221;dark&#8221; custom_margin=&#8221;10px|0px|10px|0px|true|true&#8221; custom_padding=&#8221;0px|10px|0px|9px|true|false&#8221; global_colors_info=&#8221;{}&#8221; theme_builder_area=&#8221;post_content&#8221;][\/et_pb_button][\/et_pb_column][et_pb_column type=&#8221;1_4&#8243; _builder_version=&#8221;4.17.4&#8243; _module_preset=&#8221;default&#8221; global_colors_info=&#8221;{}&#8221; theme_builder_area=&#8221;post_content&#8221;][et_pb_text _builder_version=&#8221;4.17.4&#8243; _module_preset=&#8221;default&#8221; text_text_color=&#8221;#1D3079&#8243; header_font=&#8221;Poppins|600|||||||&#8221; header_text_color=&#8221;#1D3079&#8243; global_colors_info=&#8221;{}&#8221; theme_builder_area=&#8221;post_content&#8221;]<\/p>\n<h1>Labels et Certifications<\/h1>\n<p>[\/et_pb_text][et_pb_image src=&#8221;https:\/\/www.lesportscorses.com\/tino-rossi\/wp-content\/uploads\/2024\/08\/Capture-decran-2024-08-19-224351.png&#8221; title_text=&#8221;Capture d\u2019\u00e9cran 2024-08-19 224351&#8243; _builder_version=&#8221;4.20.0&#8243; _module_preset=&#8221;default&#8221; transform_scale=&#8221;93%|93%&#8221; custom_margin=&#8221;-30px||-30px||true|false&#8221; global_colors_info=&#8221;{}&#8221; theme_builder_area=&#8221;post_content&#8221;][\/et_pb_image][\/et_pb_column][\/et_pb_row][et_pb_row _builder_version=&#8221;4.20.0&#8243; _module_preset=&#8221;default&#8221; custom_padding=&#8221;||0px|||&#8221; global_colors_info=&#8221;{}&#8221; theme_builder_area=&#8221;post_content&#8221;][et_pb_column type=&#8221;4_4&#8243; _builder_version=&#8221;4.17.6&#8243; _module_preset=&#8221;default&#8221; global_colors_info=&#8221;{}&#8221; theme_builder_area=&#8221;post_content&#8221;][et_pb_text _builder_version=&#8221;4.20.0&#8243; _module_preset=&#8221;default&#8221; global_colors_info=&#8221;{}&#8221; theme_builder_area=&#8221;post_content&#8221;]<\/p>\n<p style=\"text-align: center;\">Le port Tino-Rossi est membre du r\u00e9seau<a href=\"https:\/\/www.lesportscorses.com\" target=\"_blank\" rel=\"noopener\"> Les Ports Corses<\/a>. Le 1er r\u00e9seau portuaire de l&#8217;\u00eele de Corse, oeuvrant pour la dynamisation des activit\u00e9s \u00e9conomiques locales et la protection du patrimoine environnemental corse.<\/p>\n<p>[\/et_pb_text][\/et_pb_column][\/et_pb_row][\/et_pb_section]<\/p>\n","protected":false},"excerpt":{"rendered":"<p>Une question ?Pour vous aider, voici les\u00a0questions fr\u00e9quentes pos\u00e9es par\u00a0les plaisanciers et visiteurs du port.Oui cependant nous vous recommandons de r\u00e9server directement via l&#8217;application les Ports Corses ou sur la centrale de r\u00e9servation http:\/\/www.resaportcorse.com\/?direct=1\u00a0Il n&#8217;est pas obligatoire de r\u00e9server cependant seule une r\u00e9servation peut vous assurer de disposer d&#8217;un emplacement \u00e0 votre arriv\u00e9e. Oui sur [&hellip;]<\/p>\n","protected":false},"author":3,"featured_media":0,"parent":0,"menu_order":0,"comment_status":"closed","ping_status":"closed","template":"page-template-blank.php","meta":{"_et_pb_use_builder":"on","_et_pb_old_content":"","_et_gb_content_width":"","footnotes":""},"class_list":["post-6","page","type-page","status-publish","hentry"],"_links":{"self":[{"href":"https:\/\/www.lesportscorses.com\/tino-rossi\/wp-json\/wp\/v2\/pages\/6","targetHints":{"allow":["GET"]}}],"collection":[{"href":"https:\/\/www.lesportscorses.com\/tino-rossi\/wp-json\/wp\/v2\/pages"}],"about":[{"href":"https:\/\/www.lesportscorses.com\/tino-rossi\/wp-json\/wp\/v2\/types\/page"}],"author":[{"embeddable":true,"href":"https:\/\/www.lesportscorses.com\/tino-rossi\/wp-json\/wp\/v2\/users\/3"}],"replies":[{"embeddable":true,"href":"https:\/\/www.lesportscorses.com\/tino-rossi\/wp-json\/wp\/v2\/comments?post=6"}],"version-history":[{"count":12,"href":"https:\/\/www.lesportscorses.com\/tino-rossi\/wp-json\/wp\/v2\/pages\/6\/revisions"}],"predecessor-version":[{"id":430,"href":"https:\/\/www.lesportscorses.com\/tino-rossi\/wp-json\/wp\/v2\/pages\/6\/revisions\/430"}],"wp:attachment":[{"href":"https:\/\/www.lesportscorses.com\/tino-rossi\/wp-json\/wp\/v2\/media?parent=6"}],"curies":[{"name":"wp","href":"https:\/\/api.w.org\/{rel}","templated":true}]}}